{"id":9,"date":"2025-06-23T10:54:25","date_gmt":"2025-06-23T10:54:25","guid":{"rendered":"https:\/\/www.traderclub42.info\/?page_id=9"},"modified":"2025-06-30T06:52:44","modified_gmt":"2025-06-30T03:52:44","slug":"neden-uye-olmalisiniz","status":"publish","type":"page","link":"https:\/\/www.traderclub42.info\/zh\/neden-uye-olmalisiniz\/","title":{"rendered":"\u4e3a\u4ec0\u4e48\u8981\u6210\u4e3a\u4f1a\u5458\uff1f"},"content":{"rendered":"<div data-elementor-type=\"wp-post\" data-elementor-id=\"9\" class=\"elementor elementor-9\" data-elementor-post-type=\"page\">\n\t\t\t\t<div class=\"elementor-element elementor-element-8449881 e-con-full e-flex e-con e-parent\" data-id=\"8449881\" data-element_type=\"container\" data-e-type=\"container\">\n\t\t\t\t<div class=\"elementor-element elementor-element-9200c3c elementor-widget elementor-widget-text-editor\" data-id=\"9200c3c\" data-element_type=\"widget\" data-e-type=\"widget\" data-widget_type=\"text-editor.default\">\n\t\t\t\t<div class=\"elementor-widget-container\">\n\t\t\t\t\t\t\t\t\t<h2 data-start=\"110\" data-end=\"164\"><img decoding=\"async\" class=\"emoji\" role=\"img\" draggable=\"false\" src=\"https:\/\/s.w.org\/images\/core\/emoji\/15.1.0\/svg\/1f4c5.svg\" alt=\"\ud83d\udcc5\" \/> <strong data-start=\"116\" data-end=\"164\">\u6bcf\u5468\u4e8c\u548c\u5468\u56db\u73b0\u573a\u4ea4\u6613<\/strong><\/h2>\n<p data-start=\"166\" data-end=\"266\"><img decoding=\"async\" class=\"emoji\" role=\"img\" draggable=\"false\" src=\"https:\/\/s.w.org\/images\/core\/emoji\/15.1.0\/svg\/2705.svg\" alt=\"\u2705\" \/> <strong data-start=\"168\" data-end=\"206\">\u514d\u8d39\uff0c\u6ca1\u6709\u53c2\u4e0e\u9650\u5236\u3002<\/strong><br data-start=\"206\" data-end=\"209\" \/><img decoding=\"async\" class=\"emoji\" role=\"img\" draggable=\"false\" src=\"https:\/\/s.w.org\/images\/core\/emoji\/15.1.0\/svg\/23f0.svg\" alt=\"\u23f0\" \/> \u5982\u679c\u64ad\u51fa\u65f6\u95f4\u6709\u53d8\uff0c\u5c06\u63d0\u524d\u516c\u5e03\u3002<\/p>\n<p data-start=\"268\" data-end=\"475\"><strong data-start=\"268\" data-end=\"325\">\u89c2\u770b\u6211\u4eec\u7ecf\u9a8c\u4e30\u5bcc\u7684\u4ea4\u6613\u5458\u7684\u5b9e\u65f6\u4ea4\u6613\u3002<\/strong><br data-start=\"325\" data-end=\"328\" \/>\u5b66\u4e60\u5b9e\u65f6\u98ce\u9669\u7ba1\u7406\uff0c\u9010\u6b65\u4e86\u89e3\u5f00\u4ed3\u6d41\u7a0b\uff0c\u7136\u540e\u76f4\u63a5\u5411\u6211\u4eec\u7684\u57f9\u8bad\u5e08\u63d0\u95ee\u3002<\/p>\n<hr data-start=\"477\" data-end=\"480\" \/>\n<h2 data-start=\"482\" data-end=\"529\"><img decoding=\"async\" class=\"emoji\" role=\"img\" draggable=\"false\" src=\"https:\/\/s.w.org\/images\/core\/emoji\/15.1.0\/svg\/1f381.svg\" alt=\"\ud83c\udf81\" \/> <strong data-start=\"488\" data-end=\"529\">\u6210\u4e3a\u514d\u8d39\u4f1a\u5458\u6709\u4ec0\u4e48\u597d\u5904\uff1f<\/strong><\/h2>\n<ul data-start=\"531\" data-end=\"1307\">\n<li data-start=\"531\" data-end=\"600\">\n<p data-start=\"533\" data-end=\"600\">\u6bcf\u5468 2 \u6b21\uff08\u5468\u4e8c\/\u5468\u56db\uff09\u00a0<strong data-start=\"547\" data-end=\"572\">\u771f\u5b9e\u5e02\u573a\u5206\u6790<\/strong> \u548c <strong data-start=\"576\" data-end=\"598\">\u73b0\u573a\u4ea4\u6613\u5e7f\u64ad\u3002<\/strong><\/p>\n<\/li>\n<li data-start=\"531\" data-end=\"600\">\n<p data-start=\"533\" data-end=\"600\"><b>ATAS<\/b> \u51c6\u5907 <b>\u5de5\u4f5c\u533a<\/b>,\u00a0<strong data-start=\"813\" data-end=\"834\">\u56fe\u8868\u6a21\u677f<\/strong> \u548c <b>\u4ea4\u6613<\/b><strong data-start=\"838\" data-end=\"865\">\u00a0\u8bbe\u7f6e<\/strong><span style=\"font-size: 17.6px;\">.<\/span><\/p>\n<\/li>\n<li data-start=\"660\" data-end=\"724\">\n<p data-start=\"662\" data-end=\"724\"><strong data-start=\"666\" data-end=\"691\">ATAS \u57fa\u7840\u57f9\u8bad\u89c6\u9891<\/strong> (\u5373\u5c06\u63a8\u51fa\uff09<\/p>\n<\/li>\n<li data-start=\"958\" data-end=\"1036\">\n<p data-start=\"960\" data-end=\"1036\"><strong data-start=\"960\" data-end=\"981\">\u8d38\u6613\u5fc3\u7406\u548c\u8d44\u672c\u7ba1\u7406\u00a0<\/strong><span data-start=\"960\" data-end=\"981\">\u6709\u5173\u4ee5\u4e0b\u65b9\u9762\u7684\u91cd\u8981\u8d44\u6e90<\/span><\/p>\n<\/li>\n<li data-start=\"1107\" data-end=\"1185\">\n<p data-start=\"1109\" data-end=\"1185\"><strong data-start=\"1109\" data-end=\"1137\">\u5982\u4f55\u901a\u8fc7\u9053\u5177\u8d26\u6237\uff1f\u00a0<\/strong>\u5173\u4e8e\u4ee5\u4e0b\u5185\u5bb9\u7684\u7279\u6b8a\u89c6\u9891\uff1a<\/p>\n<\/li>\n<li data-start=\"1186\" data-end=\"1240\">\n<p data-start=\"1188\" data-end=\"1240\">\u53ef\u901a\u8fc7 Telegram \u4e0e\u771f\u5b9e\u4ea4\u6613\u8005\u76f4\u63a5\u4ea4\u6d41\u3002<\/p>\n<\/li>\n<\/ul>\n<hr data-start=\"1309\" data-end=\"1312\" \/>\n<h2 data-start=\"1314\" data-end=\"1363\"><img decoding=\"async\" class=\"emoji\" role=\"img\" draggable=\"false\" src=\"https:\/\/s.w.org\/images\/core\/emoji\/15.1.0\/svg\/1f680.svg\" alt=\"\ud83d\ude80\" \/> <strong data-start=\"1320\" data-end=\"1363\">\u60a8\u5df2\u51c6\u5907\u597d\u5f00\u59cb\u7b2c\u4e00\u6b21\u5b9e\u65f6\u57f9\u8bad\uff01<\/strong><\/h2>\n<p data-start=\"1365\" data-end=\"1492\">\u4f60\u53ea\u9700\u8981\u4e00\u6837\u4e1c\u897f <strong data-start=\"1396\" data-end=\"1414\">ATAS \u5e73\u53f0<\/strong>.<br data-start=\"1415\" data-end=\"1418\" \/>\u5176\u4ed6\u4e00\u5207--\u57f9\u8bad\u3001\u5185\u5bb9\u3001\u652f\u6301 <strong data-start=\"1465\" data-end=\"1492\">\u6211\u4eec\u514d\u8d39\u63d0\u4f9b\u3002<\/strong><\/p>\n<hr data-start=\"1494\" data-end=\"1497\" \/>\n<h2 data-start=\"1499\" data-end=\"1523\"><img decoding=\"async\" class=\"emoji\" role=\"img\" draggable=\"false\" src=\"https:\/\/s.w.org\/images\/core\/emoji\/15.1.0\/svg\/1f514.svg\" alt=\"\ud83d\udd14\" \/> <strong data-start=\"1505\" data-end=\"1523\">\u8bf7\u4e0d\u8981\u5fd8\u8bb0<\/strong><\/h2>\n<p data-start=\"1525\" data-end=\"1682\">\u76ee\u6807 <strong data-start=\"1535\" data-end=\"1571\">\u57fa\u672c\u9762\u548c\u6280\u672f\u9762\u5e02\u573a\u5206\u6790<\/strong> \u4ee5\u6700\u7b80\u5355\u660e\u4e86\u7684\u65b9\u5f0f\u6559\u4f60\u3002<br data-start=\"1616\" data-end=\"1619\" \/>\u5728\u8fd9\u6761\u9053\u8def\u4e0a\uff0c\u4f60\u4eec\u4e0d\u4f1a\u5b64\u519b\u594b\u6218\uff0c\u6bcf\u4e00\u6b65\u6211\u4eec\u90fd\u4e0e\u4f60\u4eec\u540c\u5728\u3002<\/p>\n<hr data-start=\"1684\" data-end=\"1687\" \/>\n<h2 data-start=\"1689\" data-end=\"1718\"><img decoding=\"async\" class=\"emoji\" role=\"img\" draggable=\"false\" src=\"https:\/\/s.w.org\/images\/core\/emoji\/15.1.0\/svg\/2753.svg\" alt=\"\u2753\" \/> <strong data-start=\"1694\" data-end=\"1718\">\u4e3a\u4ec0\u4e48\u8981\u514d\u8d39\uff1f<\/strong><\/h2>\n<p data-start=\"1720\" data-end=\"1863\">\u56e0\u4e3a\u6211\u4eec\u662f <strong data-start=\"1730\" data-end=\"1763\">\u6211\u4eec\u76f8\u4fe1\u5171\u540c\u6210\u957f\u3002<\/strong><br data-start=\"1763\" data-end=\"1766\" \/>\u6211\u4eec\u7684\u76ee\u6807\u662f\u4ee5\u51c6\u786e\u7684\u4fe1\u606f\u3001\u5b9e\u7528\u7684\u6307\u5bfc\u548c\u8bda\u5b9e\u7684\u6001\u5ea6\u4e3a\u79ef\u6781\u8fdb\u53d6\u7684\u4eba\u4eec\u63d0\u4f9b\u652f\u6301\u3002<\/p>\n<ul data-start=\"1865\" data-end=\"2062\">\n<li data-start=\"1865\" data-end=\"1920\">\n<p data-start=\"1867\" data-end=\"1920\">\u6211\u4e00\u5f00\u59cb\u5c31\u544a\u8bc9\u4f60 <strong data-start=\"1891\" data-end=\"1907\">\u771f\u77e5<\/strong> \u6211\u4eec\u63d0\u4f9b<\/p>\n<\/li>\n<li data-start=\"1921\" data-end=\"1997\">\n<p data-start=\"1923\" data-end=\"1997\"><strong data-start=\"1923\" data-end=\"1944\">\u56e2\u961f\u5408\u4f5c<\/strong> \u6211\u4eec\u5171\u540c\u91cd\u89c6\u5e76\u5236\u5b9a\u6218\u7565\u3002<\/p>\n<\/li>\n<li data-start=\"1998\" data-end=\"2062\">\n<p data-start=\"2000\" data-end=\"2062\">\u4e5f\u8bb8\u6709\u4e00\u5929 <strong data-start=\"2014\" data-end=\"2062\">\u4f60\u5c06\u6210\u4e3a\u6211\u4eec\u56e2\u961f\u7684\u4e00\u5458\u3002<\/strong><\/p>\n<\/li>\n<\/ul>\n<hr data-start=\"2064\" data-end=\"2067\" \/>\n<h2 data-start=\"2069\" data-end=\"2100\"><img decoding=\"async\" class=\"emoji\" role=\"img\" draggable=\"false\" src=\"https:\/\/s.w.org\/images\/core\/emoji\/15.1.0\/svg\/1f4dd.svg\" alt=\"\ud83d\udcdd\" \/> <strong data-start=\"2075\" data-end=\"2100\">\u7acb\u5373\u514d\u8d39\u6ce8\u518c<\/strong><\/h2>\n<p data-start=\"2102\" data-end=\"2200\">\u4e3a\u60a8\u7684\u4e13\u4e1a\u4ea4\u6613\u4e4b\u65c5\u5f00\u542f\u4e00\u4e2a\u5f3a\u5927\u3001\u5b9e\u7528\u548c\u5145\u6ee1\u6d3b\u529b\u7684\u5f00\u7aef\u3002<br data-start=\"2173\" data-end=\"2176\" \/>\u673a\u4f1a\u5728\u7b49\u7740\u4f60\u3002<\/p>\t\t\t\t\t\t\t\t<\/div>\n\t\t\t\t<\/div>\n\t\t\t\t<div class=\"elementor-element elementor-element-d77107c elementor-widget elementor-widget-html\" data-id=\"d77107c\" data-element_type=\"widget\" data-e-type=\"widget\" data-widget_type=\"html.default\">\n\t\t\t\t<div class=\"elementor-widget-container\">\n\t\t\t\t\t\r\n<div class=\"wp-block-buttons animated animated-fadeInUp is-content-justification-center is-layout-flex wp-container-core-buttons-is-layout-c60033d9 wp-block-buttons-is-layout-flex\" style=\"margin-top:40px;margin-bottom:0px\">\r\n  \r\n  <div class=\"wp-block-button is-style-fill\">\r\n    <a class=\"wp-block-button__link has-text-align-left wp-element-button\" href=\"https:\/\/www.traderclub42.info\/zh\/uyelik-formu\/\">\u6210\u4e3a\u4f1a\u5458<\/a>\r\n  <\/div>\r\n  \r\n<\/div>\r\n\r\n\t\t\t\t<\/div>\n\t\t\t\t<\/div>\n\t\t\t\t<\/div>\n\t\t\t\t<\/div>","protected":false},"excerpt":{"rendered":"<p>Her Sal\u0131 ve Per\u015fembe: CANLI TRADE \u00dccretsiz ve kat\u0131l\u0131m s\u0131n\u0131r\u0131 yoktur. Yay\u0131n saatlerinde de\u011fi\u015fiklik olursa, \u00f6nceden duyurulur. Deneyimli trader\u2019lar\u0131m\u0131z\u0131n canl\u0131 i\u015flemlerini izleyin.Ger\u00e7ek zamanl\u0131 risk y\u00f6netimini \u00f6\u011frenin, pozisyon a\u00e7ma s\u00fcre\u00e7lerini ad\u0131m ad\u0131m takip edin ve ard\u0131ndan t\u00fcm sorular\u0131n\u0131z\u0131 do\u011frudan e\u011fitmenlerimize sorun. \u00dcCRETS\u0130Z \u00dcYEL\u0130KLE NELER KAZANIRSINIZ? Haftada 2 kez (Sal\u0131\/Per\u015fembe)\u00a0ger\u00e7ek piyasa analizi ve canl\u0131 i\u015flem yay\u0131n\u0131. ATAS [&hellip;]<\/p>\n","protected":false},"author":2,"featured_media":0,"parent":0,"menu_order":0,"comment_status":"closed","ping_status":"closed","template":"","meta":{"footnotes":""},"class_list":["post-9","page","type-page","status-publish","hentry"],"_links":{"self":[{"href":"https:\/\/www.traderclub42.info\/zh\/wp-json\/wp\/v2\/pages\/9","targetHints":{"allow":["GET"]}}],"collection":[{"href":"https:\/\/www.traderclub42.info\/zh\/wp-json\/wp\/v2\/pages"}],"about":[{"href":"https:\/\/www.traderclub42.info\/zh\/wp-json\/wp\/v2\/types\/page"}],"author":[{"embeddable":true,"href":"https:\/\/www.traderclub42.info\/zh\/wp-json\/wp\/v2\/users\/2"}],"replies":[{"embeddable":true,"href":"https:\/\/www.traderclub42.info\/zh\/wp-json\/wp\/v2\/comments?post=9"}],"version-history":[{"count":49,"href":"https:\/\/www.traderclub42.info\/zh\/wp-json\/wp\/v2\/pages\/9\/revisions"}],"predecessor-version":[{"id":337,"href":"https:\/\/www.traderclub42.info\/zh\/wp-json\/wp\/v2\/pages\/9\/revisions\/337"}],"wp:attachment":[{"href":"https:\/\/www.traderclub42.info\/zh\/wp-json\/wp\/v2\/media?parent=9"}],"curies":[{"name":"wp","href":"https:\/\/api.w.org\/{rel}","templated":true}]}}