{"id":813,"date":"2025-07-10T17:07:04","date_gmt":"2025-07-10T14:07:04","guid":{"rendered":"https:\/\/www.traderclub42.info\/?page_id=813"},"modified":"2025-07-20T15:12:22","modified_gmt":"2025-07-20T12:12:22","slug":"mentorluk-kayit-formu","status":"publish","type":"page","link":"https:\/\/www.traderclub42.info\/zh\/mentorluk-kayit-formu\/","title":{"rendered":"\u6307\u5bfc\u8ba1\u5212\u767b\u8bb0\u8868"},"content":{"rendered":"\t\t<div data-elementor-type=\"wp-post\" data-elementor-id=\"813\" class=\"elementor elementor-813\" data-elementor-post-type=\"page\">\n\t\t\t\t<div class=\"elementor-element elementor-element-468a8d1 e-flex e-con-boxed e-con e-parent\" data-id=\"468a8d1\" data-element_type=\"container\" data-e-type=\"container\">\n\t\t\t\t\t<div class=\"e-con-inner\">\n\t\t\t\t<div class=\"elementor-element elementor-element-0c11026 elementor-widget elementor-widget-wpforms\" data-id=\"0c11026\" data-element_type=\"widget\" data-e-type=\"widget\" data-widget_type=\"wpforms.default\">\n\t\t\t\t<div class=\"elementor-widget-container\">\n\t\t\t\t\t<style id=\"wpforms-css-vars-elementor-widget-0c11026\">\n\t\t\t\t.elementor-widget-wpforms.elementor-element-0c11026 {\n\t\t\t\t--wpforms-field-background-color: #F9FBFC;\n--wpforms-field-border-color: #6EC1E4;\n--wpforms-field-border-color-spare: #6EC1E4;\n--wpforms-field-text-color: #000000;\n--wpforms-label-color: #FFFFFF;\n--wpforms-label-sublabel-color: #FFFFFF8C;\n--wpforms-button-background-color: #ED683E;\n\t\t\t}\n\t\t\t<\/style><div class=\"wpforms-container wpforms-container-full wpforms-container-save-resume wpforms-render-modern\" id=\"wpforms-744\"><form id=\"wpforms-form-744\" class=\"wpforms-validate wpforms-form wpforms-ajax-form\" data-formid=\"744\" method=\"post\" enctype=\"multipart\/form-data\" action=\"\/zh\/wp-json\/wp\/v2\/pages\/813\" data-token=\"e0917ed95c7b370bbd56a59699eb848d\" data-token-time=\"1777825157\"><noscript class=\"wpforms-error-noscript\">\u8bf7\u5728\u6d4f\u89c8\u5668\u4e2d\u542f\u7528JavaScript\u6765\u5b8c\u6210\u6b64\u8868\u5355\u3002<\/noscript><div id=\"wpforms-error-noscript\" style=\"display: none;\">\u8bf7\u5728\u6d4f\u89c8\u5668\u4e2d\u542f\u7528JavaScript\u6765\u5b8c\u6210\u6b64\u8868\u5355\u3002<\/div><div class=\"wpforms-field-container\"><div id=\"wpforms-744-field_0-container\" class=\"wpforms-field wpforms-field-name\" data-field-id=\"0\"><fieldset><legend class=\"wpforms-field-label\">Ad\u0131n\u0131z ve Soyad\u0131n\u0131z <span class=\"wpforms-required-label\" aria-hidden=\"true\">*<\/span><\/legend><div class=\"wpforms-field-row wpforms-field-large\"><div class=\"wpforms-field-row-block wpforms-first wpforms-one-half\"><input type=\"text\" id=\"wpforms-744-field_0\" class=\"wpforms-field-name-first wpforms-field-required\" name=\"wpforms[fields][0][first]\" aria-errormessage=\"wpforms-744-field_0-error\" required><label for=\"wpforms-744-field_0\" class=\"wpforms-field-sublabel after wpforms-sublabel-hide\">\u524d\u4e00\u9875<\/label><\/div><div class=\"wpforms-field-row-block wpforms-one-half\"><input type=\"text\" id=\"wpforms-744-field_0-last\" class=\"wpforms-field-name-last wpforms-field-required\" name=\"wpforms[fields][0][last]\" aria-errormessage=\"wpforms-744-field_0-last-error\" required><label for=\"wpforms-744-field_0-last\" class=\"wpforms-field-sublabel after wpforms-sublabel-hide\">\u540e\u4e00\u9875<\/label><\/div><\/div><\/fieldset><\/div><div id=\"wpforms-744-field_3-container\" class=\"wpforms-field wpforms-field-layout\" data-field-id=\"3\"><div class=\"wpforms-field-layout-columns wpforms-field-layout-preset-50-50\"><div class=\"wpforms-layout-column wpforms-layout-column-50\" ><div id=\"wpforms-744-field_1-container\" class=\"wpforms-field wpforms-field-email\" data-field-id=\"1\"><label class=\"wpforms-field-label\" for=\"wpforms-744-field_1\">Email <span class=\"wpforms-required-label\" aria-hidden=\"true\">*<\/span><\/label><input type=\"email\" id=\"wpforms-744-field_1\" class=\"wpforms-field-medium wpforms-field-required\" name=\"wpforms[fields][1]\" spellcheck=\"false\" aria-errormessage=\"wpforms-744-field_1-error\" required><\/div><\/div><div class=\"wpforms-layout-column wpforms-layout-column-50\" ><div id=\"wpforms-744-field_4-container\" class=\"wpforms-field wpforms-field-phone\" data-field-id=\"4\"><label class=\"wpforms-field-label\" for=\"wpforms-744-field_4\">Telefon <span class=\"wpforms-required-label\" aria-hidden=\"true\">*<\/span><\/label><input type=\"tel\" id=\"wpforms-744-field_4\" class=\"wpforms-field-medium wpforms-field-required wpforms-smart-phone-field\" data-rule-smart-phone-field=\"true\" name=\"wpforms[fields][4]\" aria-label=\"Telefon\" aria-errormessage=\"wpforms-744-field_4-error\" required><\/div><\/div><\/div><\/div>\t\t<div id=\"wpforms-744-field_2-container\"\n\t\t\tclass=\"wpforms-field wpforms-field-text\"\n\t\t\tdata-field-type=\"text\"\n\t\t\tdata-field-id=\"2\"\n\t\t\t>\n\t\t\t<label class=\"wpforms-field-label\" for=\"wpforms-744-field_2\" >TX ID Layout<\/label>\n\t\t\t<input type=\"text\" id=\"wpforms-744-field_2\" class=\"wpforms-field-medium\" name=\"wpforms[fields][2]\" >\n\t\t<\/div>\n\t\t<div id=\"wpforms-744-field_16-container\" class=\"wpforms-field wpforms-field-content\" data-field-id=\"16\"><div id=\"wpforms-744-field_16\" class=\"wpforms-field-medium wpforms-field-row\" aria-errormessage=\"wpforms-744-field_16-error\"><h4>Ment\u00f6rl\u00fck Programlar\u0131m\u0131z<\/h4>\n<div class=\"wpforms-field-content-display-frontend-clear\"><\/div><\/div><\/div><div id=\"wpforms-744-field_30-container\" class=\"wpforms-field wpforms-field-layout\" data-field-id=\"30\"><div class=\"wpforms-field-layout-rows wpforms-field-large\"><div class=\"wpforms-layout-row\"><div class=\"wpforms-layout-column wpforms-layout-column-50\"><div id=\"wpforms-744-field_68-container\" class=\"wpforms-field wpforms-field-content wpforms-conditional-field wpforms-conditional-hide\" data-field-id=\"68\"><div id=\"wpforms-744-field_68\" class=\"wpforms-field-medium wpforms-field-row\" aria-errormessage=\"wpforms-744-field_68-error\"><h3><img decoding=\"async\" class=\"emoji\" src=\"https:\/\/s.w.org\/images\/core\/emoji\/15.1.0\/svg\/1f7e6.svg\" alt=\"\ud83d\udfe6\" \/> <strong>Grup Ment\u00f6rl\u00fck<br \/>\n<\/strong><\/h3>\n<p><img decoding=\"async\" class=\"emoji\" src=\"https:\/\/s.w.org\/images\/core\/emoji\/15.1.0\/svg\/1f539.svg\" alt=\"\ud83d\udd39\" \/>\u00a0<strong>Kat\u0131l\u0131mc\u0131 Say\u0131s\u0131:<\/strong> Min.10, max.15 ki\u015fi<br \/>\n<img decoding=\"async\" class=\"emoji\" src=\"https:\/\/s.w.org\/images\/core\/emoji\/15.1.0\/svg\/1f539.svg\" alt=\"\ud83d\udd39\" \/>\u00a0<strong>S\u00fcre:<\/strong> 3 ay \/ 50 saat<br \/>\n<img decoding=\"async\" class=\"emoji\" src=\"https:\/\/s.w.org\/images\/core\/emoji\/15.1.0\/svg\/1f539.svg\" alt=\"\ud83d\udd39\" \/> <strong>E\u011fitim \u015eekli:<\/strong> Zoom<br \/>\n<img decoding=\"async\" class=\"emoji\" src=\"https:\/\/s.w.org\/images\/core\/emoji\/15.1.0\/svg\/1f539.svg\" alt=\"\ud83d\udd39\" \/>\u00a0<strong>E\u011fitim Dili:<\/strong>\u00a0T\u00fcrk\u00e7e ve Almanca<br \/>\n<img decoding=\"async\" class=\"emoji\" src=\"https:\/\/s.w.org\/images\/core\/emoji\/15.1.0\/svg\/1f539.svg\" alt=\"\ud83d\udd39\" \/> <strong>\u00dccret:<\/strong> 3.500 USD \/ Pe\u015fin<br \/>\n\ud83d\udd39 <strong>\u00dccret:<\/strong> 3.900 USD \/ 3 Ay Taksit<\/p>\n<p>Bu program; hacim analizi, ATAS platformu, risk y\u00f6netimi, strateji geli\u015ftirme ve i\u015flem psikolojisi gibi t\u00fcm temel ve ileri seviye ba\u015fl\u0131klar\u0131 kapsayan\u00a0<strong>yo\u011fun ve sistemli bir e\u011fitim s\u00fcreci<\/strong>\u00a0sunar. Grup \u00e7al\u0131\u015fmas\u0131 sayesinde di\u011fer kat\u0131l\u0131mc\u0131larla etkile\u015fim i\u00e7inde geli\u015fim sa\u011flars\u0131n\u0131z.<\/p>\n<div class=\"wpforms-field-content-display-frontend-clear\"><\/div><\/div><\/div><\/div><div class=\"wpforms-layout-column wpforms-layout-column-50\"><div id=\"wpforms-744-field_69-container\" class=\"wpforms-field wpforms-field-content wpforms-conditional-field wpforms-conditional-hide\" data-field-id=\"69\"><div id=\"wpforms-744-field_69\" class=\"wpforms-field-medium wpforms-field-row\" aria-errormessage=\"wpforms-744-field_69-error\"><h3>\ud83d\udfe8 <strong>Birebir Ment\u00f6rl\u00fck<\/strong><\/h3>\n<p>\ud83d\udd39 <strong>Kat\u0131l\u0131mc\u0131 Say\u0131s\u0131:<\/strong> 1<br \/>\n\ud83d\udd39 <strong>S\u00fcre:<\/strong> 6 ay \/ 100+ saat<br \/>\n\ud83d\udd39 <strong>E\u011fitim \u015eekli:<\/strong> Zoom<br \/>\n\ud83d\udd39 <strong>E\u011fitim Dili:<\/strong> T\u00fcrk\u00e7e ve Almanca<br \/>\n\ud83d\udd39 <strong>\u00dccret:<\/strong> 7.000 USD \/ Pe\u015fin<br \/>\n\ud83d\udd39 <strong>\u00dccret:<\/strong> 7.500 USD \/ 3 Ay Taksit<\/p>\n<p>Bu \u00f6zel mentorluk s\u00fcrecinde,\u00a0<strong>ki\u015fisel program\u0131n\u0131za ve \u00f6\u011frenme h\u0131z\u0131n\u0131za g\u00f6re<\/strong>\u00a0\u015fekillenen, derinlemesine ve uygulamal\u0131 bir e\u011fitim al\u0131rs\u0131n\u0131z. T\u00fcm dersler birebir oldu\u011fu i\u00e7in, hedeflerinize \u00f6zel olarak ment\u00f6r\u00fcn\u00fczle birlikte yol al\u0131rs\u0131n\u0131z.<\/p>\n<div class=\"wpforms-field-content-display-frontend-clear\"><\/div><\/div><\/div><\/div><\/div><div class=\"wpforms-layout-row\"><div class=\"wpforms-layout-column wpforms-layout-column-50\"><div id=\"wpforms-744-field_38-container\" class=\"wpforms-field wpforms-field-payment-select wpforms-conditional-field wpforms-conditional-hide wpforms-conditional-trigger wpforms-field-select-style-modern\" data-field-id=\"38\"><label class=\"wpforms-field-label\" for=\"wpforms-744-field_38\">\u00d6deme Y\u00f6ntemi<\/label><select id=\"wpforms-744-field_38\" class=\"wpforms-payment-price wpforms-field-medium choicesjs-select\" data-size-class=\"wpforms-field-row wpforms-field-medium\" data-search-enabled=\"\" name=\"wpforms[fields][38]\"><option value=\"\" class=\"placeholder\" disabled  selected='selected'>--- L\u00fctfen Se\u00e7iminizi Yap\u0131n\u0131z ---<\/option><option value=\"1\" data-amount=\"3,500.00\" data-custom-properties=\"3,500.00\" >Kripto ile pe\u015fin \u00f6deme - &#036;3,500.00<\/option><option value=\"2\" data-amount=\"3,900.00\" data-custom-properties=\"3,900.00\" >Kredi kart\u0131 ile 3 taksit \u00f6deme - &#036;3,900.00<\/option><\/select><\/div><\/div><div class=\"wpforms-layout-column wpforms-layout-column-50\"><div id=\"wpforms-744-field_65-container\" class=\"wpforms-field wpforms-field-payment-select wpforms-conditional-field wpforms-conditional-hide wpforms-conditional-trigger wpforms-field-select-style-modern\" data-field-id=\"65\"><label class=\"wpforms-field-label\" for=\"wpforms-744-field_65\">\u00d6deme Y\u00f6ntemi<\/label><select id=\"wpforms-744-field_65\" class=\"wpforms-payment-price wpforms-field-medium choicesjs-select\" data-size-class=\"wpforms-field-row wpforms-field-medium\" data-search-enabled=\"\" name=\"wpforms[fields][65]\"><option value=\"\" class=\"placeholder\" disabled  selected='selected'>--- L\u00fctfen Se\u00e7iminizi Yap\u0131n\u0131z ---<\/option><option value=\"1\" data-amount=\"7,000.00\" data-custom-properties=\"7,000.00\" >Kripto ile pe\u015fin \u00f6deme - &#036;7,000.00<\/option><option value=\"2\" data-amount=\"7,500.00\" data-custom-properties=\"7,500.00\" >Kredi kart\u0131 ile 3 taksit \u00f6deme - &#036;7,500.00<\/option><\/select><\/div><\/div><\/div><div class=\"wpforms-layout-row\"><div class=\"wpforms-layout-column wpforms-layout-column-50\"><div id=\"wpforms-744-field_42-container\" class=\"wpforms-field wpforms-field-payment-total wpforms-conditional-field wpforms-conditional-hide wpforms-field-medium\" data-field-id=\"42\" aria-live=\"polite\" aria-atomic=\"true\"><label class=\"wpforms-field-label\">Toplam<\/label><div class=\"wpforms-payment-total\" style=\"\">&#036;0.00<\/div><input type=\"hidden\" id=\"wpforms-744-field_42\" class=\"wpforms-field-medium wpforms-payment-total\" name=\"wpforms[fields][42]\" value=\"0\" aria-describedby=\"wpforms-744-field_42-description\"><div id=\"wpforms-744-field_42-description\" class=\"wpforms-field-description\">\u00d6demelerinizi TRC20 Tron a\u011f\u0131 \u00fczerinden USDT olarak yapabilirsiniz. Veya Stripe \u00fczerinden kredi kart\u0131n\u0131zla 3 taksit \u00f6deyebilirsiniz.<\/div><\/div><\/div><div class=\"wpforms-layout-column wpforms-layout-column-50\"><div id=\"wpforms-744-field_66-container\" class=\"wpforms-field wpforms-field-payment-total wpforms-conditional-field wpforms-conditional-hide wpforms-field-medium\" data-field-id=\"66\" aria-live=\"polite\" aria-atomic=\"true\"><label class=\"wpforms-field-label\">Toplam<\/label><div class=\"wpforms-payment-total\" style=\"\">&#036;0.00<\/div><input type=\"hidden\" id=\"wpforms-744-field_66\" class=\"wpforms-field-medium wpforms-payment-total\" name=\"wpforms[fields][66]\" value=\"0\" aria-describedby=\"wpforms-744-field_66-description\"><div id=\"wpforms-744-field_66-description\" class=\"wpforms-field-description\">\u00d6demelerinizi TRC20 Tron a\u011f\u0131 \u00fczerinden USDT olarak yapabilirsiniz. Veya Stripe \u00fczerinden kredi kart\u0131n\u0131zla 3 taksit \u00f6deyebilirsiniz.<\/div><\/div><\/div><\/div><\/div><\/div><div id=\"wpforms-744-field_45-container\" class=\"wpforms-field wpforms-field-layout\" data-field-id=\"45\"><div class=\"wpforms-field-layout-columns wpforms-field-layout-preset-50-50\"><div class=\"wpforms-layout-column wpforms-layout-column-50\" ><div id=\"wpforms-744-field_55-container\" class=\"wpforms-field wpforms-field-content wpforms-conditional-field wpforms-conditional-hide\" data-field-id=\"55\"><div id=\"wpforms-744-field_55\" class=\"wpforms-field-medium wpforms-field-row\" aria-errormessage=\"wpforms-744-field_55-error\"><h4><img decoding=\"async\" class=\"alignnone size-full wp-image-958\" src=\"https:\/\/www.traderclub42.info\/wp-content\/uploads\/2025\/07\/usdt-trc20-logo-1.png\" alt=\"\" width=\"201\" height=\"75\" srcset=\"https:\/\/www.traderclub42.info\/wp-content\/uploads\/2025\/07\/usdt-trc20-logo-1.png 201w, https:\/\/www.traderclub42.info\/wp-content\/uploads\/2025\/07\/usdt-trc20-logo-1-18x7.png 18w\" sizes=\"(max-width: 201px) 100vw, 201px\" \/><\/h4>\n<h4><img decoding=\"async\" class=\"alignnone size-full wp-image-955\" src=\"https:\/\/www.traderclub42.info\/wp-content\/uploads\/2025\/07\/qr1.png\" alt=\"\" width=\"201\" height=\"201\" srcset=\"https:\/\/www.traderclub42.info\/wp-content\/uploads\/2025\/07\/qr1.png 201w, https:\/\/www.traderclub42.info\/wp-content\/uploads\/2025\/07\/qr1-150x150.png 150w, https:\/\/www.traderclub42.info\/wp-content\/uploads\/2025\/07\/qr1-12x12.png 12w\" sizes=\"(max-width: 201px) 100vw, 201px\" \/><\/h4>\n<pre>TJfwhTgiEtk4B4LDQsVVVVxxPPzHy7CCnX\n<\/pre>\n<div class=\"wpforms-field-content-display-frontend-clear\"><\/div><\/div><\/div><div id=\"wpforms-744-field_76-container\" class=\"wpforms-field wpforms-field-content wpforms-conditional-field wpforms-conditional-hide\" data-field-id=\"76\"><div id=\"wpforms-744-field_76\" class=\"wpforms-field-medium wpforms-field-row\" aria-errormessage=\"wpforms-744-field_76-error\"><h4><\/h4>\n<p>Kredi kart\u0131 ile 3 taksit \u00f6deme<\/p>\n<div class=\"wpforms-field-content-display-frontend-clear\"><\/div><\/div><\/div><div id=\"wpforms-744-field_74-container\" class=\"wpforms-field wpforms-field-html wpforms-conditional-field wpforms-conditional-hide\" data-field-id=\"74\"><div id=\"wpforms-744-field_74\" aria-errormessage=\"wpforms-744-field_74-error\"><script async\r\n  src=\"https:\/\/js.stripe.com\/v3\/buy-button.js\">\r\n<\/script>\r\n\r\n<stripe-buy-button\r\n  buy-button-id=\"buy_btn_1RmuIqGKKNilqU7IgtSTVmWt\"\r\n  publishable-key=\"pk_live_51RialLGKKNilqU7IQTP8dFzVtOK1ImSeQbbt9wnW2f3x9a5a933HiEGJDWn6FyvyX9wr4hhBjo62nsuL7a4nL0lk00DXTXH59V\">\r\n<\/stripe-buy-button><\/div><\/div><\/div><div class=\"wpforms-layout-column wpforms-layout-column-50\" ><div id=\"wpforms-744-field_58-container\" class=\"wpforms-field wpforms-field-content wpforms-conditional-field wpforms-conditional-hide\" data-field-id=\"58\"><div id=\"wpforms-744-field_58\" class=\"wpforms-field-medium wpforms-field-row\" aria-errormessage=\"wpforms-744-field_58-error\"><h4><img decoding=\"async\" class=\"alignnone size-full wp-image-958\" src=\"https:\/\/www.traderclub42.info\/wp-content\/uploads\/2025\/07\/usdt-trc20-logo-1.png\" alt=\"\" width=\"201\" height=\"75\" srcset=\"https:\/\/www.traderclub42.info\/wp-content\/uploads\/2025\/07\/usdt-trc20-logo-1.png 201w, https:\/\/www.traderclub42.info\/wp-content\/uploads\/2025\/07\/usdt-trc20-logo-1-18x7.png 18w\" sizes=\"(max-width: 201px) 100vw, 201px\" \/><\/h4>\n<h4><img decoding=\"async\" class=\"alignnone wp-image-955 size-full\" src=\"https:\/\/www.traderclub42.info\/wp-content\/uploads\/2025\/07\/birebir-1.png\" alt=\"\" width=\"201\" height=\"201\" \/><\/h4>\n<pre>TUzFS7QFAc2qrM1wY7XwrNH7EgNXFBfFco<\/pre>\n<div class=\"wpforms-field-content-display-frontend-clear\"><\/div><\/div><\/div><div id=\"wpforms-744-field_77-container\" class=\"wpforms-field wpforms-field-content wpforms-conditional-field wpforms-conditional-hide\" data-field-id=\"77\"><div id=\"wpforms-744-field_77\" class=\"wpforms-field-medium wpforms-field-row\" aria-errormessage=\"wpforms-744-field_77-error\"><h4><\/h4>\n<p>Kredi kart\u0131 ile 3 taksit \u00f6deme<\/p>\n<div class=\"wpforms-field-content-display-frontend-clear\"><\/div><\/div><\/div><div id=\"wpforms-744-field_75-container\" class=\"wpforms-field wpforms-field-html wpforms-conditional-field wpforms-conditional-hide\" data-field-id=\"75\"><div id=\"wpforms-744-field_75\" aria-errormessage=\"wpforms-744-field_75-error\"><script async\r\n  src=\"https:\/\/js.stripe.com\/v3\/buy-button.js\">\r\n<\/script>\r\n\r\n<stripe-buy-button\r\n  buy-button-id=\"buy_btn_1RmuSeGKKNilqU7IsVdh7Zxu\"\r\n  publishable-key=\"pk_live_51RialLGKKNilqU7IQTP8dFzVtOK1ImSeQbbt9wnW2f3x9a5a933HiEGJDWn6FyvyX9wr4hhBjo62nsuL7a4nL0lk00DXTXH59V\">\r\n<\/stripe-buy-button><\/div><\/div><\/div><\/div><\/div><div id=\"wpforms-744-field_54-container\" class=\"wpforms-field wpforms-field-text wpforms-conditional-field wpforms-conditional-hide\" data-field-id=\"54\"><label class=\"wpforms-field-label\" for=\"wpforms-744-field_54\">TX ID<\/label><input type=\"text\" id=\"wpforms-744-field_54\" class=\"wpforms-field-large\" name=\"wpforms[fields][54]\" aria-errormessage=\"wpforms-744-field_54-error\" aria-describedby=\"wpforms-744-field_54-description\" ><div id=\"wpforms-744-field_54-description\" class=\"wpforms-field-description\">L\u00fctfen kripto \u00f6demeniz sonras\u0131nda size verilen TX ID 'yi giriniz.<\/div><\/div><div id=\"wpforms-744-field_50-container\" class=\"wpforms-field wpforms-field-content\" data-field-id=\"50\"><div id=\"wpforms-744-field_50\" class=\"wpforms-field-large wpforms-field-row\" aria-errormessage=\"wpforms-744-field_50-error\"><h4>\u00d6deme yapmadan ve bir sonraki a\u015famada bulunan <span style=\"text-decoration:underline\">Gizlilik S\u00f6zle\u015fmesini<\/span> imzalamadan kayd\u0131n\u0131z\u0131n kabul edilmeyece\u011fini l\u00fctfen unutmay\u0131n\u0131z.!<\/h4>\n<p>\u00d6demenizi tamamlad\u0131ktan sonra l\u00fctfen \"<strong>KAYIT OL<\/strong>\" tu\u015funa basarak gizlilik s\u00f6zle\u015fmesi a\u015famas\u0131na ge\u00e7iniz.<\/p>\n<p>\u00d6deme ad\u0131m\u0131nda sorun ya\u015faman\u0131z durumunda l\u00fctfen bizimle ileti\u015fime ge\u00e7iniz.<\/p>\n<div class=\"wpforms-field-content-display-frontend-clear\"><\/div><\/div><\/div><script>\n\t\t\t\t( function() {\n\t\t\t\t\tconst style = document.createElement( 'style' );\n\t\t\t\t\tstyle.appendChild( document.createTextNode( '#wpforms-744-field_2-container { position: absolute !important; overflow: hidden !important; display: inline !important; height: 1px !important; width: 1px !important; z-index: -1000 !important; padding: 0 !important; } #wpforms-744-field_2-container input { visibility: hidden; } #wpforms-conversational-form-page #wpforms-744-field_2-container label { counter-increment: none; }' ) );\n\t\t\t\t\tdocument.head.appendChild( style );\n\t\t\t\t\tdocument.currentScript?.remove();\n\t\t\t\t} )();\n\t\t\t<\/script><\/div><!-- .wpforms-field-container --><div class=\"wpforms-submit-container\" ><input type=\"hidden\" name=\"wpforms[id]\" value=\"744\"><input type=\"hidden\" name=\"page_title\" value=\"\"><input type=\"hidden\" name=\"page_url\" value=\"https:\/\/www.traderclub42.info\/zh\/wp-json\/wp\/v2\/pages\/813\"><input type=\"hidden\" name=\"url_referer\" value=\"\"><button type=\"submit\" name=\"wpforms[submit]\" id=\"wpforms-submit-744\" class=\"wpforms-submit\" data-alt-text=\"G\u00f6nderiliyor...\" data-submit-text=\"KAYIT OL\" aria-live=\"assertive\" value=\"wpforms-submit\">KAYIT OL<\/button><img loading=\"lazy\" decoding=\"async\" src=\"https:\/\/www.traderclub42.info\/wp-content\/plugins\/wpforms\/assets\/images\/submit-spin.svg\" class=\"wpforms-submit-spinner\" style=\"display: none;\" width=\"26\" height=\"26\" alt=\"\u52a0\u8f7d\"><\/div><\/form><\/div>  <!-- .wpforms-container -->\t\t\t\t<\/div>\n\t\t\t\t<\/div>\n\t\t\t\t\t<\/div>\n\t\t\t\t<\/div>\n\t\t\t\t<\/div>\n\t\t","protected":false},"excerpt":{"rendered":"<p>Please enable JavaScript in your browser to complete this form.Please enable JavaScript in your browser to complete this form. Ad\u0131n\u0131z ve Soyad\u0131n\u0131z * FirstLast Email *Telefon * Ment\u00f6rl\u00fck Programlar\u0131m\u0131z Grup Ment\u00f6rl\u00fck \u00a0Kat\u0131l\u0131mc\u0131 Say\u0131s\u0131: Min.10, max.20 ki\u015fi \u00a0S\u00fcre: 3 ay \/ 50 saat E\u011fitim \u015eekli: Zoom \u00a0E\u011fitim Dili:\u00a0T\u00fcrk\u00e7e ve Almanca \u00dccret: 3.500 USD \/ Pe\u015fin \ud83d\udd39 [&hellip;]<\/p>\n","protected":false},"author":2,"featured_media":0,"parent":0,"menu_order":0,"comment_status":"closed","ping_status":"closed","template":"","meta":{"footnotes":""},"class_list":["post-813","page","type-page","status-publish","hentry"],"_links":{"self":[{"href":"https:\/\/www.traderclub42.info\/zh\/wp-json\/wp\/v2\/pages\/813","targetHints":{"allow":["GET"]}}],"collection":[{"href":"https:\/\/www.traderclub42.info\/zh\/wp-json\/wp\/v2\/pages"}],"about":[{"href":"https:\/\/www.traderclub42.info\/zh\/wp-json\/wp\/v2\/types\/page"}],"author":[{"embeddable":true,"href":"https:\/\/www.traderclub42.info\/zh\/wp-json\/wp\/v2\/users\/2"}],"replies":[{"embeddable":true,"href":"https:\/\/www.traderclub42.info\/zh\/wp-json\/wp\/v2\/comments?post=813"}],"version-history":[{"count":10,"href":"https:\/\/www.traderclub42.info\/zh\/wp-json\/wp\/v2\/pages\/813\/revisions"}],"predecessor-version":[{"id":1298,"href":"https:\/\/www.traderclub42.info\/zh\/wp-json\/wp\/v2\/pages\/813\/revisions\/1298"}],"wp:attachment":[{"href":"https:\/\/www.traderclub42.info\/zh\/wp-json\/wp\/v2\/media?parent=813"}],"curies":[{"name":"wp","href":"https:\/\/api.w.org\/{rel}","templated":true}]}}