{"id":116,"date":"2025-06-23T13:55:38","date_gmt":"2025-06-23T13:55:38","guid":{"rendered":"https:\/\/www.traderclub42.info\/?page_id=116"},"modified":"2025-06-23T15:28:42","modified_gmt":"2025-06-23T15:28:42","slug":"atas-egitimi","status":"publish","type":"page","link":"https:\/\/www.traderclub42.info\/zh\/atas-egitimi\/","title":{"rendered":"\u963f\u5854\u65af\u5e73\u53f0\u57f9\u8bad"},"content":{"rendered":"<div data-elementor-type=\"wp-post\" data-elementor-id=\"116\" class=\"elementor elementor-116\" data-elementor-post-type=\"page\">\n\t\t\t\t<div class=\"elementor-element elementor-element-8449881 e-con-full e-flex e-con e-parent\" data-id=\"8449881\" data-element_type=\"container\" data-e-type=\"container\">\n\t\t\t\t<div class=\"elementor-element elementor-element-9200c3c elementor-widget elementor-widget-text-editor\" data-id=\"9200c3c\" data-element_type=\"widget\" data-e-type=\"widget\" data-widget_type=\"text-editor.default\">\n\t\t\t\t<div class=\"elementor-widget-container\">\n\t\t\t\t\t\t\t\t\t<h2 data-start=\"180\" data-end=\"230\">\ud83d\udcca <strong data-start=\"186\" data-end=\"230\">\u5373\u5c06\u63a8\u51faATAS \u5e73\u53f0\u57f9\u8bad\u5f00\u59cb\uff01<\/strong><\/h2>\n<p data-start=\"232\" data-end=\"328\">\u4e0d\u662f\u6765\u81ea\u5e02\u573a\u7684\u8868\u9762\u3001 <strong data-start=\"257\" data-end=\"287\">\u6df1\u5165\u5206\u6790<\/strong> \u60f3\u8981\u53c2\u52a0\u7684\u4eba\u53ef\u4ee5\u53c2\u52a0\u7279\u522b\u57f9\u8bad\uff01<\/p>\n<p data-start=\"330\" data-end=\"467\">\u4f5c\u4e3a\u4ea4\u6613\u8005\u4ff1\u4e50\u90e8 42\uff0c\u6211\u4eec\u5c06\u63a8\u51fa <strong data-start=\"383\" data-end=\"408\">ATAS \u5e73\u53f0\u57f9\u8bad<\/strong> \u6211\u4eec\u4e3a\u60a8\u63d0\u4f9b\u4e13\u4e1a\u6c34\u5e73\u7684\u97f3\u91cf\u5206\u6790\u3002<\/p>\n<hr data-start=\"469\" data-end=\"472\" \/>\n<h3 data-start=\"474\" data-end=\"518\">\ud83c\udfaf <strong data-start=\"481\" data-end=\"518\">\u60a8\u5c06\u5728\u57f9\u8bad\u4e2d\u5b66\u5230\u4ec0\u4e48\uff1f<\/strong><\/h3>\n<ul data-start=\"520\" data-end=\"922\">\n<li data-start=\"520\" data-end=\"562\">\n<p data-start=\"522\" data-end=\"562\"><strong data-start=\"522\" data-end=\"560\">\u6709\u6548\u5229\u7528 ATAS \u5e73\u53f0<\/strong><\/p>\n<\/li>\n<li data-start=\"563\" data-end=\"619\">\n<p data-start=\"565\" data-end=\"619\">\u5b9e\u65f6 <strong data-start=\"580\" data-end=\"610\">\u8ba2\u5355\u6d41<\/strong> \u8ffd\u8e2a<\/p>\n<\/li>\n<li data-start=\"620\" data-end=\"680\">\n<p data-start=\"622\" data-end=\"680\"><strong data-start=\"622\" data-end=\"646\">\u8db3\u8ff9\u56fe\u5f62<\/strong> \u770b\u5230\u8721\u70db\u80cc\u540e\u7684\u4f53\u79ef<\/p>\n<\/li>\n<li data-start=\"681\" data-end=\"784\">\n<p data-start=\"683\" data-end=\"784\"><strong data-start=\"683\" data-end=\"701\">\u6570\u91cf\u6982\u51b5<\/strong>, <strong data-start=\"703\" data-end=\"721\">\u5e02\u573a\u6982\u51b5<\/strong>, <strong data-start=\"723\" data-end=\"740\">\u4e09\u89d2\u6d32\u5206\u6790<\/strong> \u5229\u7528\u4e13\u4e1a\u5de5\u5177\u8fdb\u884c\u4ea4\u6613\u89c4\u5212\uff0c\u4f8b\u5982<\/p>\n<\/li>\n<li data-start=\"785\" data-end=\"825\">\n<p data-start=\"787\" data-end=\"825\">\u5e02\u573a\u7ed3\u6784\u6df1\u5ea6\u89e3\u8bfb\u6280\u672f<\/p>\n<\/li>\n<li data-start=\"826\" data-end=\"878\">\n<p data-start=\"828\" data-end=\"878\">\u9605\u8bfb\u548c\u5206\u6790\u673a\u6784\u6295\u8d44\u8005\u75d5\u8ff9<\/p>\n<\/li>\n<li data-start=\"879\" data-end=\"922\">\n<p data-start=\"881\" data-end=\"922\">\u4ee5\u5b9e\u4f8b\u8bf4\u660e\u6218\u7565\u5236\u5b9a<\/p>\n<\/li>\n<\/ul>\n<hr data-start=\"924\" data-end=\"927\" \/>\n<h3 data-start=\"929\" data-end=\"951\">\ud83e\udde0 <strong data-start=\"936\" data-end=\"951\">\u4e3a\u4ec0\u4e48\u9009\u62e9 ATAS\uff1f<\/strong><\/h3>\n<p data-start=\"953\" data-end=\"1210\">ATAS \u63d0\u4f9b\u7684\u4e0d\u4ec5\u4ec5\u662f\u666e\u901a\u56fe\u5f62\u3002 <strong data-start=\"997\" data-end=\"1071\">\u5b83\u663e\u793a\u4e86\u4ef7\u683c\u80cc\u540e\u7684\u771f\u6b63\u529b\u91cf\uff0c\u5373\u4ea4\u6613\u91cf\u548c\u6d41\u52a8\u6027\u3002<\/strong><br data-start=\"1071\" data-end=\"1074\" \/>\u5b8c\u6210\u57f9\u8bad\u540e\uff0c\u60a8\u5c06\u80fd\u591f\u5206\u6790\u5e02\u573a\u52a8\u5411\uff0c\u800c\u4e0d\u4ec5\u4ec5\u662f\u56e0\u4e3a \"\u53d1\u751f\u4e86\u4ec0\u4e48\uff1f <strong data-start=\"1154\" data-end=\"1186\">\"\u4e3a\u4ec0\u4e48\u4f1a\u53d1\u751f\uff0c\u4f1a\u53d1\u751f\u4ec0\u4e48\uff1f\"<\/strong> \u60a8\u5c06\u80fd\u591f\u9605\u8bfb\u3002<\/p>\n<hr data-start=\"1212\" data-end=\"1215\" \/>\n<h3 data-start=\"1217\" data-end=\"1245\">\u23f3 <strong data-start=\"1223\" data-end=\"1245\">\u4ec0\u4e48\u65f6\u5019\u5f00\u59cb\uff1f<\/strong><\/h3>\n<p data-start=\"1247\" data-end=\"1355\">\ud83d\udccc <strong data-start=\"1250\" data-end=\"1282\">\u57f9\u8bad\u5f88\u5feb\u5c31\u8981\u5f00\u59cb\u4e86\uff01<\/strong><br data-start=\"1282\" data-end=\"1285\" \/>\u5177\u4f53\u65e5\u671f\u3001\u65f6\u95f4\u548c\u6ce8\u518c\u4fe1\u606f\u5c06\u5728\u8fd1\u671f\u516c\u5e03\u3002<\/p>\n<hr data-start=\"1357\" data-end=\"1360\" \/>\n<h3 data-start=\"1362\" data-end=\"1390\">\ud83d\udc65 <strong data-start=\"1369\" data-end=\"1390\">\u8c01\u5e94\u8be5\u53c2\u52a0\uff1f<\/strong><\/h3>\n<ul data-start=\"1392\" data-end=\"1637\">\n<li data-start=\"1392\" data-end=\"1452\">\n<p data-start=\"1394\" data-end=\"1452\">\u5e0c\u671b\u5728\u6280\u672f\u5206\u6790\u77e5\u8bc6\u4e2d\u6dfb\u52a0\u6210\u4ea4\u91cf\u652f\u6301\u7684\u7528\u6237<\/p>\n<\/li>\n<li data-start=\"1453\" data-end=\"1508\">\n<p data-start=\"1455\" data-end=\"1508\">\u5e0c\u671b\u4e13\u4e1a\u4f7f\u7528 ATAS \u7684\u6295\u8d44\u8005<\/p>\n<\/li>\n<li data-start=\"1509\" data-end=\"1579\">\n<p data-start=\"1511\" data-end=\"1579\">\u5e0c\u671b\u5b66\u4e60 Footprint \u548c Order Flow \u7b49\u9ad8\u7ea7\u5de5\u5177\u7684\u7528\u6237<\/p>\n<\/li>\n<li data-start=\"1580\" data-end=\"1637\">\n<p data-start=\"1582\" data-end=\"1637\">\u90a3\u4e9b\u5e0c\u671b\u901a\u8fc7\u6df1\u5165\u89e3\u8bfb\u5e02\u573a\u6765\u5236\u5b9a\u6218\u7565\u7684\u4eba<\/p>\n<\/li>\n<\/ul>\n<hr data-start=\"1639\" data-end=\"1642\" \/>\n<h2 data-start=\"1644\" data-end=\"1668\">\ud83d\udd14 <strong data-start=\"1650\" data-end=\"1668\">\u656c\u8bf7\u671f\u5f85\uff01<\/strong><\/h2>\n<p data-start=\"1670\" data-end=\"1800\">\ud83d\udce2 \u5173\u6ce8\u6211\u4eec\u7684 Telegram \u9891\u9053\uff0c\u83b7\u53d6\u76f8\u5173\u516c\u544a\u3002<br data-start=\"1719\" data-end=\"1722\" \/>\ud83d\udce9 \u9884\u6ce8\u518c\u673a\u4f1a\u548c\u8be6\u7ec6\u8ba1\u5212\u4fe1\u606f\u5c06\u5f88\u5feb\u4e0e\u60a8\u8054\u7cfb\u3002<\/p>\n<hr data-start=\"1802\" data-end=\"1805\" \/>\n<p data-start=\"1807\" data-end=\"1930\"><strong data-start=\"1807\" data-end=\"1872\">\u901a\u8fc7 TraderClub42 \u5b66\u4e60\u89e3\u8bfb\u5e02\u573a\u770b\u4e0d\u89c1\u7684\u4e00\u9762\u3002<\/strong><br data-start=\"1872\" data-end=\"1875\" \/>\u56e0\u4e3a\u6210\u529f\u4e0e\u77e5\u8bc6\u65e0\u5173\u3001 <strong data-start=\"1905\" data-end=\"1923\">\u77e5\u8bc6\u6e0a\u535a<\/strong> \u6536\u5165<\/p>\t\t\t\t\t\t\t\t<\/div>\n\t\t\t\t<\/div>\n\t\t\t\t<div class=\"elementor-element elementor-element-d77107c elementor-widget elementor-widget-html\" data-id=\"d77107c\" data-element_type=\"widget\" data-e-type=\"widget\" data-widget_type=\"html.default\">\n\t\t\t\t<div class=\"elementor-widget-container\">\n\t\t\t\t\t\r\n<div class=\"wp-block-buttons animated animated-fadeInUp is-content-justification-center is-layout-flex wp-container-core-buttons-is-layout-c60033d9 wp-block-buttons-is-layout-flex\" style=\"margin-top:40px;margin-bottom:0px\">\r\n  \r\n  <div class=\"wp-block-button is-style-fill\">\r\n    <a class=\"wp-block-button__link has-text-align-left wp-element-button\" href=\"https:\/\/www.traderclub42.info\/zh\/uyelik-formu\/\">\u6210\u4e3a\u4f1a\u5458<\/a>\r\n  <\/div>\r\n  \r\n<\/div>\r\n\r\n\t\t\t\t<\/div>\n\t\t\t\t<\/div>\n\t\t\t\t<\/div>\n\t\t\t\t<\/div>","protected":false},"excerpt":{"rendered":"<p>\ud83d\udcca Yak\u0131nda: ATAS Platform E\u011fitimi Ba\u015fl\u0131yor! Piyasay\u0131 y\u00fczeyden de\u011fil, derinlemesine analiz etmek isteyenler i\u00e7in \u00f6zel bir e\u011fitim geliyor! TraderClub42 olarak, k\u0131sa s\u00fcre i\u00e7inde ba\u015flataca\u011f\u0131m\u0131z ATAS Platform E\u011fitimi ile sizleri profesyonel d\u00fczeyde hacim analizine ta\u015f\u0131yoruz. \ud83c\udfaf Bu E\u011fitimde Neler \u00d6\u011freneceksiniz? ATAS platformunun etkili kullan\u0131m\u0131 Ger\u00e7ek zamanl\u0131 order flow (sipari\u015f ak\u0131\u015f\u0131) takibi Footprint grafikleri ile mum arkas\u0131ndaki [&hellip;]<\/p>\n","protected":false},"author":2,"featured_media":0,"parent":0,"menu_order":0,"comment_status":"closed","ping_status":"closed","template":"","meta":{"footnotes":""},"class_list":["post-116","page","type-page","status-publish","hentry"],"_links":{"self":[{"href":"https:\/\/www.traderclub42.info\/zh\/wp-json\/wp\/v2\/pages\/116","targetHints":{"allow":["GET"]}}],"collection":[{"href":"https:\/\/www.traderclub42.info\/zh\/wp-json\/wp\/v2\/pages"}],"about":[{"href":"https:\/\/www.traderclub42.info\/zh\/wp-json\/wp\/v2\/types\/page"}],"author":[{"embeddable":true,"href":"https:\/\/www.traderclub42.info\/zh\/wp-json\/wp\/v2\/users\/2"}],"replies":[{"embeddable":true,"href":"https:\/\/www.traderclub42.info\/zh\/wp-json\/wp\/v2\/comments?post=116"}],"version-history":[{"count":8,"href":"https:\/\/www.traderclub42.info\/zh\/wp-json\/wp\/v2\/pages\/116\/revisions"}],"predecessor-version":[{"id":234,"href":"https:\/\/www.traderclub42.info\/zh\/wp-json\/wp\/v2\/pages\/116\/revisions\/234"}],"wp:attachment":[{"href":"https:\/\/www.traderclub42.info\/zh\/wp-json\/wp\/v2\/media?parent=116"}],"curies":[{"name":"wp","href":"https:\/\/api.w.org\/{rel}","templated":true}]}}