{"id":9,"date":"2025-06-23T10:54:25","date_gmt":"2025-06-23T10:54:25","guid":{"rendered":"https:\/\/www.traderclub42.info\/?page_id=9"},"modified":"2025-06-30T06:52:44","modified_gmt":"2025-06-30T03:52:44","slug":"neden-uye-olmalisiniz","status":"publish","type":"page","link":"https:\/\/www.traderclub42.info\/ru\/neden-uye-olmalisiniz\/","title":{"rendered":"\u041f\u041e\u0427\u0415\u041c\u0423 \u0412\u042b \u0414\u041e\u041b\u0416\u041d\u042b \u0421\u0422\u0410\u0422\u042c \u0427\u041b\u0415\u041d\u041e\u041c \u041a\u041b\u0423\u0411\u0410?"},"content":{"rendered":"<div data-elementor-type=\"wp-post\" data-elementor-id=\"9\" class=\"elementor elementor-9\" data-elementor-post-type=\"page\">\n\t\t\t\t<div class=\"elementor-element elementor-element-8449881 e-con-full e-flex e-con e-parent\" data-id=\"8449881\" data-element_type=\"container\" data-e-type=\"container\">\n\t\t\t\t<div class=\"elementor-element elementor-element-9200c3c elementor-widget elementor-widget-text-editor\" data-id=\"9200c3c\" data-element_type=\"widget\" data-e-type=\"widget\" data-widget_type=\"text-editor.default\">\n\t\t\t\t<div class=\"elementor-widget-container\">\n\t\t\t\t\t\t\t\t\t<h2 data-start=\"110\" data-end=\"164\"><img decoding=\"async\" class=\"emoji\" role=\"img\" draggable=\"false\" src=\"https:\/\/s.w.org\/images\/core\/emoji\/15.1.0\/svg\/1f4c5.svg\" alt=\"\ud83d\udcc5\" \/> <strong data-start=\"116\" data-end=\"164\">\u041a\u0430\u0436\u0434\u044b\u0439 \u0432\u0442\u043e\u0440\u043d\u0438\u043a \u0438 \u0447\u0435\u0442\u0432\u0435\u0440\u0433: \u0416\u0418\u0412\u0410\u042f \u0422\u041e\u0420\u0413\u041e\u0412\u041b\u042f<\/strong><\/h2>\n<p data-start=\"166\" data-end=\"266\"><img decoding=\"async\" class=\"emoji\" role=\"img\" draggable=\"false\" src=\"https:\/\/s.w.org\/images\/core\/emoji\/15.1.0\/svg\/2705.svg\" alt=\"\u2705\" \/> <strong data-start=\"168\" data-end=\"206\">\u0411\u0435\u0441\u043f\u043b\u0430\u0442\u043d\u043e \u0438 \u0431\u0435\u0437 \u043e\u0433\u0440\u0430\u043d\u0438\u0447\u0435\u043d\u0438\u0439 \u043f\u043e \u043a\u043e\u043b\u0438\u0447\u0435\u0441\u0442\u0432\u0443 \u0443\u0447\u0430\u0441\u0442\u043d\u0438\u043a\u043e\u0432.<\/strong><br data-start=\"206\" data-end=\"209\" \/><img decoding=\"async\" class=\"emoji\" role=\"img\" draggable=\"false\" src=\"https:\/\/s.w.org\/images\/core\/emoji\/15.1.0\/svg\/23f0.svg\" alt=\"\u23f0\" \/> \u0415\u0441\u043b\u0438 \u0432\u0440\u0435\u043c\u044f \u0442\u0440\u0430\u043d\u0441\u043b\u044f\u0446\u0438\u0438 \u0438\u0437\u043c\u0435\u043d\u0438\u0442\u0441\u044f, \u043e\u0431 \u044d\u0442\u043e\u043c \u0431\u0443\u0434\u0435\u0442 \u043e\u0431\u044a\u044f\u0432\u043b\u0435\u043d\u043e \u0437\u0430\u0440\u0430\u043d\u0435\u0435.<\/p>\n<p data-start=\"268\" data-end=\"475\"><strong data-start=\"268\" data-end=\"325\">\u041d\u0430\u0431\u043b\u044e\u0434\u0430\u0439\u0442\u0435 \u0437\u0430 \u0440\u0435\u0430\u043b\u044c\u043d\u044b\u043c\u0438 \u0441\u0434\u0435\u043b\u043a\u0430\u043c\u0438 \u043d\u0430\u0448\u0438\u0445 \u043e\u043f\u044b\u0442\u043d\u044b\u0445 \u0442\u0440\u0435\u0439\u0434\u0435\u0440\u043e\u0432.<\/strong><br data-start=\"325\" data-end=\"328\" \/>\u0423\u0437\u043d\u0430\u0439\u0442\u0435 \u043e\u0431 \u0443\u043f\u0440\u0430\u0432\u043b\u0435\u043d\u0438\u0438 \u0440\u0438\u0441\u043a\u0430\u043c\u0438 \u0432 \u0440\u0435\u0436\u0438\u043c\u0435 \u0440\u0435\u0430\u043b\u044c\u043d\u043e\u0433\u043e \u0432\u0440\u0435\u043c\u0435\u043d\u0438, \u043f\u0440\u043e\u0441\u043b\u0435\u0434\u0438\u0442\u0435 \u0448\u0430\u0433 \u0437\u0430 \u0448\u0430\u0433\u043e\u043c \u043f\u0440\u043e\u0446\u0435\u0441\u0441 \u043e\u0442\u043a\u0440\u044b\u0442\u0438\u044f \u043f\u043e\u0437\u0438\u0446\u0438\u0438, \u0430 \u0437\u0430\u0442\u0435\u043c \u0437\u0430\u0434\u0430\u0439\u0442\u0435 \u0432\u0441\u0435 \u0441\u0432\u043e\u0438 \u0432\u043e\u043f\u0440\u043e\u0441\u044b \u043d\u0435\u043f\u043e\u0441\u0440\u0435\u0434\u0441\u0442\u0432\u0435\u043d\u043d\u043e \u043d\u0430\u0448\u0438\u043c \u0442\u0440\u0435\u043d\u0435\u0440\u0430\u043c.<\/p>\n<hr data-start=\"477\" data-end=\"480\" \/>\n<h2 data-start=\"482\" data-end=\"529\"><img decoding=\"async\" class=\"emoji\" role=\"img\" draggable=\"false\" src=\"https:\/\/s.w.org\/images\/core\/emoji\/15.1.0\/svg\/1f381.svg\" alt=\"\ud83c\udf81\" \/> <strong data-start=\"488\" data-end=\"529\">\u0427\u0422\u041e \u0412\u042b \u041f\u041e\u041b\u0423\u0427\u0410\u0415\u0422\u0415 \u041f\u0420\u0418 \u0411\u0415\u0421\u041f\u041b\u0410\u0422\u041d\u041e\u041c \u0427\u041b\u0415\u041d\u0421\u0422\u0412\u0415?<\/strong><\/h2>\n<ul data-start=\"531\" data-end=\"1307\">\n<li data-start=\"531\" data-end=\"600\">\n<p data-start=\"533\" data-end=\"600\">2 \u0440\u0430\u0437\u0430 \u0432 \u043d\u0435\u0434\u0435\u043b\u044e (\u0432\u0442\u043e\u0440\u043d\u0438\u043a\/\u0447\u0435\u0442\u0432\u0435\u0440\u0433)\u00a0<strong data-start=\"547\" data-end=\"572\">\u0430\u043d\u0430\u043b\u0438\u0437 \u0440\u0435\u0430\u043b\u044c\u043d\u043e\u0433\u043e \u0440\u044b\u043d\u043a\u0430<\/strong> \u0438 <strong data-start=\"576\" data-end=\"598\">\u043f\u0440\u044f\u043c\u0430\u044f \u0442\u0440\u0430\u043d\u0441\u043b\u044f\u0446\u0438\u044f \u0441\u0434\u0435\u043b\u043a\u0438.<\/strong><\/p>\n<\/li>\n<li data-start=\"531\" data-end=\"600\">\n<p data-start=\"533\" data-end=\"600\"><b>ATAS<\/b> \u0433\u043e\u0442\u043e\u0432\u044b\u0439 \u043a <b>\u0440\u0430\u0431\u043e\u0447\u0435\u0435 \u043f\u0440\u043e\u0441\u0442\u0440\u0430\u043d\u0441\u0442\u0432\u043e<\/b>,\u00a0<strong data-start=\"813\" data-end=\"834\">\u0448\u0430\u0431\u043b\u043e\u043d\u044b \u0434\u0438\u0430\u0433\u0440\u0430\u043c\u043c<\/strong> \u0438 <b>\u0442\u0440\u0430\u043d\u0437\u0430\u043a\u0446\u0438\u044f<\/b><strong data-start=\"838\" data-end=\"865\">\u00a0\u0443\u0441\u0442\u0430\u043d\u043e\u0432\u043a\u0438<\/strong><span style=\"font-size: 17.6px;\">.<\/span><\/p>\n<\/li>\n<li data-start=\"660\" data-end=\"724\">\n<p data-start=\"662\" data-end=\"724\"><strong data-start=\"666\" data-end=\"691\">\u0412\u0438\u0434\u0435\u043e\u0440\u043e\u043b\u0438\u043a\u0438 \u0431\u0430\u0437\u043e\u0432\u043e\u0439 \u043f\u043e\u0434\u0433\u043e\u0442\u043e\u0432\u043a\u0438 ATAS<\/strong> (\u0421\u041a\u041e\u0420\u041e!)<\/p>\n<\/li>\n<li data-start=\"958\" data-end=\"1036\">\n<p data-start=\"960\" data-end=\"1036\"><strong data-start=\"960\" data-end=\"981\">\u041f\u0441\u0438\u0445\u043e\u043b\u043e\u0433\u0438\u044f \u0442\u043e\u0440\u0433\u043e\u0432\u043b\u0438 \u0438 \u0443\u043f\u0440\u0430\u0432\u043b\u0435\u043d\u0438\u0435 \u043a\u0430\u043f\u0438\u0442\u0430\u043b\u043e\u043c\u00a0<\/strong><span data-start=\"960\" data-end=\"981\">\u0432\u0430\u0436\u043d\u044b\u0435 \u0440\u0435\u0441\u0443\u0440\u0441\u044b \u043e.<\/span><\/p>\n<\/li>\n<li data-start=\"1107\" data-end=\"1185\">\n<p data-start=\"1109\" data-end=\"1185\"><strong data-start=\"1109\" data-end=\"1137\">\u041a\u0430\u043a \u043f\u0435\u0440\u0435\u0434\u0430\u0442\u044c \u0440\u0435\u043a\u0432\u0438\u0437\u0438\u0442\u044b?\u00a0<\/strong>\u0421\u041f\u0415\u0426\u0418\u0410\u041b\u042c\u041d\u041e\u0415 \u0432\u0438\u0434\u0435\u043e \u043e.<\/p>\n<\/li>\n<li data-start=\"1186\" data-end=\"1240\">\n<p data-start=\"1188\" data-end=\"1240\">\u0412\u043e\u0437\u043c\u043e\u0436\u043d\u043e\u0441\u0442\u044c \u043d\u0430\u043f\u0440\u044f\u043c\u0443\u044e \u043e\u0431\u0449\u0430\u0442\u044c\u0441\u044f \u0441 \u0440\u0435\u0430\u043b\u044c\u043d\u044b\u043c\u0438 \u0442\u0440\u0435\u0439\u0434\u0435\u0440\u0430\u043c\u0438 \u0447\u0435\u0440\u0435\u0437 Telegram.<\/p>\n<\/li>\n<\/ul>\n<hr data-start=\"1309\" data-end=\"1312\" \/>\n<h2 data-start=\"1314\" data-end=\"1363\"><img decoding=\"async\" class=\"emoji\" role=\"img\" draggable=\"false\" src=\"https:\/\/s.w.org\/images\/core\/emoji\/15.1.0\/svg\/1f680.svg\" alt=\"\ud83d\ude80\" \/> <strong data-start=\"1320\" data-end=\"1363\">\u0412\u044b \u0433\u043e\u0442\u043e\u0432\u044b \u043d\u0430\u0447\u0430\u0442\u044c \u0441\u0432\u043e\u0439 \u043f\u0435\u0440\u0432\u044b\u0439 \u0436\u0438\u0432\u043e\u0439 \u0442\u0440\u0435\u043d\u0438\u043d\u0433!<\/strong><\/h2>\n<p data-start=\"1365\" data-end=\"1492\">\u0412\u0430\u043c \u043d\u0443\u0436\u043d\u0430 \u0442\u043e\u043b\u044c\u043a\u043e \u043e\u0434\u043d\u0430 \u0432\u0435\u0449\u044c: <strong data-start=\"1396\" data-end=\"1414\">\u041f\u043b\u0430\u0442\u0444\u043e\u0440\u043c\u0430 ATAS<\/strong>.<br data-start=\"1415\" data-end=\"1418\" \/>\u0412\u0441\u0435 \u043e\u0441\u0442\u0430\u043b\u044c\u043d\u043e\u0435 - \u043e\u0431\u0443\u0447\u0435\u043d\u0438\u0435, \u043a\u043e\u043d\u0442\u0435\u043d\u0442, \u043f\u043e\u0434\u0434\u0435\u0440\u0436\u043a\u0430 <strong data-start=\"1465\" data-end=\"1492\">\u043c\u044b \u043f\u0440\u0435\u0434\u043b\u0430\u0433\u0430\u0435\u043c \u0431\u0435\u0441\u043f\u043b\u0430\u0442\u043d\u043e.<\/strong><\/p>\n<hr data-start=\"1494\" data-end=\"1497\" \/>\n<h2 data-start=\"1499\" data-end=\"1523\"><img decoding=\"async\" class=\"emoji\" role=\"img\" draggable=\"false\" src=\"https:\/\/s.w.org\/images\/core\/emoji\/15.1.0\/svg\/1f514.svg\" alt=\"\ud83d\udd14\" \/> <strong data-start=\"1505\" data-end=\"1523\">\u041f\u041e\u0416\u0410\u041b\u0423\u0419\u0421\u0422\u0410, \u041d\u0415 \u0417\u0410\u0411\u0423\u0414\u042c\u0422\u0415!<\/strong><\/h2>\n<p data-start=\"1525\" data-end=\"1682\">\u0426\u0435\u043b\u044c, <strong data-start=\"1535\" data-end=\"1571\">\u0444\u0443\u043d\u0434\u0430\u043c\u0435\u043d\u0442\u0430\u043b\u044c\u043d\u044b\u0439 \u0438 \u0442\u0435\u0445\u043d\u0438\u0447\u0435\u0441\u043a\u0438\u0439 \u0430\u043d\u0430\u043b\u0438\u0437 \u0440\u044b\u043d\u043a\u0430<\/strong> \u0447\u0442\u043e\u0431\u044b \u043d\u0430\u0443\u0447\u0438\u0442\u044c \u0432\u0430\u0441 \u0441\u0430\u043c\u044b\u043c \u043f\u0440\u043e\u0441\u0442\u044b\u043c \u0438 \u043f\u043e\u043d\u044f\u0442\u043d\u044b\u043c \u0441\u043f\u043e\u0441\u043e\u0431\u043e\u043c.<br data-start=\"1616\" data-end=\"1619\" \/>\u0412\u044b \u043d\u0435 \u043f\u0440\u043e\u0439\u0434\u0435\u0442\u0435 \u044d\u0442\u043e\u0442 \u043f\u0443\u0442\u044c \u0432 \u043e\u0434\u0438\u043d\u043e\u0447\u043a\u0443, \u043c\u044b \u0431\u0443\u0434\u0435\u043c \u0441 \u0432\u0430\u043c\u0438 \u043d\u0430 \u043a\u0430\u0436\u0434\u043e\u043c \u0448\u0430\u0433\u0443.<\/p>\n<hr data-start=\"1684\" data-end=\"1687\" \/>\n<h2 data-start=\"1689\" data-end=\"1718\"><img decoding=\"async\" class=\"emoji\" role=\"img\" draggable=\"false\" src=\"https:\/\/s.w.org\/images\/core\/emoji\/15.1.0\/svg\/2753.svg\" alt=\"\u2753\" \/> <strong data-start=\"1694\" data-end=\"1718\">\u0422\u0430\u043a \u043f\u043e\u0447\u0435\u043c\u0443 \u0436\u0435 \u0431\u0435\u0441\u043f\u043b\u0430\u0442\u043d\u043e?<\/strong><\/h2>\n<p data-start=\"1720\" data-end=\"1863\">\u041f\u043e\u0442\u043e\u043c\u0443 \u0447\u0442\u043e \u043c\u044b <strong data-start=\"1730\" data-end=\"1763\">\u041c\u044b \u0432\u0435\u0440\u0438\u043c, \u0447\u0442\u043e \u0431\u0443\u0434\u0435\u043c \u0440\u0430\u0441\u0442\u0438 \u0432\u043c\u0435\u0441\u0442\u0435.<\/strong><br data-start=\"1763\" data-end=\"1766\" \/>\u041d\u0430\u0448\u0430 \u0446\u0435\u043b\u044c - \u043f\u043e\u0434\u0434\u0435\u0440\u0436\u0430\u0442\u044c \u0432\u044b\u0441\u043e\u043a\u043e\u043c\u043e\u0442\u0438\u0432\u0438\u0440\u043e\u0432\u0430\u043d\u043d\u044b\u0445 \u043b\u044e\u0434\u0435\u0439, \u043f\u0440\u0435\u0434\u043e\u0441\u0442\u0430\u0432\u0438\u0432 \u0438\u043c \u0442\u043e\u0447\u043d\u0443\u044e \u0438\u043d\u0444\u043e\u0440\u043c\u0430\u0446\u0438\u044e, \u043f\u0440\u0430\u043a\u0442\u0438\u0447\u0435\u0441\u043a\u0438\u0435 \u0440\u0435\u043a\u043e\u043c\u0435\u043d\u0434\u0430\u0446\u0438\u0438 \u0438 \u0447\u0435\u0441\u0442\u043d\u043e\u0441\u0442\u044c.<\/p>\n<ul data-start=\"1865\" data-end=\"2062\">\n<li data-start=\"1865\" data-end=\"1920\">\n<p data-start=\"1867\" data-end=\"1920\">\u042f \u0433\u043e\u0432\u043e\u0440\u0438\u043b \u0442\u0435\u0431\u0435 \u0441 \u0441\u0430\u043c\u043e\u0433\u043e \u043d\u0430\u0447\u0430\u043b\u0430. <strong data-start=\"1891\" data-end=\"1907\">\u0440\u0435\u0430\u043b\u044c\u043d\u044b\u0435 \u0437\u043d\u0430\u043d\u0438\u044f<\/strong> \u041c\u044b \u043f\u0440\u0435\u0434\u043b\u0430\u0433\u0430\u0435\u043c.<\/p>\n<\/li>\n<li data-start=\"1921\" data-end=\"1997\">\n<p data-start=\"1923\" data-end=\"1997\"><strong data-start=\"1923\" data-end=\"1944\">\u0420\u0430\u0431\u043e\u0442\u0430 \u0432 \u043a\u043e\u043c\u0430\u043d\u0434\u0435<\/strong> \u041c\u044b \u043f\u0440\u0438\u0434\u0430\u0435\u043c \u0432\u0430\u0436\u043d\u043e\u0435 \u0437\u043d\u0430\u0447\u0435\u043d\u0438\u0435 \u0438 \u0440\u0430\u0437\u0440\u0430\u0431\u0430\u0442\u044b\u0432\u0430\u0435\u043c \u0441\u0442\u0440\u0430\u0442\u0435\u0433\u0438\u0438 \u0432\u043c\u0435\u0441\u0442\u0435.<\/p>\n<\/li>\n<li data-start=\"1998\" data-end=\"2062\">\n<p data-start=\"2000\" data-end=\"2062\">\u041c\u043e\u0436\u0435\u0442 \u0431\u044b\u0442\u044c, \u043a\u043e\u0433\u0434\u0430-\u043d\u0438\u0431\u0443\u0434\u044c <strong data-start=\"2014\" data-end=\"2062\">\u0432\u044b \u0441\u0442\u0430\u043d\u0435\u0442\u0435 \u0447\u0430\u0441\u0442\u044c\u044e \u043d\u0430\u0448\u0435\u0439 \u043a\u043e\u043c\u0430\u043d\u0434\u044b.<\/strong><\/p>\n<\/li>\n<\/ul>\n<hr data-start=\"2064\" data-end=\"2067\" \/>\n<h2 data-start=\"2069\" data-end=\"2100\"><img decoding=\"async\" class=\"emoji\" role=\"img\" draggable=\"false\" src=\"https:\/\/s.w.org\/images\/core\/emoji\/15.1.0\/svg\/1f4dd.svg\" alt=\"\ud83d\udcdd\" \/> <strong data-start=\"2075\" data-end=\"2100\">\u0417\u0430\u0440\u0435\u0433\u0438\u0441\u0442\u0440\u0438\u0440\u0443\u0439\u0442\u0435\u0441\u044c \u0431\u0435\u0441\u043f\u043b\u0430\u0442\u043d\u043e<\/strong><\/h2>\n<p data-start=\"2102\" data-end=\"2200\">\u0421\u0434\u0435\u043b\u0430\u0439\u0442\u0435 \u043c\u043e\u0449\u043d\u043e\u0435, \u043f\u0440\u0430\u043a\u0442\u0438\u0447\u043d\u043e\u0435 \u0438 \u044f\u0440\u043a\u043e\u0435 \u043d\u0430\u0447\u0430\u043b\u043e \u0441\u0432\u043e\u0435\u0433\u043e \u043f\u0440\u043e\u0444\u0435\u0441\u0441\u0438\u043e\u043d\u0430\u043b\u044c\u043d\u043e\u0433\u043e \u0442\u043e\u0440\u0433\u043e\u0432\u043e\u0433\u043e \u043f\u0443\u0442\u0438.<br data-start=\"2173\" data-end=\"2176\" \/>\u041f\u0435\u0440\u0435\u0434 \u0432\u0430\u043c\u0438 \u043e\u0442\u043a\u0440\u044b\u0432\u0430\u044e\u0442\u0441\u044f \u043d\u043e\u0432\u044b\u0435 \u0432\u043e\u0437\u043c\u043e\u0436\u043d\u043e\u0441\u0442\u0438.<\/p>\t\t\t\t\t\t\t\t<\/div>\n\t\t\t\t<\/div>\n\t\t\t\t<div class=\"elementor-element elementor-element-d77107c elementor-widget elementor-widget-html\" data-id=\"d77107c\" data-element_type=\"widget\" data-e-type=\"widget\" data-widget_type=\"html.default\">\n\t\t\t\t<div class=\"elementor-widget-container\">\n\t\t\t\t\t\r\n<div class=\"wp-block-buttons animated animated-fadeInUp is-content-justification-center is-layout-flex wp-container-core-buttons-is-layout-c60033d9 wp-block-buttons-is-layout-flex\" style=\"margin-top:40px;margin-bottom:0px\">\r\n  \r\n  <div class=\"wp-block-button is-style-fill\">\r\n    <a class=\"wp-block-button__link has-text-align-left wp-element-button\" href=\"https:\/\/www.traderclub42.info\/ru\/uyelik-formu\/\">\u0421\u0442\u0430\u0442\u044c \u0443\u0447\u0430\u0441\u0442\u043d\u0438\u043a\u043e\u043c<\/a>\r\n  <\/div>\r\n  \r\n<\/div>\r\n\r\n\t\t\t\t<\/div>\n\t\t\t\t<\/div>\n\t\t\t\t<\/div>\n\t\t\t\t<\/div>","protected":false},"excerpt":{"rendered":"<p>Her Sal\u0131 ve Per\u015fembe: CANLI TRADE \u00dccretsiz ve kat\u0131l\u0131m s\u0131n\u0131r\u0131 yoktur. Yay\u0131n saatlerinde de\u011fi\u015fiklik olursa, \u00f6nceden duyurulur. Deneyimli trader\u2019lar\u0131m\u0131z\u0131n canl\u0131 i\u015flemlerini izleyin.Ger\u00e7ek zamanl\u0131 risk y\u00f6netimini \u00f6\u011frenin, pozisyon a\u00e7ma s\u00fcre\u00e7lerini ad\u0131m ad\u0131m takip edin ve ard\u0131ndan t\u00fcm sorular\u0131n\u0131z\u0131 do\u011frudan e\u011fitmenlerimize sorun. \u00dcCRETS\u0130Z \u00dcYEL\u0130KLE NELER KAZANIRSINIZ? Haftada 2 kez (Sal\u0131\/Per\u015fembe)\u00a0ger\u00e7ek piyasa analizi ve canl\u0131 i\u015flem yay\u0131n\u0131. ATAS [&hellip;]<\/p>\n","protected":false},"author":2,"featured_media":0,"parent":0,"menu_order":0,"comment_status":"closed","ping_status":"closed","template":"","meta":{"footnotes":""},"class_list":["post-9","page","type-page","status-publish","hentry"],"_links":{"self":[{"href":"https:\/\/www.traderclub42.info\/ru\/wp-json\/wp\/v2\/pages\/9","targetHints":{"allow":["GET"]}}],"collection":[{"href":"https:\/\/www.traderclub42.info\/ru\/wp-json\/wp\/v2\/pages"}],"about":[{"href":"https:\/\/www.traderclub42.info\/ru\/wp-json\/wp\/v2\/types\/page"}],"author":[{"embeddable":true,"href":"https:\/\/www.traderclub42.info\/ru\/wp-json\/wp\/v2\/users\/2"}],"replies":[{"embeddable":true,"href":"https:\/\/www.traderclub42.info\/ru\/wp-json\/wp\/v2\/comments?post=9"}],"version-history":[{"count":49,"href":"https:\/\/www.traderclub42.info\/ru\/wp-json\/wp\/v2\/pages\/9\/revisions"}],"predecessor-version":[{"id":337,"href":"https:\/\/www.traderclub42.info\/ru\/wp-json\/wp\/v2\/pages\/9\/revisions\/337"}],"wp:attachment":[{"href":"https:\/\/www.traderclub42.info\/ru\/wp-json\/wp\/v2\/media?parent=9"}],"curies":[{"name":"wp","href":"https:\/\/api.w.org\/{rel}","templated":true}]}}