{"id":266,"date":"2025-06-24T10:00:58","date_gmt":"2025-06-24T10:00:58","guid":{"rendered":"https:\/\/www.traderclub42.info\/?page_id=266"},"modified":"2025-06-24T10:14:59","modified_gmt":"2025-06-24T10:14:59","slug":"veri-sahibi-erisim-talep-formu","status":"publish","type":"page","link":"https:\/\/www.traderclub42.info\/ru\/veri-sahibi-erisim-talep-formu\/","title":{"rendered":"\u0424\u043e\u0440\u043c\u0430 \u0437\u0430\u043f\u0440\u043e\u0441\u0430 \u043d\u0430 \u0434\u043e\u0441\u0442\u0443\u043f \u043a \u0434\u0430\u043d\u043d\u044b\u043c"},"content":{"rendered":"\t\t<div data-elementor-type=\"wp-page\" data-elementor-id=\"266\" class=\"elementor elementor-266\" data-elementor-post-type=\"page\">\n\t\t\t\t<div class=\"elementor-element elementor-element-a40e149 e-flex e-con-boxed e-con e-parent\" data-id=\"a40e149\" data-element_type=\"container\" data-e-type=\"container\">\n\t\t\t\t\t<div class=\"e-con-inner\">\n\t\t\t\t<div class=\"elementor-element elementor-element-e7482fb elementor-button-align-stretch elementor-widget elementor-widget-form\" data-id=\"e7482fb\" data-element_type=\"widget\" data-e-type=\"widget\" data-settings=\"{&quot;step_next_label&quot;:&quot;Next&quot;,&quot;step_previous_label&quot;:&quot;Previous&quot;,&quot;button_width&quot;:&quot;100&quot;,&quot;step_type&quot;:&quot;number_text&quot;,&quot;step_icon_shape&quot;:&quot;circle&quot;}\" data-widget_type=\"form.default\">\n\t\t\t\t<div class=\"elementor-widget-container\">\n\t\t\t\t\t\t\t<form class=\"elementor-form\" method=\"post\" name=\"New Form\" aria-label=\"New Form\">\n\t\t\t<input type=\"hidden\" name=\"post_id\" value=\"266\"\/>\n\t\t\t<input type=\"hidden\" name=\"form_id\" value=\"e7482fb\"\/>\n\t\t\t<input type=\"hidden\" name=\"referer_title\" value=\"Veri Sahibi Eri\u015fim Talep Formu\" \/>\n\n\t\t\t\t\t\t\t<input type=\"hidden\" name=\"queried_id\" value=\"266\"\/>\n\t\t\t\n\t\t\t<div class=\"elementor-form-fields-wrapper elementor-labels-above\">\n\t\t\t\t\t\t\t\t<div class=\"elementor-field-type-text elementor-field-group elementor-column elementor-field-group-name elementor-col-100 elementor-field-required\">\n\t\t\t\t\t\t\t\t\t\t\t\t<label for=\"form-field-name\" class=\"elementor-field-label\">\n\t\t\t\t\t\t\t\tWebsitesi\t\t\t\t\t\t\t<\/label>\n\t\t\t\t\t\t\t\t\t\t\t\t\t\t<input size=\"1\" type=\"text\" name=\"form_fields[name]\" id=\"form-field-name\" class=\"elementor-field elementor-size-sm  elementor-field-textual\" placeholder=\"Websitesi ad\u0131\" required=\"required\">\n\t\t\t\t\t\t\t\t\t\t\t<\/div>\n\t\t\t\t\t\t\t\t<div class=\"elementor-field-type-text elementor-field-group elementor-column elementor-field-group-field_72aba3b elementor-col-100 elementor-field-required\">\n\t\t\t\t\t\t\t\t\t\t\t\t<label for=\"form-field-field_72aba3b\" class=\"elementor-field-label\">\n\t\t\t\t\t\t\t\tKi\u015fisel Bilgiler\t\t\t\t\t\t\t<\/label>\n\t\t\t\t\t\t\t\t\t\t\t\t\t\t<input size=\"1\" type=\"text\" name=\"form_fields[field_72aba3b]\" id=\"form-field-field_72aba3b\" class=\"elementor-field elementor-size-sm  elementor-field-textual\" placeholder=\"Ad\u0131n\u0131z ve Soyad\u0131n\u0131z\" required=\"required\">\n\t\t\t\t\t\t\t\t\t\t\t<\/div>\n\t\t\t\t\t\t\t\t<div class=\"elementor-field-type-email elementor-field-group elementor-column elementor-field-group-email elementor-col-100 elementor-field-required\">\n\t\t\t\t\t\t\t\t\t\t\t\t<label for=\"form-field-email\" class=\"elementor-field-label\">\n\t\t\t\t\t\t\t\tE-posta\t\t\t\t\t\t\t<\/label>\n\t\t\t\t\t\t\t\t\t\t\t\t\t\t<input size=\"1\" type=\"email\" name=\"form_fields[email]\" id=\"form-field-email\" class=\"elementor-field elementor-size-sm  elementor-field-textual\" placeholder=\"Yukar\u0131daki web sitesine eri\u015fmek i\u00e7in hangi e-posta adresini kullan\u0131yorsunuz?\" required=\"required\">\n\t\t\t\t\t\t\t\t\t\t\t<\/div>\n\t\t\t\t\t\t\t\t<div class=\"elementor-field-type-radio elementor-field-group elementor-column elementor-field-group-field_2c4e1a4 elementor-col-100 elementor-field-required\">\n\t\t\t\t\t\t\t\t\t\t\t\t<label for=\"form-field-field_2c4e1a4\" class=\"elementor-field-label\">\n\t\t\t\t\t\t\t\tBu iste\u011fi \u015fu \u015fekilde g\u00f6nderiyorsunuz:\t\t\t\t\t\t\t<\/label>\n\t\t\t\t\t\t<div class=\"elementor-field-subgroup  \"><span class=\"elementor-field-option\"><input type=\"radio\" value=\"Yukar\u0131da ad\u0131 ge\u00e7en ki\u015fi veya ki\u015finin velisi.\" id=\"form-field-field_2c4e1a4-0\" name=\"form_fields[field_2c4e1a4]\" required=\"required\"> <label for=\"form-field-field_2c4e1a4-0\">Yukar\u0131da ad\u0131 ge\u00e7en ki\u015fi veya ki\u015finin velisi.<\/label><\/span><span class=\"elementor-field-option\"><input type=\"radio\" value=\"T\u00fcketicinin ad\u0131na bu talebi yapmak \u00fczere yetkilendirdi\u011fi bir temsilci.\" id=\"form-field-field_2c4e1a4-1\" name=\"form_fields[field_2c4e1a4]\" required=\"required\"> <label for=\"form-field-field_2c4e1a4-1\">T\u00fcketicinin ad\u0131na bu talebi yapmak \u00fczere yetkilendirdi\u011fi bir temsilci.<\/label><\/span><\/div>\t\t\t\t<\/div>\n\t\t\t\t\t\t\t\t<div class=\"elementor-field-type-text elementor-field-group elementor-column elementor-field-group-field_2c737a2 elementor-col-100 elementor-field-required\">\n\t\t\t\t\t\t\t\t\t\t\t\t<label for=\"form-field-field_2c737a2\" class=\"elementor-field-label\">\n\t\t\t\t\t\t\t\tBu talebinizi hangi kanunun haklar\u0131na dayanarak yap\u0131yorsunuz?\t\t\t\t\t\t\t<\/label>\n\t\t\t\t\t\t\t\t\t\t\t\t\t\t<input size=\"1\" type=\"text\" name=\"form_fields[field_2c737a2]\" id=\"form-field-field_2c737a2\" class=\"elementor-field elementor-size-sm  elementor-field-textual\" placeholder=\"...\" required=\"required\">\n\t\t\t\t\t\t\t\t\t\t\t<\/div>\n\t\t\t\t\t\t\t\t<div class=\"elementor-field-type-textarea elementor-field-group elementor-column elementor-field-group-message elementor-col-100 elementor-field-required\">\n\t\t\t\t\t\t\t\t\t\t\t\t<label for=\"form-field-message\" class=\"elementor-field-label\">\n\t\t\t\t\t\t\t\tL\u00fctfen eylem talebiniz veya sorunuzla ilgili ayr\u0131nt\u0131lar\u0131 belirtiniz.\t\t\t\t\t\t\t<\/label>\n\t\t\t\t\t\t<textarea class=\"elementor-field-textual elementor-field  elementor-size-sm\" name=\"form_fields[message]\" id=\"form-field-message\" rows=\"4\" placeholder=\"Mesaj\u0131n\u0131z\" required=\"required\"><\/textarea>\t\t\t\t<\/div>\n\t\t\t\t\t\t\t\t<div class=\"elementor-field-type-checkbox elementor-field-group elementor-column elementor-field-group-field_7b7c9e8 elementor-col-100\">\n\t\t\t\t\t\t\t\t\t\t\t\t<label for=\"form-field-field_7b7c9e8\" class=\"elementor-field-label\">\n\t\t\t\t\t\t\t\tOnayl\u0131yorum\t\t\t\t\t\t\t<\/label>\n\t\t\t\t\t\t<div class=\"elementor-field-subgroup  elementor-subgroup-inline\"><span class=\"elementor-field-option\"><input type=\"checkbox\" value=\"Yukar\u0131daki bilgilerin tamam\u0131n\u0131n do\u011fru ve kesin oldu\u011funu beyan ederim.\" id=\"form-field-field_7b7c9e8-0\" name=\"form_fields[field_7b7c9e8][]\"> <label for=\"form-field-field_7b7c9e8-0\">Yukar\u0131daki bilgilerin tamam\u0131n\u0131n do\u011fru ve kesin oldu\u011funu beyan ederim.<\/label><\/span><span class=\"elementor-field-option\"><input type=\"checkbox\" value=\"Ki\u015fisel verilerimin silinmesinin veya k\u0131s\u0131tlanmas\u0131n\u0131n geri d\u00f6nd\u00fcr\u00fclemez oldu\u011funu ve https:\/\/traderclub42.com\/ ile olan hizmetlerimin sonland\u0131r\u0131lmas\u0131yla sonu\u00e7lanabilece\u011fini anl\u0131yorum.\" id=\"form-field-field_7b7c9e8-1\" name=\"form_fields[field_7b7c9e8][]\"> <label for=\"form-field-field_7b7c9e8-1\">Ki\u015fisel verilerimin silinmesinin veya k\u0131s\u0131tlanmas\u0131n\u0131n geri d\u00f6nd\u00fcr\u00fclemez oldu\u011funu ve https:\/\/traderclub42.com\/ ile olan hizmetlerimin sonland\u0131r\u0131lmas\u0131yla sonu\u00e7lanabilece\u011fini anl\u0131yorum.<\/label><\/span><span class=\"elementor-field-option\"><input type=\"checkbox\" value=\"Talebimi e-posta yoluyla do\u011frulamam gerekece\u011fini ve talebi tamamlamak i\u00e7in benimle ileti\u015fime ge\u00e7ilebilece\u011fini anl\u0131yorum.\" id=\"form-field-field_7b7c9e8-2\" name=\"form_fields[field_7b7c9e8][]\"> <label for=\"form-field-field_7b7c9e8-2\">Talebimi e-posta yoluyla do\u011frulamam gerekece\u011fini ve talebi tamamlamak i\u00e7in benimle ileti\u015fime ge\u00e7ilebilece\u011fini anl\u0131yorum.<\/label><\/span><\/div>\t\t\t\t<\/div>\n\t\t\t\t\t\t\t\t<div class=\"elementor-field-group elementor-column elementor-field-type-submit elementor-col-100 e-form__buttons\">\n\t\t\t\t\t<button class=\"elementor-button elementor-size-sm\" type=\"submit\">\n\t\t\t\t\t\t<span class=\"elementor-button-content-wrapper\">\n\t\t\t\t\t\t\t\t\t\t\t\t\t\t\t\t\t\t\t\t\t\t<span class=\"elementor-button-text\">G\u00f6nder<\/span>\n\t\t\t\t\t\t\t\t\t\t\t\t\t<\/span>\n\t\t\t\t\t<\/button>\n\t\t\t\t<\/div>\n\t\t\t<\/div>\n\t\t<\/form>\n\t\t\t\t\t\t<\/div>\n\t\t\t\t<\/div>\n\t\t\t\t\t<\/div>\n\t\t\t\t<\/div>\n\t\t\t\t<\/div>\n\t\t","protected":false},"excerpt":{"rendered":"","protected":false},"author":2,"featured_media":0,"parent":0,"menu_order":0,"comment_status":"closed","ping_status":"closed","template":"","meta":{"footnotes":""},"class_list":["post-266","page","type-page","status-publish","hentry"],"_links":{"self":[{"href":"https:\/\/www.traderclub42.info\/ru\/wp-json\/wp\/v2\/pages\/266","targetHints":{"allow":["GET"]}}],"collection":[{"href":"https:\/\/www.traderclub42.info\/ru\/wp-json\/wp\/v2\/pages"}],"about":[{"href":"https:\/\/www.traderclub42.info\/ru\/wp-json\/wp\/v2\/types\/page"}],"author":[{"embeddable":true,"href":"https:\/\/www.traderclub42.info\/ru\/wp-json\/wp\/v2\/users\/2"}],"replies":[{"embeddable":true,"href":"https:\/\/www.traderclub42.info\/ru\/wp-json\/wp\/v2\/comments?post=266"}],"version-history":[{"count":19,"href":"https:\/\/www.traderclub42.info\/ru\/wp-json\/wp\/v2\/pages\/266\/revisions"}],"predecessor-version":[{"id":288,"href":"https:\/\/www.traderclub42.info\/ru\/wp-json\/wp\/v2\/pages\/266\/revisions\/288"}],"wp:attachment":[{"href":"https:\/\/www.traderclub42.info\/ru\/wp-json\/wp\/v2\/media?parent=266"}],"curies":[{"name":"wp","href":"https:\/\/api.w.org\/{rel}","templated":true}]}}