{"id":1549,"date":"2026-03-02T17:09:26","date_gmt":"2026-03-02T14:09:26","guid":{"rendered":"https:\/\/www.traderclub42.info\/trader-club-42-%f0%9f%8f%81-nextproptrader-challange\/"},"modified":"2026-03-02T17:34:57","modified_gmt":"2026-03-02T14:34:57","slug":"challenge","status":"publish","type":"page","link":"https:\/\/www.traderclub42.info\/ru\/challenge\/","title":{"rendered":"TRADER CLUB 42 \ud83c\udfc1 NEXTPROPTRADER CHALLENGE"},"content":{"rendered":"<div data-elementor-type=\"wp-page\" data-elementor-id=\"1549\" class=\"elementor elementor-1549\" data-elementor-post-type=\"page\">\n\t\t\t\t<div class=\"elementor-element elementor-element-f449a53 e-flex e-con-boxed e-con e-parent\" data-id=\"f449a53\" data-element_type=\"container\" data-e-type=\"container\">\n\t\t\t\t\t<div class=\"e-con-inner\">\n\t\t\t\t<div class=\"elementor-element elementor-element-ed2e883 elementor-widget elementor-widget-heading\" data-id=\"ed2e883\" data-element_type=\"widget\" data-e-type=\"widget\" data-widget_type=\"heading.default\">\n\t\t\t\t<div class=\"elementor-widget-container\">\n\t\t\t\t\t<h2 class=\"elementor-heading-title elementor-size-default\">TRADER CLUB 42 \ud83c\udfc1 NEXTPROPTRADER CHALLENGE<\/h2>\t\t\t\t<\/div>\n\t\t\t\t<\/div>\n\t\t\t\t\t<\/div>\n\t\t\t\t<\/div>\n\t\t<div class=\"elementor-element elementor-element-48588de e-flex e-con-boxed e-con e-parent\" data-id=\"48588de\" data-element_type=\"container\" data-e-type=\"container\">\n\t\t\t\t\t<div class=\"e-con-inner\">\n\t\t\t\t<div class=\"elementor-element elementor-element-1e2d195 elementor-widget elementor-widget-heading\" data-id=\"1e2d195\" data-element_type=\"widget\" data-e-type=\"widget\" data-widget_type=\"heading.default\">\n\t\t\t\t<div class=\"elementor-widget-container\">\n\t\t\t\t\t<h2 class=\"elementor-heading-title elementor-size-default\"><span class=\"a_GcMg font-feature-liga-off font-feature-clig-off font-feature-calt-off text-decoration-none text-strikethrough-none\" style=\"--Ys-XuQ: none\">YARI\u015eMA BA\u015eLIYOR<\/span><\/h2>\t\t\t\t<\/div>\n\t\t\t\t<\/div>\n\t\t\t\t\t<\/div>\n\t\t\t\t<\/div>\n\t\t<div class=\"elementor-element elementor-element-d723a05 e-flex e-con-boxed e-con e-parent\" data-id=\"d723a05\" data-element_type=\"container\" data-e-type=\"container\">\n\t\t\t\t\t<div class=\"e-con-inner\">\n\t\t\t\t<div class=\"elementor-element elementor-element-f5175af elementor-widget elementor-widget-text-editor\" data-id=\"f5175af\" data-element_type=\"widget\" data-e-type=\"widget\" data-widget_type=\"text-editor.default\">\n\t\t\t\t<div class=\"elementor-widget-container\">\n\t\t\t\t\t\t\t\t\t<p class=\"cvGsUA direction-ltr align-justify para-style-body\"><span class=\"a_GcMg font-feature-liga-off font-feature-clig-off font-feature-calt-off text-decoration-none text-strikethrough-none\">Yar\u0131\u015fmaya kat\u0131lmak i\u00e7in;<\/span><\/p><p class=\"cvGsUA direction-ltr align-justify para-style-body\"><span class=\"a_GcMg font-feature-liga-off font-feature-clig-off font-feature-calt-off text-decoration-none text-strikethrough-none\">Nextproptrader &#8216;dan diledi\u011finiz b\u00fcy\u00fckl\u00fckteki bir veya birden fazla hesab\u0131 9 Mart 2026 tarihinde bitecek olan TC42-30 %30 indirim kodumuz ile veya yar\u0131\u015fma ba\u015flad\u0131ktan sonra s\u00fcresiz ge\u00e7erli olacak olan TC42 %10 indirim kodumuz ile alman\u0131z yeterlidir.<\/span><\/p><p class=\"cvGsUA direction-ltr align-justify para-style-body\"><span class=\"a_GcMg font-feature-liga-off font-feature-clig-off font-feature-calt-off text-decoration-none text-strikethrough-none\">Nextproptrader \u2019\u0131n t\u00fcm hesap ve i\u015flem kurallar\u0131 aynen ge\u00e7erli olup, s\u0131ralama ve \u00f6d\u00fcl da\u011f\u0131l\u0131m\u0131 sadece funded olan hesaplar aras\u0131nda yap\u0131lacakt\u0131r. Funded olmayan hesaplar de\u011ferlendirmeye al\u0131nmayacakt\u0131r.<\/span><\/p><p class=\"cvGsUA direction-ltr align-justify para-style-body\"><span class=\"a_GcMg font-feature-liga-off font-feature-clig-off font-feature-calt-off text-decoration-none text-strikethrough-none\">Funded olan hesaplar; https:\/\/nextproptrader.com\/dashboard\/ sayfas\u0131nda bulunan ACCOUNT STATS PnL ekran g\u00f6r\u00fcnt\u00fclerini a\u015fa\u011f\u0131da Telegram linki bulunan Trader Club 42 kanal\u0131nda g\u00f6ndermeleri zorunludur. En iyi 3 hesap \u00f6d\u00fcllendirilecektir.<\/span><\/p><p class=\"cvGsUA direction-ltr align-justify para-style-body\"><span class=\"a_GcMg font-feature-liga-off font-feature-clig-off font-feature-calt-off text-decoration-none text-strikethrough-none\">Telegram: <a href=\"https:\/\/t.me\/+BApKVk9bOJ40YWUy\">https:\/\/t.me\/+BApKVk9bOJ40YWUy<\/a><\/span><\/p><p class=\"cvGsUA direction-ltr align-start para-style-body\"><span class=\"a_GcMg font-feature-liga-off font-feature-clig-off font-feature-calt-off text-decoration-none text-strikethrough-none\">\ud83d\udd52 Yar\u0131\u015fma Zaman\u0131 (TR \/ Europe-Istanbul)<\/span><\/p><p class=\"cvGsUA direction-ltr align-start para-style-body\"><span class=\"a_GcMg font-feature-liga-off font-feature-clig-off font-feature-calt-off text-decoration-none text-strikethrough-none\">Ba\u015flang\u0131\u00e7 :<\/span> <span class=\"a_GcMg font-feature-liga-off font-feature-clig-off font-feature-calt-off text-decoration-none text-strikethrough-none\">9 Mart 2026 \/ 02:00<br \/><\/span><span class=\"a_GcMg font-feature-liga-off font-feature-clig-off font-feature-calt-off text-decoration-none text-strikethrough-none\">Biti\u015f<\/span> <span class=\"a_GcMg font-feature-liga-off font-feature-clig-off font-feature-calt-off text-decoration-none text-strikethrough-none\">: 31 Mart 2026 \/ 00:00<\/span><\/p><p class=\"cvGsUA direction-ltr align-start para-style-body\"><span class=\"a_GcMg font-feature-liga-off font-feature-clig-off font-feature-calt-off text-decoration-none text-strikethrough-none\">\ud83d\udc65 Kat\u0131l\u0131m \u015eekli<\/span><\/p><p class=\"cvGsUA direction-ltr align-start para-style-body\"><span class=\"a_GcMg font-feature-liga-off font-feature-clig-off font-feature-calt-off text-decoration-none text-strikethrough-none\">1 ki\u015fi birden fazla hesapla kat\u0131labilir.<br \/><\/span><span class=\"a_GcMg font-feature-liga-off font-feature-clig-off font-feature-calt-off text-decoration-none text-strikethrough-none\">Her hesap ayr\u0131 bir kat\u0131l\u0131m olarak de\u011ferlendirilir.<\/span><\/p><p class=\"cvGsUA direction-ltr align-start para-style-body\"><span class=\"a_GcMg font-feature-liga-off font-feature-clig-off font-feature-calt-off text-decoration-none text-strikethrough-none\">\ud83d\udcca Skor Sistemi<\/span><\/p><p class=\"cvGsUA direction-ltr align-start para-style-body\"><span class=\"a_GcMg font-feature-liga-off font-feature-clig-off font-feature-calt-off text-decoration-none text-strikethrough-none\">S\u0131ralama R hesab\u0131na g\u00f6re yap\u0131lacak olup, en y\u00fcksek R elde eden ilk 3 ki\u015fi kazanan olarak belirlenecektir. E\u015fitlik olmas\u0131 durumunda, daha d\u00fc\u015f\u00fck Max DD kazanan\u0131 belirler.<\/span><\/p><p class=\"cvGsUA direction-ltr align-start para-style-body\"><span class=\"a_GcMg font-feature-liga-off font-feature-clig-off font-feature-calt-off text-decoration-none text-strikethrough-none\">R Skoru Hesaplama = Net PnL \/ Max Loss<\/span><\/p><p class=\"cvGsUA direction-ltr align-center para-style-body\"><span class=\"a_GcMg font-feature-liga-off font-feature-clig-off font-feature-calt-off text-decoration-none text-strikethrough-none\">\ud83c\udfc6 \u00d6d\u00fcller \ud83c\udfc6<\/span><\/p><p class=\"cvGsUA direction-ltr align-center para-style-body\"><span class=\"a_GcMg font-feature-liga-off font-feature-clig-off font-feature-calt-off text-decoration-none text-strikethrough-none\">NEXTPROPTRADER<br \/><\/span><span class=\"a_GcMg font-feature-liga-off font-feature-clig-off font-feature-calt-off text-decoration-none text-strikethrough-none\">Evaluation Account<\/span><\/p><ol><li class=\"cvGsUA direction-ltr align-center para-style-body\"><span class=\"a_GcMg font-feature-liga-off font-feature-clig-off font-feature-calt-off text-decoration-none text-strikethrough-none\">$150.000<\/span><\/li><li class=\"cvGsUA direction-ltr align-center para-style-body\">$50.000<\/li><li class=\"cvGsUA direction-ltr align-center para-style-body\">$25.000<\/li><\/ol><p class=\"cvGsUA direction-ltr align-center para-style-body\"><span class=\"a_GcMg font-feature-liga-off font-feature-clig-off font-feature-calt-off text-decoration-none text-strikethrough-none\">\ud83c\udf9f \u0130ndirim Kodlar\u0131<\/span><\/p><p class=\"cvGsUA direction-ltr align-center para-style-body\"><span class=\"a_GcMg font-feature-liga-off font-feature-clig-off font-feature-calt-off text-decoration-none text-strikethrough-none\">9 Mart 2026&#8217;e kadar<br \/><\/span><span class=\"a_GcMg font-feature-liga-off font-feature-clig-off font-feature-calt-off text-decoration-none text-strikethrough-none\">%30 \u0130ndirim kodu : <span style=\"color: #ffff00;\">TC42-30<\/span><\/span><\/p><p class=\"cvGsUA direction-ltr align-center para-style-body\"><span class=\"a_GcMg font-feature-liga-off font-feature-clig-off font-feature-calt-off text-decoration-none text-strikethrough-none\">S\u00fcresiz<br \/><\/span><span class=\"a_GcMg font-feature-liga-off font-feature-clig-off font-feature-calt-off text-decoration-none text-strikethrough-none\">%10 \u0130ndirim kodu : <span style=\"color: #ffff00;\">TC42<\/span><\/span><\/p>\t\t\t\t\t\t\t\t<\/div>\n\t\t\t\t<\/div>\n\t\t\t\t\t<\/div>\n\t\t\t\t<\/div>\n\t\t<div class=\"elementor-element elementor-element-330643a e-flex e-con-boxed e-con e-parent\" data-id=\"330643a\" data-element_type=\"container\" data-e-type=\"container\">\n\t\t\t\t\t<div class=\"e-con-inner\">\n\t\t<div class=\"elementor-element elementor-element-b1e97f7 e-con-full e-flex e-con e-child\" data-id=\"b1e97f7\" data-element_type=\"container\" data-e-type=\"container\">\n\t\t\t\t<div class=\"elementor-element elementor-element-8e07f9c elementor-widget elementor-widget-image\" data-id=\"8e07f9c\" data-element_type=\"widget\" data-e-type=\"widget\" data-widget_type=\"image.default\">\n\t\t\t\t<div class=\"elementor-widget-container\">\n\t\t\t\t\t\t\t\t\t\t\t\t\t\t\t<img fetchpriority=\"high\" decoding=\"async\" width=\"300\" height=\"300\" src=\"https:\/\/www.traderclub42.info\/wp-content\/uploads\/2025\/07\/512x512px-300x300.png\" class=\"attachment-medium size-medium wp-image-724\" alt=\"\" srcset=\"https:\/\/www.traderclub42.info\/wp-content\/uploads\/2025\/07\/512x512px-300x300.png 300w, https:\/\/www.traderclub42.info\/wp-content\/uploads\/2025\/07\/512x512px-150x150.png 150w, https:\/\/www.traderclub42.info\/wp-content\/uploads\/2025\/07\/512x512px-12x12.png 12w, https:\/\/www.traderclub42.info\/wp-content\/uploads\/2025\/07\/512x512px.png 512w\" sizes=\"(max-width: 300px) 100vw, 300px\" \/>\t\t\t\t\t\t\t\t\t\t\t\t\t\t\t<\/div>\n\t\t\t\t<\/div>\n\t\t\t\t<\/div>\n\t\t<div class=\"elementor-element elementor-element-973cec4 e-con-full e-flex e-con e-child\" data-id=\"973cec4\" data-element_type=\"container\" data-e-type=\"container\">\n\t\t\t\t<div class=\"elementor-element elementor-element-ffbb7ca elementor-widget elementor-widget-image\" data-id=\"ffbb7ca\" data-element_type=\"widget\" data-e-type=\"widget\" data-widget_type=\"image.default\">\n\t\t\t\t<div class=\"elementor-widget-container\">\n\t\t\t\t\t\t\t\t\t\t\t\t\t\t\t<img decoding=\"async\" width=\"300\" height=\"45\" src=\"https:\/\/www.traderclub42.info\/wp-content\/uploads\/2026\/03\/Nextproptrader-Logo-weis-qh9gec4s5qlirkkav31tkewartegzit7l12ymztdj6.png\" class=\"attachment-large size-large wp-image-1556\" alt=\"\" srcset=\"https:\/\/www.traderclub42.info\/wp-content\/uploads\/2026\/03\/Nextproptrader-Logo-weis-qh9gec4s5qlirkkav31tkewartegzit7l12ymztdj6.png 300w, https:\/\/www.traderclub42.info\/wp-content\/uploads\/2026\/03\/Nextproptrader-Logo-weis-qh9gec4s5qlirkkav31tkewartegzit7l12ymztdj6-18x3.png 18w\" sizes=\"(max-width: 300px) 100vw, 300px\" \/>\t\t\t\t\t\t\t\t\t\t\t\t\t\t\t<\/div>\n\t\t\t\t<\/div>\n\t\t\t\t<\/div>\n\t\t\t\t\t<\/div>\n\t\t\t\t<\/div>\n\t\t\t\t<\/div>","protected":false},"excerpt":{"rendered":"<p>TRADER CLUB 42 \ud83c\udfc1 NEXTPROPTRADER CHALLENGE YARI\u015eMA BA\u015eLIYOR Yar\u0131\u015fmaya kat\u0131lmak i\u00e7in; Nextproptrader &#8216;dan diledi\u011finiz b\u00fcy\u00fckl\u00fckteki bir veya birden fazla hesab\u0131 9 Mart 2026 tarihinde bitecek olan TC42-30 %30 indirim kodumuz ile veya yar\u0131\u015fma ba\u015flad\u0131ktan sonra s\u00fcresiz ge\u00e7erli olacak olan TC42 %10 indirim kodumuz ile alman\u0131z yeterlidir. Nextproptrader \u2019\u0131n t\u00fcm hesap ve i\u015flem kurallar\u0131 aynen ge\u00e7erli [&hellip;]<\/p>\n","protected":false},"author":2,"featured_media":0,"parent":0,"menu_order":0,"comment_status":"closed","ping_status":"closed","template":"","meta":{"footnotes":""},"class_list":["post-1549","page","type-page","status-publish","hentry"],"_links":{"self":[{"href":"https:\/\/www.traderclub42.info\/ru\/wp-json\/wp\/v2\/pages\/1549","targetHints":{"allow":["GET"]}}],"collection":[{"href":"https:\/\/www.traderclub42.info\/ru\/wp-json\/wp\/v2\/pages"}],"about":[{"href":"https:\/\/www.traderclub42.info\/ru\/wp-json\/wp\/v2\/types\/page"}],"author":[{"embeddable":true,"href":"https:\/\/www.traderclub42.info\/ru\/wp-json\/wp\/v2\/users\/2"}],"replies":[{"embeddable":true,"href":"https:\/\/www.traderclub42.info\/ru\/wp-json\/wp\/v2\/comments?post=1549"}],"version-history":[{"count":6,"href":"https:\/\/www.traderclub42.info\/ru\/wp-json\/wp\/v2\/pages\/1549\/revisions"}],"predecessor-version":[{"id":1559,"href":"https:\/\/www.traderclub42.info\/ru\/wp-json\/wp\/v2\/pages\/1549\/revisions\/1559"}],"wp:attachment":[{"href":"https:\/\/www.traderclub42.info\/ru\/wp-json\/wp\/v2\/media?parent=1549"}],"curies":[{"name":"wp","href":"https:\/\/api.w.org\/{rel}","templated":true}]}}