{"id":140,"date":"2025-06-23T13:14:52","date_gmt":"2025-06-23T13:14:52","guid":{"rendered":"https:\/\/www.traderclub42.info\/?page_id=140"},"modified":"2025-06-23T13:17:14","modified_gmt":"2025-06-23T13:17:14","slug":"hakkimizda","status":"publish","type":"page","link":"https:\/\/www.traderclub42.info\/ru\/hakkimizda\/","title":{"rendered":"\u041e \u0421\u0428\u0410"},"content":{"rendered":"<div data-elementor-type=\"wp-page\" data-elementor-id=\"140\" class=\"elementor elementor-140\" data-elementor-post-type=\"page\">\n\t\t\t\t<div class=\"elementor-element elementor-element-4d6da4f e-flex e-con-boxed e-con e-parent\" data-id=\"4d6da4f\" data-element_type=\"container\" data-e-type=\"container\">\n\t\t\t\t\t<div class=\"e-con-inner\">\n\t\t\t\t<div class=\"elementor-element elementor-element-66ced21 elementor-widget elementor-widget-text-editor\" data-id=\"66ced21\" data-element_type=\"widget\" data-e-type=\"widget\" data-widget_type=\"text-editor.default\">\n\t\t\t\t<div class=\"elementor-widget-container\">\n\t\t\t\t\t\t\t\t\t<h2 data-start=\"111\" data-end=\"180\">\ud83c\udfaf <strong data-start=\"117\" data-end=\"180\">TraderClub42 - \u0410\u0434\u0440\u0435\u0441 \u0434\u043b\u044f \u0440\u0435\u0430\u043b\u044c\u043d\u043e\u0433\u043e \u0442\u0440\u0435\u0439\u0434\u0438\u043d\u0433\u0430 \u0438 \u043b\u0438\u0447\u043d\u043e\u0433\u043e \u043f\u0440\u0435\u043e\u0431\u0440\u0430\u0436\u0435\u043d\u0438\u044f<\/strong><\/h2><p data-start=\"182\" data-end=\"460\">\u041d\u0430\u0448\u0430 \u043f\u0440\u043e\u0433\u0440\u0430\u043c\u043c\u0430 \u043e\u0431\u0443\u0447\u0435\u043d\u0438\u044f, <strong data-start=\"202\" data-end=\"233\">\u0418\u0441\u043f\u043e\u043b\u044c\u0437\u043e\u0432\u0430\u043d\u0438\u0435 \u043f\u043b\u0430\u0442\u0444\u043e\u0440\u043c\u044b ATAS<\/strong> \u0438 <strong data-start=\"237\" data-end=\"276\">\u043e\u0441\u043d\u043e\u0432\u044b \u043e\u0431\u044a\u0435\u043c\u043d\u043e\u0433\u043e \u0430\u043d\u0430\u043b\u0438\u0437\u0430<\/strong> \u043d\u0430 \u043a\u0440\u0438\u043f\u0442\u043e\u0432\u0430\u043b\u044e\u0442\u043d\u043e\u043c \u0440\u044b\u043d\u043a\u0435. \u0422\u043e\u0440\u0433\u043e\u0432\u044b\u0435 \u0441\u0442\u0440\u0430\u0442\u0435\u0433\u0438\u0438 \u0441 ATAS \u043d\u0430 \u043a\u0440\u0438\u043f\u0442\u043e\u0432\u0430\u043b\u044e\u0442\u043d\u043e\u043c \u0440\u044b\u043d\u043a\u0435, \u0441\u043f\u0435\u0446\u0438\u0430\u043b\u044c\u043d\u044b\u0435 \u0432\u0438\u0434\u0435\u043e\u0440\u043e\u043b\u0438\u043a\u0438 \u043f\u043e \u0441\u0442\u0440\u0430\u0442\u0435\u0433\u0438\u044f\u043c \u0438 \u0432\u0441\u0435 \u0442\u0435\u0445\u043d\u0438\u0447\u0435\u0441\u043a\u0438\u0435 \u0434\u0435\u0442\u0430\u043b\u0438 \u043f\u043b\u0430\u0442\u0444\u043e\u0440\u043c\u044b \u044f\u0432\u043b\u044f\u044e\u0442\u0441\u044f \u0447\u0430\u0441\u0442\u044c\u044e \u043f\u0440\u0435\u0434\u043b\u0430\u0433\u0430\u0435\u043c\u043e\u0433\u043e \u043d\u0430\u043c\u0438 \u043e\u0431\u0440\u0430\u0437\u043e\u0432\u0430\u0442\u0435\u043b\u044c\u043d\u043e\u0433\u043e \u043a\u043e\u043d\u0442\u0435\u043d\u0442\u0430.<\/p><p data-start=\"462\" data-end=\"802\">\u0410 \u0442\u0430\u043a\u0436\u0435 \u044d\u0442\u0438, <strong data-start=\"482\" data-end=\"501\">\u0430\u043d\u0430\u043b\u0438\u0437 \u043b\u0438\u0447\u043d\u043e\u0441\u0442\u0438<\/strong>, <strong data-start=\"503\" data-end=\"526\">\u043f\u0441\u0438\u0445\u043e\u043b\u043e\u0433\u0438\u044f \u0431\u0438\u0437\u043d\u0435\u0441\u0430<\/strong>, <strong data-start=\"528\" data-end=\"552\">\u0444\u0438\u043d\u0430\u043d\u0441\u043e\u0432\u0430\u044f \u043e\u0441\u0432\u0435\u0434\u043e\u043c\u043b\u0435\u043d\u043d\u043e\u0441\u0442\u044c<\/strong> \u0438 <strong data-start=\"556\" data-end=\"573\">\u0443\u043f\u0440\u0430\u0432\u043b\u0435\u043d\u0438\u0435 \u0440\u0438\u0441\u043a\u0430\u043c\u0438<\/strong> \u041c\u044b \u0442\u0430\u043a\u0436\u0435 \u043f\u0440\u0435\u0434\u043b\u0430\u0433\u0430\u0435\u043c \u0432\u0441\u0435\u0441\u0442\u043e\u0440\u043e\u043d\u043d\u044e\u044e \u043f\u043e\u0434\u0434\u0435\u0440\u0436\u043a\u0443 \u0432 \u0442\u0430\u043a\u0438\u0445 \u043e\u0431\u043b\u0430\u0441\u0442\u044f\u0445, \u043a\u0430\u043a \u0412 \u043d\u0430\u0448\u0435\u043c \u0441\u043e\u043e\u0431\u0449\u0435\u0441\u0442\u0432\u0435 \u0432 Telegram \u043c\u044b \u043f\u0440\u0435\u0434\u043b\u0430\u0433\u0430\u0435\u043c \u0430\u043d\u0430\u043b\u0438\u0437 \u0440\u044b\u043d\u043a\u0430, \u0442\u043e\u0440\u0433\u043e\u0432\u044b\u0435 \u043a\u043e\u043c\u043c\u0435\u043d\u0442\u0430\u0440\u0438\u0438 \u0438 \u043e\u0431\u0440\u0430\u0442\u043d\u0443\u044e \u0441\u0432\u044f\u0437\u044c \u0442\u0435\u0442-\u0430-\u0442\u0435\u0442, \u043e\u0442\u0432\u0435\u0447\u0430\u044f \u043d\u0430 \u0432\u0441\u0435 \u0432\u0430\u0448\u0438 \u0432\u043e\u043f\u0440\u043e\u0441\u044b. <strong data-start=\"738\" data-end=\"781\">\u041a\u043e\u043c\u0430\u043d\u0434\u0430 \u043e\u043f\u044b\u0442\u043d\u044b\u0445 \u0442\u0440\u0435\u0439\u0434\u0435\u0440\u043e\u0432 TraderClub42<\/strong> \u0432\u0441\u0435\u0433\u0434\u0430 \u0440\u044f\u0434\u043e\u043c \u0441 \u0432\u0430\u043c\u0438.<\/p><hr data-start=\"804\" data-end=\"807\" \/><h2 data-start=\"809\" data-end=\"838\">\ud83e\udd1d <strong data-start=\"815\" data-end=\"838\">\u041f\u043e\u0447\u0435\u043c\u0443 TraderClub42?<\/strong><\/h2><p data-start=\"840\" data-end=\"1164\"><strong data-start=\"840\" data-end=\"873\">\u0414\u043e\u0431\u0440\u043e \u043f\u043e\u0436\u0430\u043b\u043e\u0432\u0430\u0442\u044c \u0432 TraderClub42.<\/strong> \u0415\u0441\u043b\u0438 \u0432\u044b \u0433\u043e\u0442\u043e\u0432\u044b \u043f\u043e-\u043d\u0430\u0441\u0442\u043e\u044f\u0449\u0435\u043c\u0443 \u0438\u0437\u043c\u0435\u043d\u0438\u0442\u044c \u0441\u0432\u043e\u044e \u0436\u0438\u0437\u043d\u044c, \u0432\u044b \u043f\u043e\u043f\u0430\u043b\u0438 \u043f\u043e \u0430\u0434\u0440\u0435\u0441\u0443. \u0414\u043b\u044f \u043d\u0430\u0441 <strong data-start=\"954\" data-end=\"973\">\u043e\u0440\u0438\u0435\u043d\u0442\u0430\u0446\u0438\u044f \u043d\u0430 \u0447\u0435\u043b\u043e\u0432\u0435\u043a\u0430<\/strong> \u0441\u0442\u043e\u0438\u0442 \u0432\u043e \u0433\u043b\u0430\u0432\u0435 \u0432\u0441\u0435\u0433\u043e. \u041d\u0430\u0448\u0438 \u0438\u043d\u0442\u0435\u0440\u0435\u0441\u044b \u043d\u0435 \u043e\u0433\u0440\u0430\u043d\u0438\u0447\u0438\u0432\u0430\u044e\u0442\u0441\u044f \u0437\u0430\u0440\u0430\u0431\u0430\u0442\u044b\u0432\u0430\u043d\u0438\u0435\u043c \u0434\u0435\u043d\u0435\u0433, \u043d\u043e \u0438 <strong data-start=\"1067\" data-end=\"1086\">\u043b\u0438\u0447\u043d\u043e\u0435 \u0440\u0430\u0437\u0432\u0438\u0442\u0438\u0435<\/strong>, <strong data-start=\"1088\" data-end=\"1108\">\u043f\u0441\u0438\u0445\u043e\u043b\u043e\u0433\u0438\u0447\u0435\u0441\u043a\u043e\u0435 \u0440\u0430\u0432\u043d\u043e\u0432\u0435\u0441\u0438\u0435<\/strong> \u0438 <strong data-start=\"1112\" data-end=\"1131\">\u043f\u0441\u0438\u0445\u0438\u0447\u0435\u0441\u043a\u043e\u0435 \u0437\u0434\u043e\u0440\u043e\u0432\u044c\u0435<\/strong> \u041c\u044b \u0442\u0430\u043a\u0436\u0435 \u043f\u0440\u0438\u0434\u0430\u0435\u043c \u0431\u043e\u043b\u044c\u0448\u043e\u0435 \u0437\u043d\u0430\u0447\u0435\u043d\u0438\u0435 \u0442\u0430\u043a\u0438\u043c \u043e\u0431\u043b\u0430\u0441\u0442\u044f\u043c, \u043a\u0430\u043a.<\/p><p data-start=\"1166\" data-end=\"1281\">\u0427\u0442\u043e\u0431\u044b \u043f\u0440\u0438\u0441\u043e\u0435\u0434\u0438\u043d\u0438\u0442\u044c\u0441\u044f \u043a \u043d\u0430\u0448\u0435\u0439 \u0433\u0440\u0443\u043f\u043f\u0435, \u0432\u0430\u043c \u043d\u0435 \u043d\u0443\u0436\u043d\u043e \u043f\u043b\u0430\u0442\u0438\u0442\u044c \u043d\u0438\u043a\u0430\u043a\u0438\u0445 \u0432\u0437\u043d\u043e\u0441\u043e\u0432. \u041f\u043e\u0442\u043e\u043c\u0443 \u0447\u0442\u043e <strong data-start=\"1236\" data-end=\"1269\">\u0421\u0438\u043b\u0430 \u0437\u043d\u0430\u043d\u0438\u0439 \u0438 \u0441\u043e\u043e\u0431\u0449\u0435\u0441\u0442\u0432\u0430<\/strong> \u041c\u044b \u0432\u0435\u0440\u0438\u043c.<\/p><hr data-start=\"1283\" data-end=\"1286\" \/><h2 data-start=\"1288\" data-end=\"1314\">\ud83c\udf81 <strong data-start=\"1294\" data-end=\"1314\">\u0427\u0442\u043e \u043c\u044b \u043f\u0440\u0435\u0434\u043b\u0430\u0433\u0430\u0435\u043c?<\/strong><\/h2><ul data-start=\"1316\" data-end=\"1626\"><li data-start=\"1316\" data-end=\"1379\"><p data-start=\"1318\" data-end=\"1379\">2 \u0440\u0430\u0437\u0430 \u0432 \u043d\u0435\u0434\u0435\u043b\u044e \u0431\u0435\u0441\u043f\u043b\u0430\u0442\u043d\u043e <strong data-start=\"1341\" data-end=\"1379\">\u043e\u0431\u0443\u0447\u0435\u043d\u0438\u0435 \u0440\u0435\u0430\u043b\u044c\u043d\u043e\u0439 \u0442\u043e\u0440\u0433\u043e\u0432\u043b\u0435<\/strong><\/p><\/li><li data-start=\"1380\" data-end=\"1434\"><p data-start=\"1382\" data-end=\"1434\">\u0411\u0435\u0441\u043f\u043b\u0430\u0442\u043d\u043e <strong data-start=\"1391\" data-end=\"1423\">\u0431\u044d\u043a\u0442\u0435\u0441\u0442\u0438\u043d\u0433<\/strong> \u0442\u0440\u0435\u043d\u0438\u043d\u0433\u0438<\/p><\/li><li data-start=\"1435\" data-end=\"1477\"><p data-start=\"1437\" data-end=\"1477\">\u0411\u0435\u0441\u043f\u043b\u0430\u0442\u043d\u043e <strong data-start=\"1446\" data-end=\"1469\">\u0431\u0430\u0437\u043e\u0432\u044b\u0439 \u0430\u043d\u0430\u043b\u0438\u0437 \u043e\u0431\u044a\u0435\u043c\u0430<\/strong> \u043e\u0431\u0440\u0430\u0437\u043e\u0432\u0430\u043d\u0438\u0435<\/p><\/li><li data-start=\"1478\" data-end=\"1514\"><p data-start=\"1480\" data-end=\"1514\">\u0411\u0435\u0441\u043f\u043b\u0430\u0442\u043d\u043e <strong data-start=\"1489\" data-end=\"1514\">\u041e\u0431\u0443\u0447\u0435\u043d\u0438\u0435 \u0440\u0430\u0431\u043e\u0442\u0435 \u0441 \u043f\u043b\u0430\u0442\u0444\u043e\u0440\u043c\u043e\u0439 ATAS<\/strong><\/p><\/li><li data-start=\"1515\" data-end=\"1575\"><p data-start=\"1517\" data-end=\"1575\">\u0411\u0435\u0441\u043f\u043b\u0430\u0442\u043d\u043e <strong data-start=\"1526\" data-end=\"1564\">\u043f\u0441\u0438\u0445\u043e\u043b\u043e\u0433\u0438\u044f, \u0437\u0434\u043e\u0440\u043e\u0432\u044c\u0435 \u0438 \u0443\u043f\u0440\u0430\u0432\u043b\u0435\u043d\u0438\u0435 \u0440\u0438\u0441\u043a\u0430\u043c\u0438<\/strong> \u0438\u0441\u0442\u043e\u0447\u043d\u0438\u043a\u0438<\/p><\/li><li data-start=\"1576\" data-end=\"1626\"><p data-start=\"1578\" data-end=\"1626\">\u041a\u043d\u0438\u0433\u0438, \u0432\u0438\u0434\u0435\u043e, \u0434\u043e\u043a\u0443\u043c\u0435\u043d\u0442\u044b \u0438 \u0441\u043f\u0435\u0446\u0438\u0430\u043b\u0438\u0437\u0438\u0440\u043e\u0432\u0430\u043d\u043d\u044b\u0435 \u043c\u0430\u0442\u0435\u0440\u0438\u0430\u043b\u044b<\/p><\/li><\/ul><p data-start=\"1628\" data-end=\"1890\">\u0414\u0430, \u0437\u0434\u0435\u0441\u044c \u0441\u043f\u0440\u044f\u0442\u0430\u043d \"\u0441\u0432\u044f\u0442\u043e\u0439 \u0433\u0440\u0430\u0430\u043b\u044c\". \u041d\u043e \u0431\u0443\u0434\u044c\u0442\u0435 \u043e\u0441\u0442\u043e\u0440\u043e\u0436\u043d\u044b: <strong data-start=\"1674\" data-end=\"1729\">\u041d\u0435\u0434\u043e\u0441\u0442\u0430\u0442\u043e\u0447\u043d\u043e \u0438\u043c\u0435\u0442\u044c \u0437\u043d\u0430\u043d\u0438\u044f, \u043d\u0435\u043e\u0431\u0445\u043e\u0434\u0438\u043c\u043e \u0443\u043c\u0435\u0442\u044c \u0438\u0445 \u043f\u0440\u0438\u043c\u0435\u043d\u044f\u0442\u044c.<\/strong> \u041d\u0430 \u044d\u0442\u0430\u043f\u0435 \u0432\u043d\u0435\u0434\u0440\u0435\u043d\u0438\u044f \u0433\u043b\u0430\u0432\u043d\u044b\u043c \u043f\u0440\u0435\u043f\u044f\u0442\u0441\u0442\u0432\u0438\u0435\u043c \u0447\u0430\u0441\u0442\u043e \u0441\u0442\u0430\u043d\u043e\u0432\u0438\u0442\u0441\u044f \u043f\u0441\u0438\u0445\u043e\u043b\u043e\u0433\u0438\u044f \u0438 \u0432\u043e\u0441\u043f\u0440\u0438\u044f\u0442\u0438\u0435 \u0440\u0438\u0441\u043a\u0430 \u0447\u0435\u043b\u043e\u0432\u0435\u043a\u043e\u043c. \u0412\u0435\u0434\u044c \u044d\u0442\u0430 \u0440\u0430\u0431\u043e\u0442\u0430 \u0441\u0432\u044f\u0437\u0430\u043d\u0430 \u043d\u0435 \u0442\u043e\u043b\u044c\u043a\u043e \u0441 \u0442\u0435\u0445\u043d\u0438\u0447\u0435\u0441\u043a\u0438\u043c\u0438 \u0437\u043d\u0430\u043d\u0438\u044f\u043c\u0438, <strong data-start=\"1858\" data-end=\"1881\">\u0441 \u0443\u043c\u0441\u0442\u0432\u0435\u043d\u043d\u043e\u0439 \u0434\u0438\u0441\u0446\u0438\u043f\u043b\u0438\u043d\u043e\u0439<\/strong> \u042d\u0442\u043e \u0441\u0434\u0435\u043b\u0430\u043d\u043e.<\/p><p data-start=\"1892\" data-end=\"2113\">\u041d\u0435\u043b\u0435\u0433\u043a\u043e \u043f\u0435\u0440\u0435\u0439\u0442\u0438 \u043e\u0442 \u043a\u043b\u0430\u0441\u0441\u0438\u0447\u0435\u0441\u043a\u043e\u0433\u043e \u043f\u043e\u0442\u0440\u0435\u0431\u0438\u0442\u0435\u043b\u044c\u0441\u043a\u043e\u0433\u043e \u043c\u0435\u043d\u0442\u0430\u043b\u0438\u0442\u0435\u0442\u0430 \u043a \u043c\u0435\u043d\u0442\u0430\u043b\u0438\u0442\u0435\u0442\u0443 \u043f\u0440\u043e\u0438\u0437\u0432\u043e\u0434\u0438\u0442\u0435\u043b\u044f. \u041d\u043e \u0434\u0435\u043d\u044c\u0433\u0438 \u043d\u0430 \u0431\u0438\u0440\u0436\u0435 \u043c\u043e\u0436\u043d\u043e \u0437\u0430\u0440\u0430\u0431\u043e\u0442\u0430\u0442\u044c \u0442\u043e\u043b\u044c\u043a\u043e \u0431\u043b\u0430\u0433\u043e\u0434\u0430\u0440\u044f \u0442\u0430\u043a\u043e\u043c\u0443 \u043f\u0435\u0440\u0435\u0445\u043e\u0434\u0443. \u041f\u043e\u044d\u0442\u043e\u043c\u0443 \u043d\u0430\u0448\u0430 \u0446\u0435\u043b\u044c - \u043e\u0431\u0443\u0447\u0438\u0442\u044c \u0432\u0430\u0441 \u043d\u0435 \u0442\u043e\u043b\u044c\u043a\u043e \u0442\u0435\u0445\u043d\u0438\u0447\u0435\u0441\u043a\u0438\u043c \u043d\u0430\u0432\u044b\u043a\u0430\u043c, <strong data-start=\"2065\" data-end=\"2113\">\u043c\u0435\u043d\u0442\u0430\u043b\u044c\u043d\u043e \u0438 \u0441\u0442\u0440\u0430\u0442\u0435\u0433\u0438\u0447\u0435\u0441\u043a\u0438.<\/strong><\/p><hr data-start=\"2115\" data-end=\"2118\" \/><h2 data-start=\"2120\" data-end=\"2140\">\ud83c\udf0d <strong data-start=\"2126\" data-end=\"2140\">\u041d\u0430\u0448\u0430 \u043c\u0438\u0441\u0441\u0438\u044f<\/strong><\/h2><p data-start=\"2142\" data-end=\"2360\">\u041d\u0430\u0448\u0430 \u0446\u0435\u043b\u044c - \u0447\u0442\u043e\u0431\u044b \u043b\u044e\u0434\u0438 <strong data-start=\"2164\" data-end=\"2189\">\u043e\u0441\u0432\u043e\u0431\u043e\u0434\u0438\u0442\u044c\u0441\u044f<\/strong>, <strong data-start=\"2191\" data-end=\"2227\">\u0432\u0435\u0441\u0442\u0438 \u043f\u043e\u043b\u043d\u043e\u0446\u0435\u043d\u043d\u0443\u044e \u0436\u0438\u0437\u043d\u044c<\/strong> \u0438 <strong data-start=\"2231\" data-end=\"2271\">\u043f\u043e\u0432\u044b\u0441\u0438\u0442\u044c \u0444\u0438\u043d\u0430\u043d\u0441\u043e\u0432\u0443\u044e\/\u043f\u0441\u0438\u0445\u0438\u0447\u0435\u0441\u043a\u0443\u044e \u0443\u0441\u0442\u043e\u0439\u0447\u0438\u0432\u043e\u0441\u0442\u044c<\/strong> \u0438 \u0447\u0435\u043b\u043e\u0432\u0435\u0447\u0435\u0441\u0442\u0432\u0430. \u041c\u044b \u0434\u043e\u0441\u0442\u0438\u0433\u0430\u0435\u043c \u044d\u0442\u043e\u0433\u043e \u043a\u0430\u043a \u0441\u043e\u043e\u0431\u0449\u0435\u0441\u0442\u0432\u043e, \u043a\u043e\u0442\u043e\u0440\u043e\u0435 \u043f\u0440\u0438\u0432\u043d\u043e\u0441\u0438\u0442 \u0446\u0435\u043d\u043d\u043e\u0441\u0442\u044c \u0432 \u043d\u0430\u0448\u0435 \u043e\u0431\u0449\u0435\u0441\u0442\u0432\u043e \u0438 \u0447\u0435\u043b\u043e\u0432\u0435\u0447\u0435\u0441\u0442\u0432\u043e.<\/p><hr data-start=\"2362\" data-end=\"2365\" \/><h2 data-start=\"2367\" data-end=\"2396\">\ud83d\udcde <strong data-start=\"2373\" data-end=\"2396\">\u041a\u043e\u043c\u043c\u0443\u043d\u0438\u043a\u0430\u0446\u0438\u044f \u0438 \u0443\u0447\u0430\u0441\u0442\u0438\u0435<\/strong><\/h2><p data-start=\"2398\" data-end=\"2558\">\u0414\u043b\u044f \u043d\u0430\u0441 <strong data-start=\"2403\" data-end=\"2415\">Telegram<\/strong> \u0438\u043b\u0438 <strong data-start=\"2421\" data-end=\"2432\">\u0414\u0438\u0441\u043a\u043e\u0440\u0434<\/strong> \u0412\u044b \u043c\u043e\u0436\u0435\u0442\u0435 \u043b\u0435\u0433\u043a\u043e \u0441\u0432\u044f\u0437\u0430\u0442\u044c\u0441\u044f \u0441 \u043d\u0430\u043c\u0438. \u0412\u044b \u0442\u0430\u043a\u0436\u0435 \u043c\u043e\u0436\u0435\u0442\u0435 \u0441\u0442\u0430\u0442\u044c \u0447\u043b\u0435\u043d\u043e\u043c \u043a\u043b\u0443\u0431\u0430 \u0447\u0435\u0440\u0435\u0437 \u043d\u0430\u0448 \u0441\u0430\u0439\u0442 \u0438 \u043f\u043e\u043b\u0443\u0447\u0438\u0442\u044c \u043f\u043e\u0434\u0440\u043e\u0431\u043d\u0443\u044e \u0438\u043d\u0444\u043e\u0440\u043c\u0430\u0446\u0438\u044e \u043e \u0442\u0440\u0435\u043d\u0438\u043d\u0433\u0430\u0445.<\/p><hr data-start=\"2560\" data-end=\"2563\" \/><h2 data-start=\"2565\" data-end=\"2592\">\ud83d\udd0d <strong data-start=\"2571\" data-end=\"2592\">\u041e\u0431\u043b\u0430\u0441\u0442\u0438 \u0434\u0435\u044f\u0442\u0435\u043b\u044c\u043d\u043e\u0441\u0442\u0438:<\/strong><\/h2><ul data-start=\"2594\" data-end=\"2788\"><li data-start=\"2594\" data-end=\"2629\"><p data-start=\"2596\" data-end=\"2629\">\u041e\u0431\u044a\u0435\u043c\u043d\u0430\u044f \u0442\u043e\u0440\u0433\u043e\u0432\u043b\u044f<\/p><\/li><li data-start=\"2630\" data-end=\"2673\"><p data-start=\"2632\" data-end=\"2673\">\u041f\u043b\u0430\u0442\u0444\u043e\u0440\u043c\u0430 ATAS \u0438 \u043f\u0440\u043e\u0444\u0435\u0441\u0441\u0438\u043e\u043d\u0430\u043b\u044c\u043d\u043e\u0435 \u0438\u0441\u043f\u043e\u043b\u044c\u0437\u043e\u0432\u0430\u043d\u0438\u0435<\/p><\/li><li data-start=\"2674\" data-end=\"2697\"><p data-start=\"2676\" data-end=\"2697\">\u0420\u0430\u0437\u0440\u0430\u0431\u043e\u0442\u043a\u0430 \u0441\u0442\u0440\u0430\u0442\u0435\u0433\u0438\u0438<\/p><\/li><li data-start=\"2698\" data-end=\"2736\"><p data-start=\"2700\" data-end=\"2736\">\u041f\u0441\u0438\u0445\u043e\u043b\u043e\u0433\u0438\u0447\u0435\u0441\u043a\u0430\u044f \u043f\u043e\u0434\u0433\u043e\u0442\u043e\u0432\u043a\u0430 \u0438 \u043e\u0441\u0432\u0435\u0434\u043e\u043c\u043b\u0435\u043d\u043d\u043e\u0441\u0442\u044c<\/p><\/li><li data-start=\"2737\" data-end=\"2754\"><p data-start=\"2739\" data-end=\"2754\">\u0423\u043f\u0440\u0430\u0432\u043b\u0435\u043d\u0438\u0435 \u0440\u0438\u0441\u043a\u0430\u043c\u0438<\/p><\/li><li data-start=\"2755\" data-end=\"2788\"><p data-start=\"2757\" data-end=\"2788\">\u041b\u0438\u0447\u043d\u043e\u0435 \u0440\u0430\u0437\u0432\u0438\u0442\u0438\u0435 \u0438 \u043f\u0441\u0438\u0445\u0438\u0447\u0435\u0441\u043a\u0430\u044f \u0441\u0438\u043b\u0430<\/p><\/li><\/ul>\t\t\t\t\t\t\t\t<\/div>\n\t\t\t\t<\/div>\n\t\t\t\t\t<\/div>\n\t\t\t\t<\/div>\n\t\t\t\t<\/div>","protected":false},"excerpt":{"rendered":"<p>\ud83c\udfaf TraderClub42 \u2013 Ger\u00e7ek Ticaretin ve Ki\u015fisel D\u00f6n\u00fc\u015f\u00fcm\u00fcn Adresi E\u011fitim program\u0131m\u0131z, ATAS platformunun kullan\u0131m\u0131 ve hacim temelli analizlerin temelleri \u00fczerine odaklanmaktad\u0131r. Kripto para piyasas\u0131nda ATAS ile i\u015flem stratejileri, \u00f6zel strateji videolar\u0131 ve platformun t\u00fcm teknik detaylar\u0131, sundu\u011fumuz e\u011fitim i\u00e7eri\u011finin bir par\u00e7as\u0131d\u0131r. Bunlar\u0131n yan\u0131 s\u0131ra, ki\u015filik analizi, ticaret psikolojisi, finansal fark\u0131ndal\u0131k ve risk y\u00f6netimi gibi alanlarda [&hellip;]<\/p>\n","protected":false},"author":2,"featured_media":0,"parent":0,"menu_order":0,"comment_status":"closed","ping_status":"closed","template":"","meta":{"footnotes":""},"class_list":["post-140","page","type-page","status-publish","hentry"],"_links":{"self":[{"href":"https:\/\/www.traderclub42.info\/ru\/wp-json\/wp\/v2\/pages\/140","targetHints":{"allow":["GET"]}}],"collection":[{"href":"https:\/\/www.traderclub42.info\/ru\/wp-json\/wp\/v2\/pages"}],"about":[{"href":"https:\/\/www.traderclub42.info\/ru\/wp-json\/wp\/v2\/types\/page"}],"author":[{"embeddable":true,"href":"https:\/\/www.traderclub42.info\/ru\/wp-json\/wp\/v2\/users\/2"}],"replies":[{"embeddable":true,"href":"https:\/\/www.traderclub42.info\/ru\/wp-json\/wp\/v2\/comments?post=140"}],"version-history":[{"count":4,"href":"https:\/\/www.traderclub42.info\/ru\/wp-json\/wp\/v2\/pages\/140\/revisions"}],"predecessor-version":[{"id":146,"href":"https:\/\/www.traderclub42.info\/ru\/wp-json\/wp\/v2\/pages\/140\/revisions\/146"}],"wp:attachment":[{"href":"https:\/\/www.traderclub42.info\/ru\/wp-json\/wp\/v2\/media?parent=140"}],"curies":[{"name":"wp","href":"https:\/\/api.w.org\/{rel}","templated":true}]}}