{"id":116,"date":"2025-06-23T13:55:38","date_gmt":"2025-06-23T13:55:38","guid":{"rendered":"https:\/\/www.traderclub42.info\/?page_id=116"},"modified":"2025-06-23T15:28:42","modified_gmt":"2025-06-23T15:28:42","slug":"atas-egitimi","status":"publish","type":"page","link":"https:\/\/www.traderclub42.info\/ru\/atas-egitimi\/","title":{"rendered":"\u041e\u0411\u0423\u0427\u0415\u041d\u0418\u0415 \u041d\u0410 \u041f\u041b\u0410\u0422\u0424\u041e\u0420\u041c\u0415 ATAS"},"content":{"rendered":"<div data-elementor-type=\"wp-post\" data-elementor-id=\"116\" class=\"elementor elementor-116\" data-elementor-post-type=\"page\">\n\t\t\t\t<div class=\"elementor-element elementor-element-8449881 e-con-full e-flex e-con e-parent\" data-id=\"8449881\" data-element_type=\"container\" data-e-type=\"container\">\n\t\t\t\t<div class=\"elementor-element elementor-element-9200c3c elementor-widget elementor-widget-text-editor\" data-id=\"9200c3c\" data-element_type=\"widget\" data-e-type=\"widget\" data-widget_type=\"text-editor.default\">\n\t\t\t\t<div class=\"elementor-widget-container\">\n\t\t\t\t\t\t\t\t\t<h2 data-start=\"180\" data-end=\"230\">\ud83d\udcca <strong data-start=\"186\" data-end=\"230\">\u0421\u043a\u043e\u0440\u043e \u0431\u0443\u0434\u0435\u0442 \u041e\u0431\u0443\u0447\u0435\u043d\u0438\u0435 \u0440\u0430\u0431\u043e\u0442\u0435 \u0441 \u043f\u043b\u0430\u0442\u0444\u043e\u0440\u043c\u043e\u0439 ATAS \u043d\u0430\u0447\u0438\u043d\u0430\u0435\u0442\u0441\u044f!<\/strong><\/h2>\n<p data-start=\"232\" data-end=\"328\">\u041d\u0435 \u0441 \u043f\u043e\u0432\u0435\u0440\u0445\u043d\u043e\u0441\u0442\u0438 \u0440\u044b\u043d\u043a\u0430, <strong data-start=\"257\" data-end=\"287\">\u0433\u043b\u0443\u0431\u043e\u043a\u043e \u0430\u043d\u0430\u043b\u0438\u0437\u0438\u0440\u043e\u0432\u0430\u0442\u044c<\/strong> \u0414\u043b\u044f \u0442\u0435\u0445, \u043a\u0442\u043e \u044d\u0442\u043e\u0433\u043e \u0445\u043e\u0447\u0435\u0442, \u043f\u0440\u043e\u0432\u043e\u0434\u0438\u0442\u0441\u044f \u0441\u043f\u0435\u0446\u0438\u0430\u043b\u044c\u043d\u043e\u0435 \u043e\u0431\u0443\u0447\u0435\u043d\u0438\u0435!<\/p>\n<p data-start=\"330\" data-end=\"467\">\u041a\u0430\u043a TraderClub42, \u043c\u044b \u0437\u0430\u043f\u0443\u0441\u043a\u0430\u0435\u043c <strong data-start=\"383\" data-end=\"408\">\u041e\u0431\u0443\u0447\u0435\u043d\u0438\u0435 \u0440\u0430\u0431\u043e\u0442\u0435 \u0441 \u043f\u043b\u0430\u0442\u0444\u043e\u0440\u043c\u043e\u0439 ATAS<\/strong> \u041c\u044b \u043f\u0440\u043e\u0432\u043e\u0434\u0438\u043c \u0430\u043d\u0430\u043b\u0438\u0437 \u043e\u0431\u044a\u0435\u043c\u0430 \u043d\u0430 \u043f\u0440\u043e\u0444\u0435\u0441\u0441\u0438\u043e\u043d\u0430\u043b\u044c\u043d\u043e\u043c \u0443\u0440\u043e\u0432\u043d\u0435.<\/p>\n<hr data-start=\"469\" data-end=\"472\" \/>\n<h3 data-start=\"474\" data-end=\"518\">\ud83c\udfaf <strong data-start=\"481\" data-end=\"518\">\u0427\u0435\u043c\u0443 \u0432\u044b \u043d\u0430\u0443\u0447\u0438\u0442\u0435\u0441\u044c \u043d\u0430 \u044d\u0442\u043e\u043c \u0442\u0440\u0435\u043d\u0438\u043d\u0433\u0435?<\/strong><\/h3>\n<ul data-start=\"520\" data-end=\"922\">\n<li data-start=\"520\" data-end=\"562\">\n<p data-start=\"522\" data-end=\"562\"><strong data-start=\"522\" data-end=\"560\">\u042d\u0444\u0444\u0435\u043a\u0442\u0438\u0432\u043d\u043e\u0435 \u0438\u0441\u043f\u043e\u043b\u044c\u0437\u043e\u0432\u0430\u043d\u0438\u0435 \u043f\u043b\u0430\u0442\u0444\u043e\u0440\u043c\u044b ATAS<\/strong><\/p>\n<\/li>\n<li data-start=\"563\" data-end=\"619\">\n<p data-start=\"565\" data-end=\"619\">\u0420\u0435\u0430\u043b\u044c\u043d\u043e\u0435 \u0432\u0440\u0435\u043c\u044f <strong data-start=\"580\" data-end=\"610\">\u043f\u043e\u0442\u043e\u043a \u0437\u0430\u043a\u0430\u0437\u043e\u0432<\/strong> \u043f\u043e\u0441\u043b\u0435\u0434\u0443\u044e\u0449\u0438\u0435 \u0434\u0435\u0439\u0441\u0442\u0432\u0438\u044f<\/p>\n<\/li>\n<li data-start=\"620\" data-end=\"680\">\n<p data-start=\"622\" data-end=\"680\"><strong data-start=\"622\" data-end=\"646\">\u0413\u0440\u0430\u0444\u0438\u043a\u0430 \u0441\u043b\u0435\u0434\u043e\u0432<\/strong> \u0443\u0432\u0438\u0434\u0435\u0442\u044c \u043e\u0431\u044a\u0435\u043c \u0437\u0430 \u0441\u0432\u0435\u0447\u043e\u0439 \u0441<\/p>\n<\/li>\n<li data-start=\"681\" data-end=\"784\">\n<p data-start=\"683\" data-end=\"784\"><strong data-start=\"683\" data-end=\"701\">\u041f\u0440\u043e\u0444\u0438\u043b\u044c \u043e\u0431\u044a\u0435\u043c\u0430<\/strong>, <strong data-start=\"703\" data-end=\"721\">\u041f\u0440\u043e\u0444\u0438\u043b\u044c \u0440\u044b\u043d\u043a\u0430<\/strong>, <strong data-start=\"723\" data-end=\"740\">\u0414\u0435\u043b\u044c\u0442\u0430-\u0430\u043d\u0430\u043b\u0438\u0437<\/strong> \u043f\u043b\u0430\u043d\u0438\u0440\u043e\u0432\u0430\u043d\u0438\u0435 \u0441\u0434\u0435\u043b\u043e\u043a \u0441 \u043f\u043e\u043c\u043e\u0449\u044c\u044e \u043f\u0440\u043e\u0444\u0435\u0441\u0441\u0438\u043e\u043d\u0430\u043b\u044c\u043d\u044b\u0445 \u0438\u043d\u0441\u0442\u0440\u0443\u043c\u0435\u043d\u0442\u043e\u0432, \u0442\u0430\u043a\u0438\u0445 \u043a\u0430\u043a<\/p>\n<\/li>\n<li data-start=\"785\" data-end=\"825\">\n<p data-start=\"787\" data-end=\"825\">\u041c\u0435\u0442\u043e\u0434\u044b \u0433\u043b\u0443\u0431\u043e\u043a\u043e\u0433\u043e \u0447\u0442\u0435\u043d\u0438\u044f \u0441\u0442\u0440\u0443\u043a\u0442\u0443\u0440\u044b \u0440\u044b\u043d\u043a\u0430<\/p>\n<\/li>\n<li data-start=\"826\" data-end=\"878\">\n<p data-start=\"828\" data-end=\"878\">\u0427\u0442\u0435\u043d\u0438\u0435 \u0438 \u0430\u043d\u0430\u043b\u0438\u0437 \u0441\u043b\u0435\u0434\u043e\u0432 \u0438\u043d\u0441\u0442\u0438\u0442\u0443\u0446\u0438\u043e\u043d\u0430\u043b\u044c\u043d\u044b\u0445 \u0438\u043d\u0432\u0435\u0441\u0442\u043e\u0440\u043e\u0432<\/p>\n<\/li>\n<li data-start=\"879\" data-end=\"922\">\n<p data-start=\"881\" data-end=\"922\">\u0420\u0430\u0437\u0440\u0430\u0431\u043e\u0442\u043a\u0430 \u0441\u0442\u0440\u0430\u0442\u0435\u0433\u0438\u0438 \u043d\u0430 \u043f\u0440\u0430\u043a\u0442\u0438\u0447\u0435\u0441\u043a\u0438\u0445 \u043f\u0440\u0438\u043c\u0435\u0440\u0430\u0445<\/p>\n<\/li>\n<\/ul>\n<hr data-start=\"924\" data-end=\"927\" \/>\n<h3 data-start=\"929\" data-end=\"951\">\ud83e\udde0 <strong data-start=\"936\" data-end=\"951\">\u041f\u043e\u0447\u0435\u043c\u0443 ATAS?<\/strong><\/h3>\n<p data-start=\"953\" data-end=\"1210\">ATAS \u043f\u0440\u0435\u0434\u043b\u0430\u0433\u0430\u0435\u0442 \u043d\u0435 \u0442\u043e\u043b\u044c\u043a\u043e \u043e\u0431\u044b\u0447\u043d\u0443\u044e \u0433\u0440\u0430\u0444\u0438\u043a\u0443. <strong data-start=\"997\" data-end=\"1071\">\u041e\u043d \u043f\u043e\u043a\u0430\u0437\u044b\u0432\u0430\u0435\u0442 \u0440\u0435\u0430\u043b\u044c\u043d\u0443\u044e \u0441\u0438\u043b\u0443, \u0441\u0442\u043e\u044f\u0449\u0443\u044e \u0437\u0430 \u0446\u0435\u043d\u043e\u0439, \u0442\u043e \u0435\u0441\u0442\u044c \u043e\u0431\u044a\u0435\u043c \u0438 \u043b\u0438\u043a\u0432\u0438\u0434\u043d\u043e\u0441\u0442\u044c.<\/strong><br data-start=\"1071\" data-end=\"1074\" \/>\u041a\u043e\u0433\u0434\u0430 \u0432\u044b \u043f\u0440\u043e\u0439\u0434\u0435\u0442\u0435 \u044d\u0442\u043e\u0442 \u043a\u0443\u0440\u0441, \u0432\u044b \u0441\u043c\u043e\u0436\u0435\u0442\u0435 \u0430\u043d\u0430\u043b\u0438\u0437\u0438\u0440\u043e\u0432\u0430\u0442\u044c \u0434\u0432\u0438\u0436\u0435\u043d\u0438\u044f \u0440\u044b\u043d\u043a\u0430 \u043d\u0435 \u0442\u043e\u043b\u044c\u043a\u043e \u043f\u043e\u0442\u043e\u043c\u0443, \u0447\u0442\u043e \"\u0447\u0442\u043e \u0441\u043b\u0443\u0447\u0438\u043b\u043e\u0441\u044c?\", <strong data-start=\"1154\" data-end=\"1186\">\"\u041f\u043e\u0447\u0435\u043c\u0443 \u044d\u0442\u043e \u043f\u0440\u043e\u0438\u0437\u043e\u0448\u043b\u043e \u0438 \u0447\u0442\u043e \u043c\u043e\u0436\u0435\u0442 \u043f\u0440\u043e\u0438\u0437\u043e\u0439\u0442\u0438?\"<\/strong> \u0432\u044b \u0441\u043c\u043e\u0436\u0435\u0442\u0435 \u043f\u0440\u043e\u0447\u0438\u0442\u0430\u0442\u044c.<\/p>\n<hr data-start=\"1212\" data-end=\"1215\" \/>\n<h3 data-start=\"1217\" data-end=\"1245\">\u23f3 <strong data-start=\"1223\" data-end=\"1245\">\u041a\u043e\u0433\u0434\u0430 \u043e\u043d\u0430 \u043d\u0430\u0447\u043d\u0435\u0442\u0441\u044f?<\/strong><\/h3>\n<p data-start=\"1247\" data-end=\"1355\">\ud83d\udccc <strong data-start=\"1250\" data-end=\"1282\">\u041e\u0431\u0443\u0447\u0435\u043d\u0438\u0435 \u043d\u0430\u0447\u043d\u0435\u0442\u0441\u044f \u043e\u0447\u0435\u043d\u044c \u0441\u043a\u043e\u0440\u043e!<\/strong><br data-start=\"1282\" data-end=\"1285\" \/>\u0422\u043e\u0447\u043d\u0430\u044f \u0434\u0430\u0442\u0430, \u0432\u0440\u0435\u043c\u044f \u0438 \u0438\u043d\u0444\u043e\u0440\u043c\u0430\u0446\u0438\u044f \u043e \u0440\u0435\u0433\u0438\u0441\u0442\u0440\u0430\u0446\u0438\u0438 \u0431\u0443\u0434\u0443\u0442 \u0441\u043e\u043e\u0431\u0449\u0435\u043d\u044b \u0432 \u0431\u043b\u0438\u0436\u0430\u0439\u0448\u0435\u0435 \u0432\u0440\u0435\u043c\u044f.<\/p>\n<hr data-start=\"1357\" data-end=\"1360\" \/>\n<h3 data-start=\"1362\" data-end=\"1390\">\ud83d\udc65 <strong data-start=\"1369\" data-end=\"1390\">\u041a\u0442\u043e \u0434\u043e\u043b\u0436\u0435\u043d \u043f\u043e\u0441\u0435\u0442\u0438\u0442\u044c \u043c\u0435\u0440\u043e\u043f\u0440\u0438\u044f\u0442\u0438\u0435?<\/strong><\/h3>\n<ul data-start=\"1392\" data-end=\"1637\">\n<li data-start=\"1392\" data-end=\"1452\">\n<p data-start=\"1394\" data-end=\"1452\">\u0422\u0435, \u043a\u0442\u043e \u0445\u043e\u0447\u0435\u0442 \u0434\u043e\u0431\u0430\u0432\u0438\u0442\u044c \u043f\u043e\u0434\u0434\u0435\u0440\u0436\u043a\u0443 \u043e\u0431\u044a\u0435\u043c\u0430 \u043a \u0441\u0432\u043e\u0438\u043c \u0437\u043d\u0430\u043d\u0438\u044f\u043c \u0432 \u043e\u0431\u043b\u0430\u0441\u0442\u0438 \u0442\u0435\u0445\u043d\u0438\u0447\u0435\u0441\u043a\u043e\u0433\u043e \u0430\u043d\u0430\u043b\u0438\u0437\u0430<\/p>\n<\/li>\n<li data-start=\"1453\" data-end=\"1508\">\n<p data-start=\"1455\" data-end=\"1508\">\u0418\u043d\u0432\u0435\u0441\u0442\u043e\u0440\u044b, \u043a\u043e\u0442\u043e\u0440\u044b\u0435 \u0445\u043e\u0442\u044f\u0442 \u0438\u0441\u043f\u043e\u043b\u044c\u0437\u043e\u0432\u0430\u0442\u044c ATAS \u043d\u0430 \u043f\u0440\u043e\u0444\u0435\u0441\u0441\u0438\u043e\u043d\u0430\u043b\u044c\u043d\u043e\u043c \u0443\u0440\u043e\u0432\u043d\u0435<\/p>\n<\/li>\n<li data-start=\"1509\" data-end=\"1579\">\n<p data-start=\"1511\" data-end=\"1579\">\u0422\u0435, \u043a\u0442\u043e \u0445\u043e\u0447\u0435\u0442 \u043e\u0441\u0432\u043e\u0438\u0442\u044c \u0442\u0430\u043a\u0438\u0435 \u043f\u0440\u043e\u0434\u0432\u0438\u043d\u0443\u0442\u044b\u0435 \u0438\u043d\u0441\u0442\u0440\u0443\u043c\u0435\u043d\u0442\u044b, \u043a\u0430\u043a Footprint \u0438 Order Flow<\/p>\n<\/li>\n<li data-start=\"1580\" data-end=\"1637\">\n<p data-start=\"1582\" data-end=\"1637\">\u0422\u0435, \u043a\u0442\u043e \u0445\u043e\u0447\u0435\u0442 \u0440\u0430\u0437\u0440\u0430\u0431\u043e\u0442\u0430\u0442\u044c \u0441\u0442\u0440\u0430\u0442\u0435\u0433\u0438\u044e \u0441 \u0433\u043b\u0443\u0431\u043e\u043a\u0438\u043c \u043f\u043e\u043d\u0438\u043c\u0430\u043d\u0438\u0435\u043c \u0440\u044b\u043d\u043a\u0430<\/p>\n<\/li>\n<\/ul>\n<hr data-start=\"1639\" data-end=\"1642\" \/>\n<h2 data-start=\"1644\" data-end=\"1668\">\ud83d\udd14 <strong data-start=\"1650\" data-end=\"1668\">\u0421\u043b\u0435\u0434\u0438\u0442\u0435 \u0437\u0430 \u043d\u043e\u0432\u043e\u0441\u0442\u044f\u043c\u0438!<\/strong><\/h2>\n<p data-start=\"1670\" data-end=\"1800\">\ud83d\udce2 \u0421\u043b\u0435\u0434\u0438\u0442\u0435 \u0437\u0430 \u043d\u0430\u0448\u0438\u043c\u0438 \u0430\u043d\u043e\u043d\u0441\u0430\u043c\u0438 \u0432 Telegram-\u043a\u0430\u043d\u0430\u043b\u0435.<br data-start=\"1719\" data-end=\"1722\" \/>\ud83d\udce9 \u0412\u043e\u0437\u043c\u043e\u0436\u043d\u043e\u0441\u0442\u044c \u043f\u0440\u0435\u0434\u0432\u0430\u0440\u0438\u0442\u0435\u043b\u044c\u043d\u043e\u0439 \u0440\u0435\u0433\u0438\u0441\u0442\u0440\u0430\u0446\u0438\u0438 \u0438 \u043f\u043e\u0434\u0440\u043e\u0431\u043d\u0430\u044f \u0438\u043d\u0444\u043e\u0440\u043c\u0430\u0446\u0438\u044f \u043e \u043f\u0440\u043e\u0433\u0440\u0430\u043c\u043c\u0435 \u0431\u0443\u0434\u0443\u0442 \u043f\u0440\u0435\u0434\u043e\u0441\u0442\u0430\u0432\u043b\u0435\u043d\u044b \u0432\u0430\u043c \u0432 \u0431\u043b\u0438\u0436\u0430\u0439\u0448\u0435\u0435 \u0432\u0440\u0435\u043c\u044f.<\/p>\n<hr data-start=\"1802\" data-end=\"1805\" \/>\n<p data-start=\"1807\" data-end=\"1930\"><strong data-start=\"1807\" data-end=\"1872\">\u041d\u0430\u0443\u0447\u0438\u0442\u0435\u0441\u044c \u0447\u0438\u0442\u0430\u0442\u044c \u043d\u0435\u0432\u0438\u0434\u0438\u043c\u0443\u044e \u0441\u0442\u043e\u0440\u043e\u043d\u0443 \u0440\u044b\u043d\u043a\u0430 \u0432\u043c\u0435\u0441\u0442\u0435 \u0441 TraderClub42.<\/strong><br data-start=\"1872\" data-end=\"1875\" \/>\u041f\u043e\u0442\u043e\u043c\u0443 \u0447\u0442\u043e \u0443\u0441\u043f\u0435\u0445 \u0437\u0430\u043a\u043b\u044e\u0447\u0430\u0435\u0442\u0441\u044f \u043d\u0435 \u0432 \u0437\u043d\u0430\u043d\u0438\u044f\u0445, <strong data-start=\"1905\" data-end=\"1923\">\u0441 \u0433\u043b\u0443\u0431\u043e\u043a\u0438\u043c\u0438 \u0437\u043d\u0430\u043d\u0438\u044f\u043c\u0438<\/strong> \u0434\u043e\u0445\u043e\u0434.<\/p>\t\t\t\t\t\t\t\t<\/div>\n\t\t\t\t<\/div>\n\t\t\t\t<div class=\"elementor-element elementor-element-d77107c elementor-widget elementor-widget-html\" data-id=\"d77107c\" data-element_type=\"widget\" data-e-type=\"widget\" data-widget_type=\"html.default\">\n\t\t\t\t<div class=\"elementor-widget-container\">\n\t\t\t\t\t\r\n<div class=\"wp-block-buttons animated animated-fadeInUp is-content-justification-center is-layout-flex wp-container-core-buttons-is-layout-c60033d9 wp-block-buttons-is-layout-flex\" style=\"margin-top:40px;margin-bottom:0px\">\r\n  \r\n  <div class=\"wp-block-button is-style-fill\">\r\n    <a class=\"wp-block-button__link has-text-align-left wp-element-button\" href=\"https:\/\/www.traderclub42.info\/ru\/uyelik-formu\/\">\u0421\u0442\u0430\u0442\u044c \u0443\u0447\u0430\u0441\u0442\u043d\u0438\u043a\u043e\u043c<\/a>\r\n  <\/div>\r\n  \r\n<\/div>\r\n\r\n\t\t\t\t<\/div>\n\t\t\t\t<\/div>\n\t\t\t\t<\/div>\n\t\t\t\t<\/div>","protected":false},"excerpt":{"rendered":"<p>\ud83d\udcca Yak\u0131nda: ATAS Platform E\u011fitimi Ba\u015fl\u0131yor! Piyasay\u0131 y\u00fczeyden de\u011fil, derinlemesine analiz etmek isteyenler i\u00e7in \u00f6zel bir e\u011fitim geliyor! TraderClub42 olarak, k\u0131sa s\u00fcre i\u00e7inde ba\u015flataca\u011f\u0131m\u0131z ATAS Platform E\u011fitimi ile sizleri profesyonel d\u00fczeyde hacim analizine ta\u015f\u0131yoruz. \ud83c\udfaf Bu E\u011fitimde Neler \u00d6\u011freneceksiniz? ATAS platformunun etkili kullan\u0131m\u0131 Ger\u00e7ek zamanl\u0131 order flow (sipari\u015f ak\u0131\u015f\u0131) takibi Footprint grafikleri ile mum arkas\u0131ndaki [&hellip;]<\/p>\n","protected":false},"author":2,"featured_media":0,"parent":0,"menu_order":0,"comment_status":"closed","ping_status":"closed","template":"","meta":{"footnotes":""},"class_list":["post-116","page","type-page","status-publish","hentry"],"_links":{"self":[{"href":"https:\/\/www.traderclub42.info\/ru\/wp-json\/wp\/v2\/pages\/116","targetHints":{"allow":["GET"]}}],"collection":[{"href":"https:\/\/www.traderclub42.info\/ru\/wp-json\/wp\/v2\/pages"}],"about":[{"href":"https:\/\/www.traderclub42.info\/ru\/wp-json\/wp\/v2\/types\/page"}],"author":[{"embeddable":true,"href":"https:\/\/www.traderclub42.info\/ru\/wp-json\/wp\/v2\/users\/2"}],"replies":[{"embeddable":true,"href":"https:\/\/www.traderclub42.info\/ru\/wp-json\/wp\/v2\/comments?post=116"}],"version-history":[{"count":8,"href":"https:\/\/www.traderclub42.info\/ru\/wp-json\/wp\/v2\/pages\/116\/revisions"}],"predecessor-version":[{"id":234,"href":"https:\/\/www.traderclub42.info\/ru\/wp-json\/wp\/v2\/pages\/116\/revisions\/234"}],"wp:attachment":[{"href":"https:\/\/www.traderclub42.info\/ru\/wp-json\/wp\/v2\/media?parent=116"}],"curies":[{"name":"wp","href":"https:\/\/api.w.org\/{rel}","templated":true}]}}