{"id":140,"date":"2025-06-23T13:14:52","date_gmt":"2025-06-23T13:14:52","guid":{"rendered":"https:\/\/www.traderclub42.info\/?page_id=140"},"modified":"2025-06-23T13:17:14","modified_gmt":"2025-06-23T13:17:14","slug":"hakkimizda","status":"publish","type":"page","link":"https:\/\/www.traderclub42.info\/en\/hakkimizda\/","title":{"rendered":"ABOUT US"},"content":{"rendered":"<div data-elementor-type=\"wp-page\" data-elementor-id=\"140\" class=\"elementor elementor-140\" data-elementor-post-type=\"page\">\n\t\t\t\t<div class=\"elementor-element elementor-element-4d6da4f e-flex e-con-boxed e-con e-parent\" data-id=\"4d6da4f\" data-element_type=\"container\" data-e-type=\"container\">\n\t\t\t\t\t<div class=\"e-con-inner\">\n\t\t\t\t<div class=\"elementor-element elementor-element-66ced21 elementor-widget elementor-widget-text-editor\" data-id=\"66ced21\" data-element_type=\"widget\" data-e-type=\"widget\" data-widget_type=\"text-editor.default\">\n\t\t\t\t<div class=\"elementor-widget-container\">\n\t\t\t\t\t\t\t\t\t<h2 data-start=\"111\" data-end=\"180\">\ud83c\udfaf <strong data-start=\"117\" data-end=\"180\">TraderClub42 - The Address for Real Trading and Personal Transformation<\/strong><\/h2><p data-start=\"182\" data-end=\"460\">Our training program, <strong data-start=\"202\" data-end=\"233\">Use of the ATAS platform<\/strong> and <strong data-start=\"237\" data-end=\"276\">fundamentals of volume-based analysis<\/strong> on the cryptocurrency market. Trading strategies with ATAS in the cryptocurrency market, exclusive strategy videos and all the technical details of the platform are part of the educational content we offer.<\/p><p data-start=\"462\" data-end=\"802\">In addition to these, <strong data-start=\"482\" data-end=\"501\">personality analysis<\/strong>, <strong data-start=\"503\" data-end=\"526\">business psychology<\/strong>, <strong data-start=\"528\" data-end=\"552\">financial awareness<\/strong> and <strong data-start=\"556\" data-end=\"573\">risk management<\/strong> we also offer comprehensive support in areas such as market analysis, trading commentary and one-on-one feedback. Our Telegram community answers all your questions with market analysis, trading commentary and one-on-one feedback. <strong data-start=\"738\" data-end=\"781\">TraderClub42's experienced trader team<\/strong> always there for you.<\/p><hr data-start=\"804\" data-end=\"807\" \/><h2 data-start=\"809\" data-end=\"838\">\ud83e\udd1d <strong data-start=\"815\" data-end=\"838\">Why TraderClub42?<\/strong><\/h2><p data-start=\"840\" data-end=\"1164\"><strong data-start=\"840\" data-end=\"873\">Welcome to TraderClub42.<\/strong> If you are ready to really change your life, you are in the right place. For us <strong data-start=\"954\" data-end=\"973\">human-centeredness<\/strong> is at the forefront of everything. Our interests are not limited to making money, but also <strong data-start=\"1067\" data-end=\"1086\">personal development<\/strong>, <strong data-start=\"1088\" data-end=\"1108\">psychological balance<\/strong> and <strong data-start=\"1112\" data-end=\"1131\">mental health<\/strong> We also attach importance to areas such as.<\/p><p data-start=\"1166\" data-end=\"1281\">You don't need to pay any fee to join our group. Because <strong data-start=\"1236\" data-end=\"1269\">the power of knowledge and community<\/strong> We believe.<\/p><hr data-start=\"1283\" data-end=\"1286\" \/><h2 data-start=\"1288\" data-end=\"1314\">\ud83c\udf81 <strong data-start=\"1294\" data-end=\"1314\">What Do We Offer?<\/strong><\/h2><ul data-start=\"1316\" data-end=\"1626\"><li data-start=\"1316\" data-end=\"1379\"><p data-start=\"1318\" data-end=\"1379\">2 times a week for free <strong data-start=\"1341\" data-end=\"1379\">live trading training<\/strong><\/p><\/li><li data-start=\"1380\" data-end=\"1434\"><p data-start=\"1382\" data-end=\"1434\">Free of charge <strong data-start=\"1391\" data-end=\"1423\">backtesting<\/strong> trainings<\/p><\/li><li data-start=\"1435\" data-end=\"1477\"><p data-start=\"1437\" data-end=\"1477\">Free of charge <strong data-start=\"1446\" data-end=\"1469\">basic volume analysis<\/strong> education<\/p><\/li><li data-start=\"1478\" data-end=\"1514\"><p data-start=\"1480\" data-end=\"1514\">Free of charge <strong data-start=\"1489\" data-end=\"1514\">ATAS platform training<\/strong><\/p><\/li><li data-start=\"1515\" data-end=\"1575\"><p data-start=\"1517\" data-end=\"1575\">Free of charge <strong data-start=\"1526\" data-end=\"1564\">psychology, health and risk management<\/strong> sources<\/p><\/li><li data-start=\"1576\" data-end=\"1626\"><p data-start=\"1578\" data-end=\"1626\">Books, videos, documents and exclusive content<\/p><\/li><\/ul><p data-start=\"1628\" data-end=\"1890\">Yes, the \"holy grail\" is hidden here. But beware: <strong data-start=\"1674\" data-end=\"1729\">It is not enough to have knowledge, you need to be able to apply it.<\/strong> In the implementation phase, the main obstacle is often one's psychology and perception of risk. Because this is not just about technical knowledge, <strong data-start=\"1858\" data-end=\"1881\">with mental discipline<\/strong> It is done.<\/p><p data-start=\"1892\" data-end=\"2113\">It is not easy to change from a classic consumer mindset to a producer mindset. But in the stock market, money is only made through this transformation. That's why our goal is to educate you not only technically, <strong data-start=\"2065\" data-end=\"2113\">mentally and strategically as well.<\/strong><\/p><hr data-start=\"2115\" data-end=\"2118\" \/><h2 data-start=\"2120\" data-end=\"2140\">\ud83c\udf0d <strong data-start=\"2126\" data-end=\"2140\">Our Mission<\/strong><\/h2><p data-start=\"2142\" data-end=\"2360\">Our goal is that people <strong data-start=\"2164\" data-end=\"2189\">to be liberated<\/strong>, <strong data-start=\"2191\" data-end=\"2227\">to lead a fulfilling life<\/strong> and <strong data-start=\"2231\" data-end=\"2271\">increase financial\/mental strength<\/strong> and humanity. We do this as a community that adds value to our society and humanity.<\/p><hr data-start=\"2362\" data-end=\"2365\" \/><h2 data-start=\"2367\" data-end=\"2396\">\ud83d\udcde <strong data-start=\"2373\" data-end=\"2396\">Communication and Engagement<\/strong><\/h2><p data-start=\"2398\" data-end=\"2558\">Tell us <strong data-start=\"2403\" data-end=\"2415\">Telegram<\/strong> or <strong data-start=\"2421\" data-end=\"2432\">Discord<\/strong> you can easily reach via our website. You can also become a member via our website and get detailed information about the trainings.<\/p><hr data-start=\"2560\" data-end=\"2563\" \/><h2 data-start=\"2565\" data-end=\"2592\">\ud83d\udd0d <strong data-start=\"2571\" data-end=\"2592\">Our Focus Areas:<\/strong><\/h2><ul data-start=\"2594\" data-end=\"2788\"><li data-start=\"2594\" data-end=\"2629\"><p data-start=\"2596\" data-end=\"2629\">Volume Trading<\/p><\/li><li data-start=\"2630\" data-end=\"2673\"><p data-start=\"2632\" data-end=\"2673\">ATAS Platform and Professional Use<\/p><\/li><li data-start=\"2674\" data-end=\"2697\"><p data-start=\"2676\" data-end=\"2697\">Strategy Development<\/p><\/li><li data-start=\"2698\" data-end=\"2736\"><p data-start=\"2700\" data-end=\"2736\">Psychological Preparation and Awareness<\/p><\/li><li data-start=\"2737\" data-end=\"2754\"><p data-start=\"2739\" data-end=\"2754\">Risk Management<\/p><\/li><li data-start=\"2755\" data-end=\"2788\"><p data-start=\"2757\" data-end=\"2788\">Personal Development and Mental Strength<\/p><\/li><\/ul>\t\t\t\t\t\t\t\t<\/div>\n\t\t\t\t<\/div>\n\t\t\t\t\t<\/div>\n\t\t\t\t<\/div>\n\t\t\t\t<\/div>","protected":false},"excerpt":{"rendered":"<p>\ud83c\udfaf TraderClub42 \u2013 Ger\u00e7ek Ticaretin ve Ki\u015fisel D\u00f6n\u00fc\u015f\u00fcm\u00fcn Adresi E\u011fitim program\u0131m\u0131z, ATAS platformunun kullan\u0131m\u0131 ve hacim temelli analizlerin temelleri \u00fczerine odaklanmaktad\u0131r. Kripto para piyasas\u0131nda ATAS ile i\u015flem stratejileri, \u00f6zel strateji videolar\u0131 ve platformun t\u00fcm teknik detaylar\u0131, sundu\u011fumuz e\u011fitim i\u00e7eri\u011finin bir par\u00e7as\u0131d\u0131r. Bunlar\u0131n yan\u0131 s\u0131ra, ki\u015filik analizi, ticaret psikolojisi, finansal fark\u0131ndal\u0131k ve risk y\u00f6netimi gibi alanlarda [&hellip;]<\/p>\n","protected":false},"author":2,"featured_media":0,"parent":0,"menu_order":0,"comment_status":"closed","ping_status":"closed","template":"","meta":{"footnotes":""},"class_list":["post-140","page","type-page","status-publish","hentry"],"_links":{"self":[{"href":"https:\/\/www.traderclub42.info\/en\/wp-json\/wp\/v2\/pages\/140","targetHints":{"allow":["GET"]}}],"collection":[{"href":"https:\/\/www.traderclub42.info\/en\/wp-json\/wp\/v2\/pages"}],"about":[{"href":"https:\/\/www.traderclub42.info\/en\/wp-json\/wp\/v2\/types\/page"}],"author":[{"embeddable":true,"href":"https:\/\/www.traderclub42.info\/en\/wp-json\/wp\/v2\/users\/2"}],"replies":[{"embeddable":true,"href":"https:\/\/www.traderclub42.info\/en\/wp-json\/wp\/v2\/comments?post=140"}],"version-history":[{"count":4,"href":"https:\/\/www.traderclub42.info\/en\/wp-json\/wp\/v2\/pages\/140\/revisions"}],"predecessor-version":[{"id":146,"href":"https:\/\/www.traderclub42.info\/en\/wp-json\/wp\/v2\/pages\/140\/revisions\/146"}],"wp:attachment":[{"href":"https:\/\/www.traderclub42.info\/en\/wp-json\/wp\/v2\/media?parent=140"}],"curies":[{"name":"wp","href":"https:\/\/api.w.org\/{rel}","templated":true}]}}