{"id":9,"date":"2025-06-23T10:54:25","date_gmt":"2025-06-23T10:54:25","guid":{"rendered":"https:\/\/www.traderclub42.info\/?page_id=9"},"modified":"2025-06-30T06:52:44","modified_gmt":"2025-06-30T03:52:44","slug":"neden-uye-olmalisiniz","status":"publish","type":"page","link":"https:\/\/www.traderclub42.info\/de\/neden-uye-olmalisiniz\/","title":{"rendered":"WARUM SOLLTEN SIE MITGLIED WERDEN?"},"content":{"rendered":"<div data-elementor-type=\"wp-post\" data-elementor-id=\"9\" class=\"elementor elementor-9\" data-elementor-post-type=\"page\">\n\t\t\t\t<div class=\"elementor-element elementor-element-8449881 e-con-full e-flex e-con e-parent\" data-id=\"8449881\" data-element_type=\"container\" data-e-type=\"container\">\n\t\t\t\t<div class=\"elementor-element elementor-element-9200c3c elementor-widget elementor-widget-text-editor\" data-id=\"9200c3c\" data-element_type=\"widget\" data-e-type=\"widget\" data-widget_type=\"text-editor.default\">\n\t\t\t\t<div class=\"elementor-widget-container\">\n\t\t\t\t\t\t\t\t\t<h2 data-start=\"110\" data-end=\"164\"><img decoding=\"async\" class=\"emoji\" role=\"img\" draggable=\"false\" src=\"https:\/\/s.w.org\/images\/core\/emoji\/15.1.0\/svg\/1f4c5.svg\" alt=\"\ud83d\udcc5\" \/> <strong data-start=\"116\" data-end=\"164\">Jeden Dienstag und Donnerstag: LIVE TRADE<\/strong><\/h2>\n<p data-start=\"166\" data-end=\"266\"><img decoding=\"async\" class=\"emoji\" role=\"img\" draggable=\"false\" src=\"https:\/\/s.w.org\/images\/core\/emoji\/15.1.0\/svg\/2705.svg\" alt=\"\u2705\" \/> <strong data-start=\"168\" data-end=\"206\">Die Teilnahme ist kostenlos und es gibt keine Teilnahmebeschr\u00e4nkung.<\/strong><br data-start=\"206\" data-end=\"209\" \/><img decoding=\"async\" class=\"emoji\" role=\"img\" draggable=\"false\" src=\"https:\/\/s.w.org\/images\/core\/emoji\/15.1.0\/svg\/23f0.svg\" alt=\"\u23f0\" \/> Sollten sich die Sendezeiten \u00e4ndern, wird dies im Voraus bekannt gegeben.<\/p>\n<p data-start=\"268\" data-end=\"475\"><strong data-start=\"268\" data-end=\"325\">Beobachten Sie die Live-Trades unserer erfahrenen H\u00e4ndler.<\/strong><br data-start=\"325\" data-end=\"328\" \/>Lernen Sie das Risikomanagement in Echtzeit kennen, verfolgen Sie Schritt f\u00fcr Schritt den Prozess der Er\u00f6ffnung einer Position und stellen Sie dann alle Ihre Fragen direkt an unsere Ausbilder.<\/p>\n<hr data-start=\"477\" data-end=\"480\" \/>\n<h2 data-start=\"482\" data-end=\"529\"><img decoding=\"async\" class=\"emoji\" role=\"img\" draggable=\"false\" src=\"https:\/\/s.w.org\/images\/core\/emoji\/15.1.0\/svg\/1f381.svg\" alt=\"\ud83c\udf81\" \/> <strong data-start=\"488\" data-end=\"529\">WAS ERHALTEN SIE MIT EINER KOSTENLOSEN MITGLIEDSCHAFT?<\/strong><\/h2>\n<ul data-start=\"531\" data-end=\"1307\">\n<li data-start=\"531\" data-end=\"600\">\n<p data-start=\"533\" data-end=\"600\">2 Mal pro Woche (Dienstag\/Donnerstag)\u00a0<strong data-start=\"547\" data-end=\"572\">reale Marktanalyse<\/strong> und <strong data-start=\"576\" data-end=\"598\">Live-\u00dcbertragung von Transaktionen.<\/strong><\/p>\n<\/li>\n<li data-start=\"531\" data-end=\"600\">\n<p data-start=\"533\" data-end=\"600\"><b>ATAS<\/b> bereit f\u00fcr <b>Arbeitsbereich<\/b>,\u00a0<strong data-start=\"813\" data-end=\"834\">Diagrammvorlagen<\/strong> und <b>Transaktion<\/b><strong data-start=\"838\" data-end=\"865\">\u00a0Aufstellungen<\/strong><span style=\"font-size: 17.6px;\">.<\/span><\/p>\n<\/li>\n<li data-start=\"660\" data-end=\"724\">\n<p data-start=\"662\" data-end=\"724\"><strong data-start=\"666\" data-end=\"691\">Videos zur ATAS-Grundausbildung<\/strong> (BALD!)<\/p>\n<\/li>\n<li data-start=\"958\" data-end=\"1036\">\n<p data-start=\"960\" data-end=\"1036\"><strong data-start=\"960\" data-end=\"981\">Handelspsychologie und Kapitalmanagement\u00a0<\/strong><span data-start=\"960\" data-end=\"981\">wichtige Ressourcen \u00fcber.<\/span><\/p>\n<\/li>\n<li data-start=\"1107\" data-end=\"1185\">\n<p data-start=\"1109\" data-end=\"1185\"><strong data-start=\"1109\" data-end=\"1137\">Wie kann man Requisitenkonten \u00fcbergeben?\u00a0<\/strong>SPECIAL Video \u00fcber.<\/p>\n<\/li>\n<li data-start=\"1186\" data-end=\"1240\">\n<p data-start=\"1188\" data-end=\"1240\">M\u00f6glichkeit zur direkten Kommunikation mit echten H\u00e4ndlern \u00fcber Telegram.<\/p>\n<\/li>\n<\/ul>\n<hr data-start=\"1309\" data-end=\"1312\" \/>\n<h2 data-start=\"1314\" data-end=\"1363\"><img decoding=\"async\" class=\"emoji\" role=\"img\" draggable=\"false\" src=\"https:\/\/s.w.org\/images\/core\/emoji\/15.1.0\/svg\/1f680.svg\" alt=\"\ud83d\ude80\" \/> <strong data-start=\"1320\" data-end=\"1363\">Sie sind bereit, Ihr erstes Live-Training zu starten!<\/strong><\/h2>\n<p data-start=\"1365\" data-end=\"1492\">Sie brauchen nur eine Sache: <strong data-start=\"1396\" data-end=\"1414\">ATAS-Plattform<\/strong>.<br data-start=\"1415\" data-end=\"1418\" \/>Alles andere - Schulung, Inhalt, Unterst\u00fctzung <strong data-start=\"1465\" data-end=\"1492\">bieten wir kostenlos an.<\/strong><\/p>\n<hr data-start=\"1494\" data-end=\"1497\" \/>\n<h2 data-start=\"1499\" data-end=\"1523\"><img decoding=\"async\" class=\"emoji\" role=\"img\" draggable=\"false\" src=\"https:\/\/s.w.org\/images\/core\/emoji\/15.1.0\/svg\/1f514.svg\" alt=\"\ud83d\udd14\" \/> <strong data-start=\"1505\" data-end=\"1523\">BITTE NICHT VERGESSEN!<\/strong><\/h2>\n<p data-start=\"1525\" data-end=\"1682\">Zielsetzung, <strong data-start=\"1535\" data-end=\"1571\">fundamentale und technische Marktanalyse<\/strong> um Sie auf die einfachste und klarste Weise zu unterrichten.<br data-start=\"1616\" data-end=\"1619\" \/>Sie werden diesen Weg nicht allein beschreiten; wir begleiten Sie bei jedem Schritt auf dem Weg.<\/p>\n<hr data-start=\"1684\" data-end=\"1687\" \/>\n<h2 data-start=\"1689\" data-end=\"1718\"><img decoding=\"async\" class=\"emoji\" role=\"img\" draggable=\"false\" src=\"https:\/\/s.w.org\/images\/core\/emoji\/15.1.0\/svg\/2753.svg\" alt=\"\u2753\" \/> <strong data-start=\"1694\" data-end=\"1718\">Warum also kostenlos?<\/strong><\/h2>\n<p data-start=\"1720\" data-end=\"1863\">Denn wir sind <strong data-start=\"1730\" data-end=\"1763\">wir glauben an ein gemeinsames Wachstum.<\/strong><br data-start=\"1763\" data-end=\"1766\" \/>Unser Ziel ist es, hoch motivierte Menschen mit genauen Informationen, praktischer Anleitung und Ehrlichkeit zu unterst\u00fctzen.<\/p>\n<ul data-start=\"1865\" data-end=\"2062\">\n<li data-start=\"1865\" data-end=\"1920\">\n<p data-start=\"1867\" data-end=\"1920\">Ich habe dir von Anfang an gesagt <strong data-start=\"1891\" data-end=\"1907\">wirkliches Wissen<\/strong> Wir bieten.<\/p>\n<\/li>\n<li data-start=\"1921\" data-end=\"1997\">\n<p data-start=\"1923\" data-end=\"1997\"><strong data-start=\"1923\" data-end=\"1944\">Teamarbeit<\/strong> Wir legen Wert darauf und entwickeln gemeinsam Strategien.<\/p>\n<\/li>\n<li data-start=\"1998\" data-end=\"2062\">\n<p data-start=\"2000\" data-end=\"2062\">Vielleicht eines Tages <strong data-start=\"2014\" data-end=\"2062\">werden Sie Teil unseres Teams.<\/strong><\/p>\n<\/li>\n<\/ul>\n<hr data-start=\"2064\" data-end=\"2067\" \/>\n<h2 data-start=\"2069\" data-end=\"2100\"><img decoding=\"async\" class=\"emoji\" role=\"img\" draggable=\"false\" src=\"https:\/\/s.w.org\/images\/core\/emoji\/15.1.0\/svg\/1f4dd.svg\" alt=\"\ud83d\udcdd\" \/> <strong data-start=\"2075\" data-end=\"2100\">Jetzt kostenlos registrieren<\/strong><\/h2>\n<p data-start=\"2102\" data-end=\"2200\">Machen Sie einen kraftvollen, praktischen und lebendigen Start in Ihre professionelle Handelsreise.<br data-start=\"2173\" data-end=\"2176\" \/>Es warten viele M\u00f6glichkeiten auf Sie.<\/p>\t\t\t\t\t\t\t\t<\/div>\n\t\t\t\t<\/div>\n\t\t\t\t<div class=\"elementor-element elementor-element-d77107c elementor-widget elementor-widget-html\" data-id=\"d77107c\" data-element_type=\"widget\" data-e-type=\"widget\" data-widget_type=\"html.default\">\n\t\t\t\t<div class=\"elementor-widget-container\">\n\t\t\t\t\t\r\n<div class=\"wp-block-buttons animated animated-fadeInUp is-content-justification-center is-layout-flex wp-container-core-buttons-is-layout-c60033d9 wp-block-buttons-is-layout-flex\" style=\"margin-top:40px;margin-bottom:0px\">\r\n  \r\n  <div class=\"wp-block-button is-style-fill\">\r\n    <a class=\"wp-block-button__link has-text-align-left wp-element-button\" href=\"https:\/\/www.traderclub42.info\/de\/uyelik-formu\/\">Mitglied werden<\/a>\r\n  <\/div>\r\n  \r\n<\/div>\r\n\r\n\t\t\t\t<\/div>\n\t\t\t\t<\/div>\n\t\t\t\t<\/div>\n\t\t\t\t<\/div>","protected":false},"excerpt":{"rendered":"<p>Her Sal\u0131 ve Per\u015fembe: CANLI TRADE \u00dccretsiz ve kat\u0131l\u0131m s\u0131n\u0131r\u0131 yoktur. Yay\u0131n saatlerinde de\u011fi\u015fiklik olursa, \u00f6nceden duyurulur. Deneyimli trader\u2019lar\u0131m\u0131z\u0131n canl\u0131 i\u015flemlerini izleyin.Ger\u00e7ek zamanl\u0131 risk y\u00f6netimini \u00f6\u011frenin, pozisyon a\u00e7ma s\u00fcre\u00e7lerini ad\u0131m ad\u0131m takip edin ve ard\u0131ndan t\u00fcm sorular\u0131n\u0131z\u0131 do\u011frudan e\u011fitmenlerimize sorun. \u00dcCRETS\u0130Z \u00dcYEL\u0130KLE NELER KAZANIRSINIZ? Haftada 2 kez (Sal\u0131\/Per\u015fembe)\u00a0ger\u00e7ek piyasa analizi ve canl\u0131 i\u015flem yay\u0131n\u0131. ATAS [&hellip;]<\/p>\n","protected":false},"author":2,"featured_media":0,"parent":0,"menu_order":0,"comment_status":"closed","ping_status":"closed","template":"","meta":{"footnotes":""},"class_list":["post-9","page","type-page","status-publish","hentry"],"_links":{"self":[{"href":"https:\/\/www.traderclub42.info\/de\/wp-json\/wp\/v2\/pages\/9","targetHints":{"allow":["GET"]}}],"collection":[{"href":"https:\/\/www.traderclub42.info\/de\/wp-json\/wp\/v2\/pages"}],"about":[{"href":"https:\/\/www.traderclub42.info\/de\/wp-json\/wp\/v2\/types\/page"}],"author":[{"embeddable":true,"href":"https:\/\/www.traderclub42.info\/de\/wp-json\/wp\/v2\/users\/2"}],"replies":[{"embeddable":true,"href":"https:\/\/www.traderclub42.info\/de\/wp-json\/wp\/v2\/comments?post=9"}],"version-history":[{"count":49,"href":"https:\/\/www.traderclub42.info\/de\/wp-json\/wp\/v2\/pages\/9\/revisions"}],"predecessor-version":[{"id":337,"href":"https:\/\/www.traderclub42.info\/de\/wp-json\/wp\/v2\/pages\/9\/revisions\/337"}],"wp:attachment":[{"href":"https:\/\/www.traderclub42.info\/de\/wp-json\/wp\/v2\/media?parent=9"}],"curies":[{"name":"wp","href":"https:\/\/api.w.org\/{rel}","templated":true}]}}