{"id":214,"date":"2025-06-23T15:05:35","date_gmt":"2025-06-23T15:05:35","guid":{"rendered":"https:\/\/www.traderclub42.info\/?page_id=214"},"modified":"2025-07-04T14:30:27","modified_gmt":"2025-07-04T11:30:27","slug":"uyelik-formu","status":"publish","type":"page","link":"https:\/\/www.traderclub42.info\/de\/uyelik-formu\/","title":{"rendered":"BEITRITTSFORMULAR"},"content":{"rendered":"\t\t<div data-elementor-type=\"wp-post\" data-elementor-id=\"214\" class=\"elementor elementor-214\" data-elementor-post-type=\"page\">\n\t\t\t\t<div class=\"elementor-element elementor-element-468a8d1 e-flex e-con-boxed e-con e-parent\" data-id=\"468a8d1\" data-element_type=\"container\" data-e-type=\"container\">\n\t\t\t\t\t<div class=\"e-con-inner\">\n\t\t\t\t<div class=\"elementor-element elementor-element-0c11026 elementor-widget elementor-widget-wpforms\" data-id=\"0c11026\" data-element_type=\"widget\" data-e-type=\"widget\" data-widget_type=\"wpforms.default\">\n\t\t\t\t<div class=\"elementor-widget-container\">\n\t\t\t\t\t<style id=\"wpforms-css-vars-elementor-widget-0c11026\">\n\t\t\t\t.elementor-widget-wpforms.elementor-element-0c11026 {\n\t\t\t\t--wpforms-field-background-color: #F9FBFC;\n--wpforms-field-border-color: #6EC1E4;\n--wpforms-field-border-color-spare: #6EC1E4;\n--wpforms-field-text-color: #000000;\n--wpforms-label-color: #FFFFFF;\n--wpforms-label-sublabel-color: #FFFFFF8C;\n--wpforms-button-background-color: #ED683E;\n\t\t\t}\n\t\t\t<\/style><div class=\"wpforms-container wpforms-container-full wpforms-container-save-resume wpforms-render-modern\" id=\"wpforms-673\"><form id=\"wpforms-form-673\" class=\"wpforms-validate wpforms-form wpforms-ajax-form\" data-formid=\"673\" method=\"post\" enctype=\"multipart\/form-data\" action=\"\/de\/wp-json\/wp\/v2\/pages\/214\" data-token=\"acd30cb07d91fb7198784a68ed1d7601\" data-token-time=\"1777820357\"><noscript class=\"wpforms-error-noscript\">Bitte aktiviere JavaScript in deinem Browser, um dieses Formular fertigzustellen.<\/noscript><div id=\"wpforms-error-noscript\" style=\"display: none;\">Bitte aktiviere JavaScript in deinem Browser, um dieses Formular fertigzustellen.<\/div><div class=\"wpforms-field-container\"><div id=\"wpforms-673-field_1-container\" class=\"wpforms-field wpforms-field-name\" data-field-id=\"1\"><label class=\"wpforms-field-label\" for=\"wpforms-673-field_1\">Ad\u0131n\u0131z <span class=\"wpforms-required-label\" aria-hidden=\"true\">*<\/span><\/label><input type=\"text\" id=\"wpforms-673-field_1\" class=\"wpforms-field-medium wpforms-field-required\" name=\"wpforms[fields][1]\" aria-errormessage=\"wpforms-673-field_1-error\" required><\/div><div id=\"wpforms-673-field_9-container\" class=\"wpforms-field wpforms-field-name\" data-field-id=\"9\"><label class=\"wpforms-field-label\" for=\"wpforms-673-field_9\">Soyad\u0131n\u0131z <span class=\"wpforms-required-label\" aria-hidden=\"true\">*<\/span><\/label><input type=\"text\" id=\"wpforms-673-field_9\" class=\"wpforms-field-medium wpforms-field-required\" name=\"wpforms[fields][9]\" aria-errormessage=\"wpforms-673-field_9-error\" required><\/div><div id=\"wpforms-673-field_2-container\" class=\"wpforms-field wpforms-field-email\" data-field-id=\"2\"><fieldset><legend class=\"wpforms-field-label\">E-mail Adresiniz <span class=\"wpforms-required-label\" aria-hidden=\"true\">*<\/span><\/legend><div class=\"wpforms-field-row wpforms-field-large\"><div class=\"wpforms-field-row-block wpforms-one-half wpforms-first\"><input type=\"email\" id=\"wpforms-673-field_2\" class=\"wpforms-field-required wpforms-field-email-primary\" name=\"wpforms[fields][2][primary]\" spellcheck=\"false\" aria-errormessage=\"wpforms-673-field_2-error\" required><label for=\"wpforms-673-field_2\" class=\"wpforms-field-sublabel after wpforms-sublabel-hide\">E-Mail-Adresse<\/label><\/div><div class=\"wpforms-field-row-block wpforms-one-half\"><input type=\"email\" id=\"wpforms-673-field_2-secondary\" class=\"wpforms-field-email-secondary wpforms-field-required\" data-rule-confirm=\"#wpforms-673-field_2\" name=\"wpforms[fields][2][secondary]\" placeholder=\"Onay i\u00e7in l\u00fctfen tekrar giriniz\" spellcheck=\"false\" aria-errormessage=\"wpforms-673-field_2-secondary-error\" required><label for=\"wpforms-673-field_2-secondary\" class=\"wpforms-field-sublabel after wpforms-sublabel-hide\">E-Mail best\u00e4tigen<\/label><\/div><\/div><\/fieldset><\/div><div id=\"wpforms-673-field_3-container\" class=\"wpforms-field wpforms-field-text\" data-field-id=\"3\"><label class=\"wpforms-field-label\" for=\"wpforms-673-field_3\">Telegram kullan\u0131c\u0131 ad\u0131n\u0131z <span class=\"wpforms-required-label\" aria-hidden=\"true\">*<\/span><\/label><input type=\"text\" id=\"wpforms-673-field_3\" class=\"wpforms-field-medium wpforms-field-required\" name=\"wpforms[fields][3]\" aria-errormessage=\"wpforms-673-field_3-error\" required><\/div><div id=\"wpforms-673-field_6-container\" class=\"wpforms-field wpforms-field-text\" data-field-id=\"6\"><label class=\"wpforms-field-label\" for=\"wpforms-673-field_6\">Ka\u00e7 senedir i\u015flem al\u0131yorsunuz? <span class=\"wpforms-required-label\" aria-hidden=\"true\">*<\/span><\/label><input type=\"text\" id=\"wpforms-673-field_6\" class=\"wpforms-field-medium wpforms-field-required\" name=\"wpforms[fields][6]\" aria-errormessage=\"wpforms-673-field_6-error\" required><\/div>\t\t<div id=\"wpforms-673-field_4-container\"\n\t\t\tclass=\"wpforms-field wpforms-field-text\"\n\t\t\tdata-field-type=\"text\"\n\t\t\tdata-field-id=\"4\"\n\t\t\t>\n\t\t\t<label class=\"wpforms-field-label\" for=\"wpforms-673-field_4\" >Telefon Adresiniz E-mail<\/label>\n\t\t\t<input type=\"text\" id=\"wpforms-673-field_4\" class=\"wpforms-field-medium\" name=\"wpforms[fields][4]\" >\n\t\t<\/div>\n\t\t<div id=\"wpforms-673-field_7-container\" class=\"wpforms-field wpforms-field-text\" data-field-id=\"7\"><label class=\"wpforms-field-label\" for=\"wpforms-673-field_7\">Fon hesaplar\u0131m\u0131 kullan\u0131yorsunuz? Yoksa kendi paran\u0131zla m\u0131 i\u015flem al\u0131yorsunuz? <span class=\"wpforms-required-label\" aria-hidden=\"true\">*<\/span><\/label><input type=\"text\" id=\"wpforms-673-field_7\" class=\"wpforms-field-medium wpforms-field-required\" name=\"wpforms[fields][7]\" aria-errormessage=\"wpforms-673-field_7-error\" required><\/div><div id=\"wpforms-673-field_8-container\" class=\"wpforms-field wpforms-field-text\" data-field-id=\"8\"><label class=\"wpforms-field-label\" for=\"wpforms-673-field_8\">Hayat\u0131n\u0131zda neyi de\u011fi\u015ftirmek i\u00e7in buradas\u0131n\u0131z? <span class=\"wpforms-required-label\" aria-hidden=\"true\">*<\/span><\/label><input type=\"text\" id=\"wpforms-673-field_8\" class=\"wpforms-field-medium wpforms-field-required\" name=\"wpforms[fields][8]\" aria-errormessage=\"wpforms-673-field_8-error\" required><\/div><div id=\"wpforms-673-field_10-container\" class=\"wpforms-field wpforms-field-name\" data-field-id=\"10\"><label class=\"wpforms-field-label\" for=\"wpforms-673-field_10\">Kullan\u0131c\u0131 Ad\u0131n\u0131z <span class=\"wpforms-required-label\" aria-hidden=\"true\">*<\/span><\/label><input type=\"text\" id=\"wpforms-673-field_10\" class=\"wpforms-field-medium wpforms-field-required\" name=\"wpforms[fields][10]\" aria-errormessage=\"wpforms-673-field_10-error\" aria-describedby=\"wpforms-673-field_10-description\" required><div id=\"wpforms-673-field_10-description\" class=\"wpforms-field-description\">Sitemize \u00fcye giri\u015fi yaparken kullanmak istedi\u011finiz, size \u00f6zel bir kullan\u0131c\u0131 ad\u0131 belirleyiniz.<\/div><\/div><div id=\"wpforms-673-field_5-container\" class=\"wpforms-field wpforms-field-phone\" data-field-id=\"5\"><label class=\"wpforms-field-label\" for=\"wpforms-673-field_5\">Telefon Numaran\u0131z<\/label><input type=\"tel\" id=\"wpforms-673-field_5\" class=\"wpforms-field-medium wpforms-smart-phone-field\" data-rule-smart-phone-field=\"true\" name=\"wpforms[fields][5]\" aria-label=\"Telefon Numaran\u0131z\" aria-errormessage=\"wpforms-673-field_5-error\" ><\/div><div id=\"wpforms-673-field_11-container\" class=\"wpforms-field wpforms-field-captcha\" data-field-id=\"11\"><label class=\"wpforms-field-label\" for=\"wpforms-673-field_11\">L\u00fctfen yan\u0131tlay\u0131n\u0131z. <span class=\"wpforms-required-label\" aria-hidden=\"true\">*<\/span><\/label>\t\t\t<div class=\"wpforms-captcha-math\">\n\t\t\t\t<span id=\"wpforms-673-field_11-question\" class=\"wpforms-captcha-equation\">\n\t\t\t\t\t<span class=\"n1\">1<\/span>\n\t\t\t\t\t\t\t<span class=\"cal\">*<\/span>\n\t\t\t\t\t\t\t<span class=\"n2\">6<\/span>\t\t\t\t\t<span class=\"e\">=<\/span>\n\t\t\t\t<\/span>\n\t\t\t\t<input type=\"text\" id=\"wpforms-673-field_11\" class=\"wpforms-field-medium wpforms-field-required a\" data-rule-wpf-captcha=\"math\" data-is-wrapped-field=\"1\" name=\"wpforms[fields][11][a]\" aria-errormessage=\"wpforms-673-field_11-error\" aria-describedby=\"wpforms-673-field_11-question\" required>\t\t\t\t<input type=\"hidden\" name=\"wpforms[fields][11][cal]\" class=\"cal\">\n\t\t\t\t<input type=\"hidden\" name=\"wpforms[fields][11][n2]\" class=\"n2\">\n\t\t\t\t<input type=\"hidden\" name=\"wpforms[fields][11][n1]\" class=\"n1\">\n\t\t\t<\/div>\n\t\t\t<\/div><script>\n\t\t\t\t( function() {\n\t\t\t\t\tconst style = document.createElement( 'style' );\n\t\t\t\t\tstyle.appendChild( document.createTextNode( '#wpforms-673-field_4-container { position: absolute !important; overflow: hidden !important; display: inline !important; height: 1px !important; width: 1px !important; z-index: -1000 !important; padding: 0 !important; } #wpforms-673-field_4-container input { visibility: hidden; } #wpforms-conversational-form-page #wpforms-673-field_4-container label { counter-increment: none; }' ) );\n\t\t\t\t\tdocument.head.appendChild( style );\n\t\t\t\t\tdocument.currentScript?.remove();\n\t\t\t\t} )();\n\t\t\t<\/script><\/div><!-- .wpforms-field-container --><div class=\"wpforms-submit-container\" ><input type=\"hidden\" name=\"wpforms[id]\" value=\"673\"><input type=\"hidden\" name=\"page_title\" value=\"\"><input type=\"hidden\" name=\"page_url\" value=\"https:\/\/www.traderclub42.info\/de\/wp-json\/wp\/v2\/pages\/214\"><input type=\"hidden\" name=\"url_referer\" value=\"\"><button type=\"submit\" name=\"wpforms[submit]\" id=\"wpforms-submit-673\" class=\"wpforms-submit\" data-alt-text=\"G\u00f6nderiliyor...\" data-submit-text=\"G\u00f6nder\" aria-live=\"assertive\" value=\"wpforms-submit\">G\u00f6nder<\/button><img decoding=\"async\" src=\"https:\/\/www.traderclub42.info\/wp-content\/plugins\/wpforms\/assets\/images\/submit-spin.svg\" class=\"wpforms-submit-spinner\" style=\"display: none;\" width=\"26\" height=\"26\" alt=\"Wird geladen\"><\/div><\/form><\/div>  <!-- .wpforms-container -->\t\t\t\t<\/div>\n\t\t\t\t<\/div>\n\t\t\t\t\t<\/div>\n\t\t\t\t<\/div>\n\t\t\t\t<\/div>\n\t\t","protected":false},"excerpt":{"rendered":"<p>Please enable JavaScript in your browser to complete this form.Please enable JavaScript in your browser to complete this form.Ad\u0131n\u0131z *Soyad\u0131n\u0131z * E-mail Adresiniz * EmailConfirm Email Telegram kullan\u0131c\u0131 ad\u0131n\u0131z *Ka\u00e7 senedir i\u015flem al\u0131yorsunuz? *Fon hesaplar\u0131m\u0131 kullan\u0131yorsunuz? Yoksa kendi paran\u0131zla m\u0131 i\u015flem al\u0131yorsunuz? *Hayat\u0131n\u0131zda neyi de\u011fi\u015ftirmek i\u00e7in buradas\u0131n\u0131z? *Kullan\u0131c\u0131 Ad\u0131n\u0131z *Sitemize \u00fcye giri\u015fi yaparken kullanmak istedi\u011finiz, [&hellip;]<\/p>\n","protected":false},"author":2,"featured_media":0,"parent":0,"menu_order":0,"comment_status":"closed","ping_status":"closed","template":"","meta":{"footnotes":""},"class_list":["post-214","page","type-page","status-publish","hentry"],"_links":{"self":[{"href":"https:\/\/www.traderclub42.info\/de\/wp-json\/wp\/v2\/pages\/214","targetHints":{"allow":["GET"]}}],"collection":[{"href":"https:\/\/www.traderclub42.info\/de\/wp-json\/wp\/v2\/pages"}],"about":[{"href":"https:\/\/www.traderclub42.info\/de\/wp-json\/wp\/v2\/types\/page"}],"author":[{"embeddable":true,"href":"https:\/\/www.traderclub42.info\/de\/wp-json\/wp\/v2\/users\/2"}],"replies":[{"embeddable":true,"href":"https:\/\/www.traderclub42.info\/de\/wp-json\/wp\/v2\/comments?post=214"}],"version-history":[{"count":28,"href":"https:\/\/www.traderclub42.info\/de\/wp-json\/wp\/v2\/pages\/214\/revisions"}],"predecessor-version":[{"id":687,"href":"https:\/\/www.traderclub42.info\/de\/wp-json\/wp\/v2\/pages\/214\/revisions\/687"}],"wp:attachment":[{"href":"https:\/\/www.traderclub42.info\/de\/wp-json\/wp\/v2\/media?parent=214"}],"curies":[{"name":"wp","href":"https:\/\/api.w.org\/{rel}","templated":true}]}}