{"id":140,"date":"2025-06-23T13:14:52","date_gmt":"2025-06-23T13:14:52","guid":{"rendered":"https:\/\/www.traderclub42.info\/?page_id=140"},"modified":"2025-06-23T13:17:14","modified_gmt":"2025-06-23T13:17:14","slug":"hakkimizda","status":"publish","type":"page","link":"https:\/\/www.traderclub42.info\/de\/hakkimizda\/","title":{"rendered":"\u00dcBER UNS"},"content":{"rendered":"<div data-elementor-type=\"wp-page\" data-elementor-id=\"140\" class=\"elementor elementor-140\" data-elementor-post-type=\"page\">\n\t\t\t\t<div class=\"elementor-element elementor-element-4d6da4f e-flex e-con-boxed e-con e-parent\" data-id=\"4d6da4f\" data-element_type=\"container\" data-e-type=\"container\">\n\t\t\t\t\t<div class=\"e-con-inner\">\n\t\t\t\t<div class=\"elementor-element elementor-element-66ced21 elementor-widget elementor-widget-text-editor\" data-id=\"66ced21\" data-element_type=\"widget\" data-e-type=\"widget\" data-widget_type=\"text-editor.default\">\n\t\t\t\t<div class=\"elementor-widget-container\">\n\t\t\t\t\t\t\t\t\t<h2 data-start=\"111\" data-end=\"180\">\ud83c\udfaf <strong data-start=\"117\" data-end=\"180\">TraderClub42 - Die Adresse f\u00fcr echtes Trading und pers\u00f6nliche Transformation<\/strong><\/h2><p data-start=\"182\" data-end=\"460\">Unser Ausbildungsprogramm, <strong data-start=\"202\" data-end=\"233\">Nutzung der ATAS-Plattform<\/strong> und <strong data-start=\"237\" data-end=\"276\">Grundlagen der volumenbasierten Analysen<\/strong> auf dem Kryptow\u00e4hrungsmarkt. Handelsstrategien mit ATAS auf dem Kryptow\u00e4hrungsmarkt, spezielle Strategievideos und alle technischen Details der Plattform sind Teil der Bildungsinhalte, die wir anbieten.<\/p><p data-start=\"462\" data-end=\"802\">Sowie auch diese, <strong data-start=\"482\" data-end=\"501\">Pers\u00f6nlichkeitsanalyse<\/strong>, <strong data-start=\"503\" data-end=\"526\">Wirtschaftspsychologie<\/strong>, <strong data-start=\"528\" data-end=\"552\">Finanzbewusstsein<\/strong> und <strong data-start=\"556\" data-end=\"573\">Risikomanagement<\/strong> Wir bieten auch umfassende Unterst\u00fctzung in folgenden Bereichen In unserer Telegram-Community bieten wir Marktanalysen, Handelskommentare und pers\u00f6nliches Feedback und beantworten alle Ihre Fragen. <strong data-start=\"738\" data-end=\"781\">Das erfahrene Trader-Team von TraderClub42<\/strong> immer f\u00fcr Sie da.<\/p><hr data-start=\"804\" data-end=\"807\" \/><h2 data-start=\"809\" data-end=\"838\">\ud83e\udd1d <strong data-start=\"815\" data-end=\"838\">Warum TraderClub42?<\/strong><\/h2><p data-start=\"840\" data-end=\"1164\"><strong data-start=\"840\" data-end=\"873\">Willkommen bei TraderClub42.<\/strong> Wenn Sie bereit sind, Ihr Leben wirklich zu \u00e4ndern, sind Sie bei uns genau richtig. F\u00fcr uns <strong data-start=\"954\" data-end=\"973\">Menschenorientierung<\/strong> steht bei allem im Vordergrund. Unser Interesse gilt nicht nur dem Geldverdienen, sondern auch <strong data-start=\"1067\" data-end=\"1086\">pers\u00f6nliche Entwicklung<\/strong>, <strong data-start=\"1088\" data-end=\"1108\">seelisches Gleichgewicht<\/strong> und <strong data-start=\"1112\" data-end=\"1131\">geistige Gesundheit<\/strong> Wir legen auch Wert auf Bereiche wie.<\/p><p data-start=\"1166\" data-end=\"1281\">F\u00fcr die Teilnahme an unserer Gruppe brauchen Sie keine Geb\u00fchr zu entrichten. Weil <strong data-start=\"1236\" data-end=\"1269\">die Macht des Wissens und der Gemeinschaft<\/strong> Wir glauben.<\/p><hr data-start=\"1283\" data-end=\"1286\" \/><h2 data-start=\"1288\" data-end=\"1314\">\ud83c\udf81 <strong data-start=\"1294\" data-end=\"1314\">Was bieten wir an?<\/strong><\/h2><ul data-start=\"1316\" data-end=\"1626\"><li data-start=\"1316\" data-end=\"1379\"><p data-start=\"1318\" data-end=\"1379\">2 Mal pro Woche kostenlos <strong data-start=\"1341\" data-end=\"1379\">Live-Trading-Training<\/strong><\/p><\/li><li data-start=\"1380\" data-end=\"1434\"><p data-start=\"1382\" data-end=\"1434\">Unentgeltlich <strong data-start=\"1391\" data-end=\"1423\">Backtesting<\/strong> Ausbildungen<\/p><\/li><li data-start=\"1435\" data-end=\"1477\"><p data-start=\"1437\" data-end=\"1477\">Unentgeltlich <strong data-start=\"1446\" data-end=\"1469\">grundlegende Volumenanalyse<\/strong> Bildung<\/p><\/li><li data-start=\"1478\" data-end=\"1514\"><p data-start=\"1480\" data-end=\"1514\">Unentgeltlich <strong data-start=\"1489\" data-end=\"1514\">ATAS-Plattform-Ausbildung<\/strong><\/p><\/li><li data-start=\"1515\" data-end=\"1575\"><p data-start=\"1517\" data-end=\"1575\">Unentgeltlich <strong data-start=\"1526\" data-end=\"1564\">Psychologie, Gesundheit und Risikomanagement<\/strong> Quellen<\/p><\/li><li data-start=\"1576\" data-end=\"1626\"><p data-start=\"1578\" data-end=\"1626\">B\u00fccher, Videos, Dokumente und Fachinhalte<\/p><\/li><\/ul><p data-start=\"1628\" data-end=\"1890\">Ja, der \"Heilige Gral\" ist hier versteckt. Aber Vorsicht! <strong data-start=\"1674\" data-end=\"1729\">Es reicht nicht aus, Wissen zu haben, man muss es auch anwenden k\u00f6nnen.<\/strong> In der Umsetzungsphase ist das Haupthindernis oft die Psychologie und Risikowahrnehmung der Person. Denn bei diesem Job geht es nicht nur um technisches Wissen, <strong data-start=\"1858\" data-end=\"1881\">mit geistiger Disziplin<\/strong> Es ist vollbracht.<\/p><p data-start=\"1892\" data-end=\"2113\">Es ist nicht einfach, von einer klassischen Konsumentenmentalit\u00e4t zu einer Produzentenmentalit\u00e4t zu wechseln. Aber nur durch diese Umstellung l\u00e4sst sich an der B\u00f6rse Geld verdienen. Unser Ziel ist es daher, Sie nicht nur technisch zu schulen, <strong data-start=\"2065\" data-end=\"2113\">geistig und strategisch.<\/strong><\/p><hr data-start=\"2115\" data-end=\"2118\" \/><h2 data-start=\"2120\" data-end=\"2140\">\ud83c\udf0d <strong data-start=\"2126\" data-end=\"2140\">Unser Auftrag<\/strong><\/h2><p data-start=\"2142\" data-end=\"2360\">Unser Ziel ist, dass die Menschen <strong data-start=\"2164\" data-end=\"2189\">befreit zu werden<\/strong>, <strong data-start=\"2191\" data-end=\"2227\">um ein erf\u00fclltes Leben zu f\u00fchren<\/strong> und <strong data-start=\"2231\" data-end=\"2271\">Erh\u00f6hung der finanziellen\/geistigen Leistungsf\u00e4higkeit<\/strong> und Menschlichkeit. Wir erreichen dies als eine Gemeinschaft, die einen Mehrwert f\u00fcr unsere Gesellschaft und die Menschheit schafft.<\/p><hr data-start=\"2362\" data-end=\"2365\" \/><h2 data-start=\"2367\" data-end=\"2396\">\ud83d\udcde <strong data-start=\"2373\" data-end=\"2396\">Kommunikation und Beteiligung<\/strong><\/h2><p data-start=\"2398\" data-end=\"2558\">F\u00fcr uns <strong data-start=\"2403\" data-end=\"2415\">Telegramm<\/strong> oder <strong data-start=\"2421\" data-end=\"2432\">Diskord<\/strong> Sie k\u00f6nnen uns leicht erreichen. Sie k\u00f6nnen auch \u00fcber unsere Website Mitglied werden und detaillierte Informationen \u00fcber die Schulungen erhalten.<\/p><hr data-start=\"2560\" data-end=\"2563\" \/><h2 data-start=\"2565\" data-end=\"2592\">\ud83d\udd0d <strong data-start=\"2571\" data-end=\"2592\">Schwerpunktbereiche:<\/strong><\/h2><ul data-start=\"2594\" data-end=\"2788\"><li data-start=\"2594\" data-end=\"2629\"><p data-start=\"2596\" data-end=\"2629\">Volumen Handel<\/p><\/li><li data-start=\"2630\" data-end=\"2673\"><p data-start=\"2632\" data-end=\"2673\">ATAS-Plattform und professionelle Nutzung<\/p><\/li><li data-start=\"2674\" data-end=\"2697\"><p data-start=\"2676\" data-end=\"2697\">Entwicklung einer Strategie<\/p><\/li><li data-start=\"2698\" data-end=\"2736\"><p data-start=\"2700\" data-end=\"2736\">Psychologische Vorbereitung und Sensibilisierung<\/p><\/li><li data-start=\"2737\" data-end=\"2754\"><p data-start=\"2739\" data-end=\"2754\">Risikomanagement<\/p><\/li><li data-start=\"2755\" data-end=\"2788\"><p data-start=\"2757\" data-end=\"2788\">Pers\u00f6nliche Entwicklung und mentale St\u00e4rke<\/p><\/li><\/ul>\t\t\t\t\t\t\t\t<\/div>\n\t\t\t\t<\/div>\n\t\t\t\t\t<\/div>\n\t\t\t\t<\/div>\n\t\t\t\t<\/div>","protected":false},"excerpt":{"rendered":"<p>\ud83c\udfaf TraderClub42 \u2013 Ger\u00e7ek Ticaretin ve Ki\u015fisel D\u00f6n\u00fc\u015f\u00fcm\u00fcn Adresi E\u011fitim program\u0131m\u0131z, ATAS platformunun kullan\u0131m\u0131 ve hacim temelli analizlerin temelleri \u00fczerine odaklanmaktad\u0131r. Kripto para piyasas\u0131nda ATAS ile i\u015flem stratejileri, \u00f6zel strateji videolar\u0131 ve platformun t\u00fcm teknik detaylar\u0131, sundu\u011fumuz e\u011fitim i\u00e7eri\u011finin bir par\u00e7as\u0131d\u0131r. Bunlar\u0131n yan\u0131 s\u0131ra, ki\u015filik analizi, ticaret psikolojisi, finansal fark\u0131ndal\u0131k ve risk y\u00f6netimi gibi alanlarda [&hellip;]<\/p>\n","protected":false},"author":2,"featured_media":0,"parent":0,"menu_order":0,"comment_status":"closed","ping_status":"closed","template":"","meta":{"footnotes":""},"class_list":["post-140","page","type-page","status-publish","hentry"],"_links":{"self":[{"href":"https:\/\/www.traderclub42.info\/de\/wp-json\/wp\/v2\/pages\/140","targetHints":{"allow":["GET"]}}],"collection":[{"href":"https:\/\/www.traderclub42.info\/de\/wp-json\/wp\/v2\/pages"}],"about":[{"href":"https:\/\/www.traderclub42.info\/de\/wp-json\/wp\/v2\/types\/page"}],"author":[{"embeddable":true,"href":"https:\/\/www.traderclub42.info\/de\/wp-json\/wp\/v2\/users\/2"}],"replies":[{"embeddable":true,"href":"https:\/\/www.traderclub42.info\/de\/wp-json\/wp\/v2\/comments?post=140"}],"version-history":[{"count":4,"href":"https:\/\/www.traderclub42.info\/de\/wp-json\/wp\/v2\/pages\/140\/revisions"}],"predecessor-version":[{"id":146,"href":"https:\/\/www.traderclub42.info\/de\/wp-json\/wp\/v2\/pages\/140\/revisions\/146"}],"wp:attachment":[{"href":"https:\/\/www.traderclub42.info\/de\/wp-json\/wp\/v2\/media?parent=140"}],"curies":[{"name":"wp","href":"https:\/\/api.w.org\/{rel}","templated":true}]}}