{"id":109,"date":"2025-06-23T13:44:16","date_gmt":"2025-06-23T13:44:16","guid":{"rendered":"https:\/\/www.traderclub42.info\/?page_id=109"},"modified":"2025-07-04T16:25:08","modified_gmt":"2025-07-04T13:25:08","slug":"indirimlerimiz","status":"publish","type":"page","link":"https:\/\/www.traderclub42.info\/de\/indirimlerimiz\/","title":{"rendered":"UNSERE RABATTE"},"content":{"rendered":"<div data-elementor-type=\"wp-post\" data-elementor-id=\"109\" class=\"elementor elementor-109\" data-elementor-post-type=\"page\">\n\t\t\t\t<div class=\"elementor-element elementor-element-8449881 e-con-full e-flex e-con e-parent\" data-id=\"8449881\" data-element_type=\"container\" data-e-type=\"container\">\n\t\t\t\t<div class=\"elementor-element elementor-element-9200c3c elementor-widget elementor-widget-text-editor\" data-id=\"9200c3c\" data-element_type=\"widget\" data-e-type=\"widget\" data-widget_type=\"text-editor.default\">\n\t\t\t\t<div class=\"elementor-widget-container\">\n\t\t\t\t\t\t\t\t\t<h2 data-start=\"133\" data-end=\"181\">\ud83d\udc8e <strong data-start=\"139\" data-end=\"181\">Sonderrabatte f\u00fcr TraderClub42-Mitglieder<\/strong><\/h2>\n<p data-start=\"183\" data-end=\"476\">Als TraderClub42 engagieren wir uns nicht nur f\u00fcr Bildung und Mentoring, sondern auch f\u00fcr <strong data-start=\"255\" data-end=\"321\">mit M\u00f6glichkeiten, die Ihnen Kostenvorteile auf Ihrer Handelsreise verschaffen werden<\/strong> wir sind auch mit Ihnen. Sie k\u00f6nnen einen vorteilhaften Start machen, indem Sie die Rabatt-Codes verwenden, die speziell f\u00fcr unsere Mitglieder durch unsere Gesch\u00e4ftspartner unten angeboten werden.<\/p>\n<hr data-start=\"478\" data-end=\"481\" \/>\n<h3 data-start=\"483\" data-end=\"518\">\ud83d\udfe2 <strong data-start=\"490\" data-end=\"516\">1. die APEX-H\u00e4ndlerfinanzierung<\/strong><\/h3>\n<p data-start=\"519\" data-end=\"734\"><strong data-start=\"519\" data-end=\"536\">Rabatt-Code:<\/strong> <code data-start=\"537\" data-end=\"547\">UCPCCGYT<\/code><br data-start=\"547\" data-end=\"550\" \/><strong data-start=\"550\" data-end=\"568\">Diskontsatz:<\/strong> %80\u2019e varan indirim<br data-start=\"588\" data-end=\"591\" \/>\ud83d\udccc <em data-start=\"594\" data-end=\"672\">Hinweis Die G\u00fcltigkeit des Codes kann sich mit der Zeit \u00e4ndern, informieren Sie sich \u00fcber den aktuellen Tarif.<\/em><br data-start=\"672\" data-end=\"675\" \/>\ud83c\udf10 <a class=\"\" href=\"https:\/\/apextraderfunding.com\" target=\"_new\" rel=\"noopener\" data-start=\"678\" data-end=\"732\">apextraderfunding.com<\/a><\/p>\n<hr data-start=\"736\" data-end=\"739\" \/>\n<h3 data-start=\"741\" data-end=\"765\">\ud83d\udfe1 <strong data-start=\"748\" data-end=\"763\">2. n\u00e4chstesProp<\/strong><\/h3>\n<p data-start=\"766\" data-end=\"871\"><strong data-start=\"766\" data-end=\"783\">Rabatt-Code:<\/strong> <code data-start=\"784\" data-end=\"790\">TC42<\/code><br data-start=\"790\" data-end=\"793\" \/><strong data-start=\"793\" data-end=\"811\">Diskontsatz:<\/strong> %10 sabit indirim<br data-start=\"829\" data-end=\"832\" \/>\ud83c\udf10 <a class=\"\" href=\"https:\/\/nextproptrader.com\/\" target=\"_new\" rel=\"noopener\" data-start=\"835\" data-end=\"869\">https:\/\/nextproptrader.com\/<\/a><\/p>\n<hr data-start=\"873\" data-end=\"876\" \/>\n<h3 data-start=\"878\" data-end=\"916\">\ud83d\udd35 <strong data-start=\"885\" data-end=\"914\">3. die ATAS-Handelsplattform<\/strong><\/h3>\n<p data-start=\"917\" data-end=\"1163\"><strong data-start=\"917\" data-end=\"935\">Rabatt-Link:<\/strong><br data-start=\"935\" data-end=\"938\" \/>\ud83d\udc49 <a class=\"\" href=\"https:\/\/atas.net\/de\/?rs=partners_oft149502\" target=\"_new\" rel=\"noopener\" data-start=\"941\" data-end=\"1020\">ATAS %20\u2019ye varan indirimli kay\u0131t<\/a><br data-start=\"1020\" data-end=\"1023\" \/><strong data-start=\"1023\" data-end=\"1041\">Diskontsatz:<\/strong> Sie kann je nach dem von Ihnen bei der Anmeldung gew\u00e4hlten Paket variieren.<br data-start=\"1093\" data-end=\"1096\" \/><strong data-start=\"1096\" data-end=\"1108\">Vorteil<\/strong> Zugang zu allen Funktionen der Plattform zu einem Sonderpreis<\/p>\n<hr data-start=\"1314\" data-end=\"1317\" \/>\n<h3 data-start=\"1319\" data-end=\"1353\">\ud83d\udfe0 4<strong data-start=\"1326\" data-end=\"1351\">. Gewinnmitnahme Trader<\/strong><\/h3>\n<p data-start=\"1354\" data-end=\"1416\">\ud83d\udccc Prozess der Sonderrabattvereinbarung.<br data-start=\"1390\" data-end=\"1393\" \/><strong data-start=\"1393\" data-end=\"1414\">Demn\u00e4chst verf\u00fcgbar!<\/strong><\/p>\n<hr data-start=\"1418\" data-end=\"1421\" \/>\n<h2 data-start=\"1423\" data-end=\"1470\">\ud83c\udf81 <strong data-start=\"1429\" data-end=\"1470\">Diese M\u00f6glichkeiten sind nur f\u00fcr unsere Mitglieder!<\/strong><\/h2>\n<p data-start=\"1472\" data-end=\"1730\">\ud83d\udd10 Nur alle Erm\u00e4\u00dfigungen <strong data-start=\"1497\" data-end=\"1530\">Exklusiv f\u00fcr die TraderClub42-Gemeinschaft<\/strong> und ist nach au\u00dfen hin geschlossen.<br data-start=\"1556\" data-end=\"1559\" \/>\u26a0\ufe0f Bitte achten Sie bei der Anmeldung auf die korrekte Eingabe der Codes.<br data-start=\"1621\" data-end=\"1624\" \/>\ud83d\udcac Wenn du Probleme hast, kannst du uns \u00fcber Telegram oder Discord kontaktieren.<\/p>\n<hr data-start=\"1732\" data-end=\"1735\" \/>\n<p data-start=\"1737\" data-end=\"1857\">\ud83d\udca1 <strong data-start=\"1740\" data-end=\"1791\">Sie haben es in der Hand, dem Handel einen Schritt voraus zu sein.<\/strong><br data-start=\"1791\" data-end=\"1794\" \/>Mit TraderClub42 gewinnen Sie nicht nur Wissen, sondern auch Chancen.<\/p>\t\t\t\t\t\t\t\t<\/div>\n\t\t\t\t<\/div>\n\t\t\t\t<div class=\"elementor-element elementor-element-d77107c elementor-widget elementor-widget-html\" data-id=\"d77107c\" data-element_type=\"widget\" data-e-type=\"widget\" data-widget_type=\"html.default\">\n\t\t\t\t<div class=\"elementor-widget-container\">\n\t\t\t\t\t\r\n<div class=\"wp-block-buttons animated animated-fadeInUp is-content-justification-center is-layout-flex wp-container-core-buttons-is-layout-c60033d9 wp-block-buttons-is-layout-flex\" style=\"margin-top:40px;margin-bottom:0px\">\r\n<div class=\"wp-block-button is-style-fill\"><a class=\"wp-block-button__link has-text-align-left wp-element-button\" href=\"#\">Mitglied werden<\/a><\/div>\r\n<\/div>\r\n\t\t\t\t<\/div>\n\t\t\t\t<\/div>\n\t\t\t\t<\/div>\n\t\t\t\t<\/div>","protected":false},"excerpt":{"rendered":"<p>\ud83d\udc8e TraderClub42 \u00dcyelerine \u00d6zel \u0130ndirimler TraderClub42 olarak, yaln\u0131zca e\u011fitim ve mentorlukla de\u011fil, ayn\u0131 zamanda ticaret yolculu\u011funuzda maliyet avantaj\u0131 sa\u011flayacak f\u0131rsatlarla da yan\u0131n\u0131zday\u0131z. A\u015fa\u011f\u0131da yer alan i\u015f ortaklar\u0131m\u0131z \u00fczerinden, \u00fcyelerimize \u00f6zel sunulan indirim kodlar\u0131n\u0131 kullanarak avantajl\u0131 bir ba\u015flang\u0131\u00e7 yapabilirsiniz. \ud83d\udfe2 1. APEX Trader Funding \u0130ndirim Kodu: UCPCCGYT\u0130ndirim Oran\u0131: %80\u2019e varan indirim\ud83d\udccc Not: Kodun ge\u00e7erlili\u011fi zamanla de\u011fi\u015febilir, [&hellip;]<\/p>\n","protected":false},"author":2,"featured_media":0,"parent":0,"menu_order":0,"comment_status":"closed","ping_status":"closed","template":"","meta":{"footnotes":""},"class_list":["post-109","page","type-page","status-publish","hentry"],"_links":{"self":[{"href":"https:\/\/www.traderclub42.info\/de\/wp-json\/wp\/v2\/pages\/109","targetHints":{"allow":["GET"]}}],"collection":[{"href":"https:\/\/www.traderclub42.info\/de\/wp-json\/wp\/v2\/pages"}],"about":[{"href":"https:\/\/www.traderclub42.info\/de\/wp-json\/wp\/v2\/types\/page"}],"author":[{"embeddable":true,"href":"https:\/\/www.traderclub42.info\/de\/wp-json\/wp\/v2\/users\/2"}],"replies":[{"embeddable":true,"href":"https:\/\/www.traderclub42.info\/de\/wp-json\/wp\/v2\/comments?post=109"}],"version-history":[{"count":8,"href":"https:\/\/www.traderclub42.info\/de\/wp-json\/wp\/v2\/pages\/109\/revisions"}],"predecessor-version":[{"id":716,"href":"https:\/\/www.traderclub42.info\/de\/wp-json\/wp\/v2\/pages\/109\/revisions\/716"}],"wp:attachment":[{"href":"https:\/\/www.traderclub42.info\/de\/wp-json\/wp\/v2\/media?parent=109"}],"curies":[{"name":"wp","href":"https:\/\/api.w.org\/{rel}","templated":true}]}}